{"id":6813,"date":"2012-06-06T05:00:00","date_gmt":"2012-06-06T05:00:00","guid":{"rendered":"http:\/\/www.fivecontinentseditions.com\/prodotto\/orphee-eurydice-2\/"},"modified":"2018-04-17T07:18:36","modified_gmt":"2018-04-17T07:18:36","slug":"orphee-eurydice-2","status":"publish","type":"product","link":"https:\/\/www.fivecontinentseditions.com\/fr\/p\/orphee-eurydice-2\/","title":{"rendered":"Orph\u00e9e &#038; Eurydice"},"content":{"rendered":"<p>Cet ouvrage repose sur des entretiens crois\u00e9s entre Fr\u00e9d\u00e9ric Flamand, directeur du Ballet National de Marseille depuis 2004, et ses partenaires invit\u00e9s \u00e0s\u2019exprimer autour de sa prochaine cr\u00e9ation de l\u2019op\u00e9ra <em>Orph\u00e9e &amp; Eurydice <\/em>de Gluck.<br \/>\nConnu pour son regard transversal sur les arts pour leur rapprochement, avec un dialogue constant entre pass\u00e9 et pr\u00e9sent et le d\u00e9cloisonnement entre la danse classique et contemporaine, Fr\u00e9d\u00e9ric Flamand entreprend l\u00e0son premier op\u00e9ra avec la complicit\u00e9 du plasticien flamand de notori\u00e9t\u00e9 internationale, Hans Op de Beeck. De leurs \u00e9changes sur cette cr\u00e9ation d\u2019<em>Orph\u00e9e &amp; Eurydice<\/em>, nous d\u00e9crypterons la place de la mythologie dans notre soci\u00e9t\u00e9 contemporaine, \u00e0 l\u2019appui des pr\u00e9c\u00e9dentes r\u00e9alisations de Fr\u00e9d\u00e9ric Flamand telles que <em>La chute d\u2019Icare<\/em>, <em>Le trouble de Narcisse <\/em>et les <em>M\u00e9tamorphoses <\/em>d\u2019Ovide d\u00e9j\u00e0ovationn\u00e9es sur les grandes sc\u00e8nes internationales. L\u2019\u0153uvre lyrique de Gluck sera pr\u00e9sent\u00e9e \u00e0 l\u2019Op\u00e9ra Royal du Ch\u00e2teau de Versailles qui fut inaugur\u00e9 en 1770 \u00e0 l\u2019occasion du mariage de Louis XVi avec Marie-Antoinette d\u2019Autriche. R\u00e9cemment restaur\u00e9, l\u2019esprit du lieu demeure tourn\u00e9 vers l\u2019excellence des arts de son temps et anime toujours ses programmations de choix. L\u2019ensemble de ces t\u00e9moignages permettra au lecteur d\u2019entrer dans le processus complexe d\u2019une cr\u00e9ation pour en savourer toute l\u2019amplitude artistique.<\/p>\n<p><strong>Fr\u00e9deric Flamand<\/strong>, directeur du Ballet National de Marseille depuis 2004.<br \/>\n<strong>Hans Op de Beeck<\/strong>, artiste, a d\u00e9velopp\u00e9 sa carri\u00e8re \u00e0travers des expositions internationales au cours des dix derni\u00e8res ann\u00e9es. Son travail est compos\u00e9 de sculptures, installations, travaux vid\u00e9o, photographies, films d\u2019animation, dessins, peintures et l\u2019\u00e9criture.<br \/>\n<strong>Laurent Brunner<\/strong>, directeur du Ch\u00e2teau de Versailles-spectacles.<br \/>\n<strong>Catherine P\u00e9gard<\/strong>, Pr\u00e9sidente du Domaine du Ch\u00e2teau de Versailles.<\/p>\n","protected":false},"excerpt":{"rendered":"<p>Cet ouvrage repose sur des entretiens crois\u00e9s entre Fr\u00e9d\u00e9ric Flamand, directeur du Ballet National de Marseille depuis 2004, et ses partenaires invit\u00e9s \u00e0s\u2019exprimer autour de sa prochaine cr\u00e9ation de l\u2019op\u00e9ra Orph\u00e9e &amp; Eurydice de Gluck. Connu pour son regard transversal sur les arts pour leur rapprochement, avec un dialogue constant entre pass\u00e9 et pr\u00e9sent et&hellip;<\/p>\n","protected":false},"featured_media":6790,"template":"","meta":{"_acf_changed":false,"inline_featured_image":false},"product_brand":[],"product_cat":[73],"product_tag":[],"class_list":{"0":"post-6813","1":"product","2":"type-product","3":"status-publish","4":"has-post-thumbnail","6":"product_cat-photographie","7":"disponibilita-si","8":"description-off","10":"first","11":"instock","12":"shipping-taxable","13":"purchasable","14":"product-type-simple"},"acf":[],"_links":{"self":[{"href":"https:\/\/www.fivecontinentseditions.com\/fr\/wp-json\/wp\/v2\/product\/6813","targetHints":{"allow":["GET"]}}],"collection":[{"href":"https:\/\/www.fivecontinentseditions.com\/fr\/wp-json\/wp\/v2\/product"}],"about":[{"href":"https:\/\/www.fivecontinentseditions.com\/fr\/wp-json\/wp\/v2\/types\/product"}],"wp:featuredmedia":[{"embeddable":true,"href":"https:\/\/www.fivecontinentseditions.com\/fr\/wp-json\/wp\/v2\/media\/6790"}],"wp:attachment":[{"href":"https:\/\/www.fivecontinentseditions.com\/fr\/wp-json\/wp\/v2\/media?parent=6813"}],"wp:term":[{"taxonomy":"product_brand","embeddable":true,"href":"https:\/\/www.fivecontinentseditions.com\/fr\/wp-json\/wp\/v2\/product_brand?post=6813"},{"taxonomy":"product_cat","embeddable":true,"href":"https:\/\/www.fivecontinentseditions.com\/fr\/wp-json\/wp\/v2\/product_cat?post=6813"},{"taxonomy":"product_tag","embeddable":true,"href":"https:\/\/www.fivecontinentseditions.com\/fr\/wp-json\/wp\/v2\/product_tag?post=6813"}],"curies":[{"name":"wp","href":"https:\/\/api.w.org\/{rel}","templated":true}]}}