{"id":6750,"date":"2010-09-01T05:00:00","date_gmt":"2010-09-01T05:00:00","guid":{"rendered":"http:\/\/www.fivecontinentseditions.com\/prodotto\/powerful-headdresses-2\/"},"modified":"2021-09-09T12:37:50","modified_gmt":"2021-09-09T12:37:50","slug":"powerful-headdresses-2","status":"publish","type":"product","link":"https:\/\/www.fivecontinentseditions.com\/fr\/p\/powerful-headdresses-2\/","title":{"rendered":"Powerful Headdresses"},"content":{"rendered":"<p><strong>Les quelque cent vingt coiffures de la collection Ira Brind pr\u00e9sent\u00e9es dans <em>Powerful Headdresses. Africa | Asia <\/em>nous conduisent jusque dans les terres les plus recul\u00e9es de ces deux continents.<\/strong><\/p>\n<p>La nature environnante s\u2019est montr\u00e9e g\u00e9n\u00e9reuse envers les artisans qui, gr\u00e2ce \u00e0leur g\u00e9nie cr\u00e9ateur et leur savoir-faire, en ont merveilleusement exploit\u00e9 les ressources. Fibres, graines, feuillages et fleurs sont emprunt\u00e9s au monde v\u00e9g\u00e9tal tandis que plumes chatoyantes, coquillages immacul\u00e9s ou iridescents, dents et fourrures le sont au r\u00e8gne animal; fer, cuivre, argent et or ont aussi largement contribu\u00e9 \u00e0conf\u00e9rer leur force ou leur \u00e9clat aux parures de t\u00eate. Ces derni\u00e8res se d\u00e9clinent sous forme de chapeaux, bonnets, coiffes, couronnes et bandeaux. Des si\u00e8cles durant, les grandes voies commerciales et de p\u00e8lerinage ont facilit\u00e9 l\u2019acquisition de mat\u00e9riaux rares et de produits manufactur\u00e9s ainsi que la diffusion de techniques de fabrication nouvelles.<br \/>\nAdolescents initi\u00e9s et adultes, chasseurs et guerriers, dignitaires religieux et gu\u00e9risseurs, souverains et notables; filles nubiles, femmes mari\u00e9es et jeunes m\u00e8res arborent des parures de t\u00eate distinctes. L\u2019auteur en fait d\u00e9couvrir la richesse symbolique au lecteur.<\/p>\n<p><strong>Anne van Cutsem-Vanderstraete<\/strong>, historienne de l\u2019art, est l\u2019auteur de diff\u00e9rentes contributions et publications se rapportant au para\u00eetre dans le monde ethnique, chez 5 Continents elle a publi\u00e9 <em>Costumes et textiles d\u2019Afrique<\/em>.<br \/>\n<strong>Mauro Magliani<\/strong>, photographe d\u2019art renomm\u00e9 au niveau international, il travaille pour nombreux mus\u00e9es et collectioneurs internationaux.<\/p>\n","protected":false},"excerpt":{"rendered":"<p>Les quelque cent vingt coiffures de la collection Ira Brind pr\u00e9sent\u00e9es dans Powerful Headdresses. Africa | Asia nous conduisent jusque dans les terres les plus recul\u00e9es de ces deux continents. La nature environnante s\u2019est montr\u00e9e g\u00e9n\u00e9reuse envers les artisans qui, gr\u00e2ce \u00e0leur g\u00e9nie cr\u00e9ateur et leur savoir-faire, en ont merveilleusement exploit\u00e9 les ressources. Fibres, graines,&hellip;<\/p>\n","protected":false},"featured_media":6727,"template":"","meta":{"_acf_changed":false,"inline_featured_image":false},"product_brand":[],"product_cat":[54],"product_tag":[],"class_list":{"0":"post-6750","1":"product","2":"type-product","3":"status-publish","4":"has-post-thumbnail","6":"product_cat-art-africain","7":"disponibilita-si","8":"description-off","10":"first","11":"instock","12":"shipping-taxable","13":"purchasable","14":"product-type-simple"},"acf":[],"_links":{"self":[{"href":"https:\/\/www.fivecontinentseditions.com\/fr\/wp-json\/wp\/v2\/product\/6750","targetHints":{"allow":["GET"]}}],"collection":[{"href":"https:\/\/www.fivecontinentseditions.com\/fr\/wp-json\/wp\/v2\/product"}],"about":[{"href":"https:\/\/www.fivecontinentseditions.com\/fr\/wp-json\/wp\/v2\/types\/product"}],"wp:featuredmedia":[{"embeddable":true,"href":"https:\/\/www.fivecontinentseditions.com\/fr\/wp-json\/wp\/v2\/media\/6727"}],"wp:attachment":[{"href":"https:\/\/www.fivecontinentseditions.com\/fr\/wp-json\/wp\/v2\/media?parent=6750"}],"wp:term":[{"taxonomy":"product_brand","embeddable":true,"href":"https:\/\/www.fivecontinentseditions.com\/fr\/wp-json\/wp\/v2\/product_brand?post=6750"},{"taxonomy":"product_cat","embeddable":true,"href":"https:\/\/www.fivecontinentseditions.com\/fr\/wp-json\/wp\/v2\/product_cat?post=6750"},{"taxonomy":"product_tag","embeddable":true,"href":"https:\/\/www.fivecontinentseditions.com\/fr\/wp-json\/wp\/v2\/product_tag?post=6750"}],"curies":[{"name":"wp","href":"https:\/\/api.w.org\/{rel}","templated":true}]}}