{"id":6687,"date":"2010-09-01T05:00:00","date_gmt":"2010-09-01T05:00:00","guid":{"rendered":"http:\/\/www.fivecontinentseditions.com\/prodotto\/charlotte-perriand-and-photography-2\/"},"modified":"2018-10-18T11:59:45","modified_gmt":"2018-10-18T11:59:45","slug":"charlotte-perriand-and-photography-2","status":"publish","type":"product","link":"https:\/\/www.fivecontinentseditions.com\/fr\/p\/charlotte-perriand-and-photography-2\/","title":{"rendered":"Charlotte Perriand and photography"},"content":{"rendered":"<p><strong>Charlotte Perriand est l\u2019une des cr\u00e9atrices incontournables du XXe si\u00e8cle. Pionni\u00e8re de la modernit\u00e9, elle a cr\u00e9\u00e9 un ensemble de chefs-d\u2019\u0153uvre du design qui sont c\u00e9l\u00e8bres dans le monde entier.<\/strong><\/p>\n<p>Au cours des ann\u00e9es 1930, parall\u00e8lement \u00e0ses activit\u00e9s d\u2019architecte, de designer, d\u2019urbaniste et de militante, la photographie occupe une place importante dans sa cr\u00e9ation. L\u2019aventure photographique d\u00e9bute en 1927 et se cl\u00f4t au Japon en 1940. Se d\u00e9ployant tout au long de la p\u00e9riode pionni\u00e8re, quand se d\u00e9veloppe la modernit\u00e9, elle s\u2019\u00e9teint sur l\u2019espoir d\u2019un monde meilleur an\u00e9anti par la seconde guerre mondiale. La photographie est pour Charlotte Perriand le \u00ablaboratoire secret\u00bb de ses recherches plastiques et philosophiques: c\u2019est une \u00abmachine\u00bb \u00e0penser. Son \u0153uvre photographique, qui exprime les principaux th\u00e8mes et les interrogations des modernes des ann\u00e9es 1930, s\u2019inscrit dans le vaste mouvement des avant-gardes o\u00f9 peintres, architectes et photographes, parfois confondus, travaillent c\u00f4te \u00e0c\u00f4te dans une communaut\u00e9 d\u2019esprit, o\u00f9 chaque expression s\u2019enrichit du regard de l\u2019autre.<\/p>\n<p><strong>Jacques Barsac<\/strong>, apr\u00e8s une carri\u00e8re de r\u00e9alisateur de documentaires sur l\u2019art et sur l\u2019histoire, films qui ont obtenu de nombreux prix dans des festivals internationaux (<em>Charlotte Perriand, Le Corbusier, Jean Cocteau, Le Roman du visage, Winston Churchill&#8230;<\/em>), consacre son activit\u00e9 depuis 2001 \u00e0 la recherche et \u00e0l\u2019\u00e9tude de l\u2019\u0153uvre de Charlotte Perriand. Parmi ses publications: <em>Charlotte Perriand, un art d\u2019habiter <\/em>(Paris, 2005) et <em>Charlotte Perriand et le Japon <\/em>(Paris, 2008).<br \/>\n<strong>Alfred Pacquement<\/strong> est directeur du mus\u00e9e national d\u2019Art moderne \u2013 Centre de cr\u00e9ation industrielle, Centre national d\u2019art et de culture Georges Pompidou.<br \/>\n<strong>Fran\u00e7ois Cheval<\/strong> est conservateur en chef au mus\u00e9e Nic\u00e9phore Ni\u00e9pce de Chalon-sur-Sa\u00f4ne.<\/p>\n","protected":false},"excerpt":{"rendered":"<p>Charlotte Perriand est l\u2019une des cr\u00e9atrices incontournables du XXe si\u00e8cle. Pionni\u00e8re de la modernit\u00e9, elle a cr\u00e9\u00e9 un ensemble de chefs-d\u2019\u0153uvre du design qui sont c\u00e9l\u00e8bres dans le monde entier. Au cours des ann\u00e9es 1930, parall\u00e8lement \u00e0ses activit\u00e9s d\u2019architecte, de designer, d\u2019urbaniste et de militante, la photographie occupe une place importante dans sa cr\u00e9ation. L\u2019aventure&hellip;<\/p>\n","protected":false},"featured_media":6664,"template":"","meta":{"_acf_changed":false,"inline_featured_image":false},"product_brand":[],"product_cat":[73],"product_tag":[],"class_list":{"0":"post-6687","1":"product","2":"type-product","3":"status-publish","4":"has-post-thumbnail","6":"product_cat-photographie","7":"disponibilita-si","8":"description-off","10":"first","11":"instock","12":"shipping-taxable","13":"purchasable","14":"product-type-simple"},"acf":[],"_links":{"self":[{"href":"https:\/\/www.fivecontinentseditions.com\/fr\/wp-json\/wp\/v2\/product\/6687","targetHints":{"allow":["GET"]}}],"collection":[{"href":"https:\/\/www.fivecontinentseditions.com\/fr\/wp-json\/wp\/v2\/product"}],"about":[{"href":"https:\/\/www.fivecontinentseditions.com\/fr\/wp-json\/wp\/v2\/types\/product"}],"wp:featuredmedia":[{"embeddable":true,"href":"https:\/\/www.fivecontinentseditions.com\/fr\/wp-json\/wp\/v2\/media\/6664"}],"wp:attachment":[{"href":"https:\/\/www.fivecontinentseditions.com\/fr\/wp-json\/wp\/v2\/media?parent=6687"}],"wp:term":[{"taxonomy":"product_brand","embeddable":true,"href":"https:\/\/www.fivecontinentseditions.com\/fr\/wp-json\/wp\/v2\/product_brand?post=6687"},{"taxonomy":"product_cat","embeddable":true,"href":"https:\/\/www.fivecontinentseditions.com\/fr\/wp-json\/wp\/v2\/product_cat?post=6687"},{"taxonomy":"product_tag","embeddable":true,"href":"https:\/\/www.fivecontinentseditions.com\/fr\/wp-json\/wp\/v2\/product_tag?post=6687"}],"curies":[{"name":"wp","href":"https:\/\/api.w.org\/{rel}","templated":true}]}}