{"id":6660,"date":"2012-09-01T05:00:00","date_gmt":"2012-09-01T05:00:00","guid":{"rendered":"http:\/\/www.fivecontinentseditions.com\/prodotto\/artists-of-nigeria-2\/"},"modified":"2017-12-21T18:03:31","modified_gmt":"2017-12-21T18:03:31","slug":"artists-of-nigeria-2","status":"publish","type":"product","link":"https:\/\/www.fivecontinentseditions.com\/fr\/p\/artists-of-nigeria-2\/","title":{"rendered":"Artists of Nigeria"},"content":{"rendered":"<p>Cet ouvrage propose une vue d&rsquo;ensemble approfondie de l&rsquo;art moderne et contemporain nig\u00e9rian de 1900 \u00e0nos jours, \u00e0travers les &oelig;uvres de plus d&rsquo;une centaine d&rsquo;artistes.<em>Artists of Nigeria <\/em>analyse l&rsquo;influence des diff\u00e9rents syst\u00e8mes artistiques (mus\u00e9es, institutions culturelles, salons artistiques, galeries, internet) et des diff\u00e9rentes cultures sur l&rsquo;\u00e9volution de l&rsquo;art moderne et contemporain nig\u00e9rian depuis une centaine d&rsquo;ann\u00e9es. R\u00e9unissant des chronologies, des notes biographiques et une magnifique iconographie en couleur, ce livre retrace le d\u00e9veloppement de l&rsquo;art moderne au Nigeria et analyse les &oelig;uvres des grands artistes et mouvements artistiques nig\u00e9rians dans le pays et en dehors. Il pr\u00e9sente un panorama de la vari\u00e9t\u00e9 et de la vitalit\u00e9 des artistes du Nigeria, et il leur donne une visibilit\u00e9 qui leur est souvent refus\u00e9e dans les publications traitant des arts au niveau mondial. La plupart d&rsquo;entre eux ont \u00e9tudi\u00e9 en Europe ou en Am\u00e9rique : c&rsquo;est le cas de Benedict Enwonwu, dipl\u00f4m\u00e9 de l&rsquo;Ashmolean College and Slade School of Fine Arts \u00e0Oxford, ou de Chike Aniakor, titulaire d&rsquo;un doctorat d&rsquo;histoire de l&rsquo;art de l&rsquo;Universit\u00e9 de l&rsquo;Indiana. D&rsquo;autres exposent dans des mus\u00e9es et des galeries, comme Uche Okeke (\u00e0 la Sherman Gallery de l&rsquo;Universit\u00e9 de Boston) ou Sunday Jack Akpan (au Mus\u00e9e d&rsquo;art contemporain de Lyon, en France). Le plus important est Olowere: ses &oelig;uvres tr\u00e8s originales sont expos\u00e9es au British Museum \u00e0Londres, au Detroit Institute of Arts et \u00e0 la Smithsonian Institution \u00e0Washington.<\/p>\n<p><strong>Onyema Offoedu-Okeke<\/strong> est un artiste et un historien de l&rsquo;art qui s&rsquo;int\u00e9resse \u00e0l&rsquo;art contemporain de l&rsquo;Afrique en g\u00e9n\u00e9ral et du Nigeria en particulier. Il a contribu\u00e9 \u00e0 plusieurs catalogues et pris part \u00e0des expositions d&rsquo;art, et notamment <em>Africa Passage: Six Artists from Nigeria <\/em>dont il a \u00e9t\u00e9 le commissaire pour l&rsquo;Air Gallery \u00e0Londres en 2003. Il a repr\u00e9sent\u00e9 le Nigeria \u00e0Artiade &ndash; Olympiade des beaux-arts \u00e0l&rsquo;occasion des Jeux olympiques d&rsquo;Ath\u00e8nes en 2004, et \u00e0l&rsquo;exposition d&rsquo;art (sponsoris\u00e9e par Winsor &amp; Newton) qui, sous le titre <em>Our World in the Year 2000<\/em>, a tourn\u00e9 au si\u00e8ge des Nations Unies \u00e0New York, au World Trade Centre \u00e0Stockholm et aux Mall Galleries \u00e0Londres.<\/p>\n","protected":false},"excerpt":{"rendered":"<p>Cet ouvrage propose une vue d&rsquo;ensemble approfondie de l&rsquo;art moderne et contemporain nig\u00e9rian de 1900 \u00e0nos jours, \u00e0travers les &oelig;uvres de plus d&rsquo;une centaine d&rsquo;artistes.Artists of Nigeria analyse l&rsquo;influence des diff\u00e9rents syst\u00e8mes artistiques (mus\u00e9es, institutions culturelles, salons artistiques, galeries, internet) et des diff\u00e9rentes cultures sur l&rsquo;\u00e9volution de l&rsquo;art moderne et contemporain nig\u00e9rian depuis une centaine&hellip;<\/p>\n","protected":false},"featured_media":6637,"template":"","meta":{"_acf_changed":false,"inline_featured_image":false},"product_brand":[],"product_cat":[54,57,68],"product_tag":[],"class_list":{"0":"post-6660","1":"product","2":"type-product","3":"status-publish","4":"has-post-thumbnail","6":"product_cat-art-africain","7":"product_cat-art-contemporain","8":"product_cat-art-moderne","9":"disponibilita-si","10":"description-off","12":"first","13":"instock","14":"shipping-taxable","15":"purchasable","16":"product-type-simple"},"acf":[],"_links":{"self":[{"href":"https:\/\/www.fivecontinentseditions.com\/fr\/wp-json\/wp\/v2\/product\/6660","targetHints":{"allow":["GET"]}}],"collection":[{"href":"https:\/\/www.fivecontinentseditions.com\/fr\/wp-json\/wp\/v2\/product"}],"about":[{"href":"https:\/\/www.fivecontinentseditions.com\/fr\/wp-json\/wp\/v2\/types\/product"}],"wp:featuredmedia":[{"embeddable":true,"href":"https:\/\/www.fivecontinentseditions.com\/fr\/wp-json\/wp\/v2\/media\/6637"}],"wp:attachment":[{"href":"https:\/\/www.fivecontinentseditions.com\/fr\/wp-json\/wp\/v2\/media?parent=6660"}],"wp:term":[{"taxonomy":"product_brand","embeddable":true,"href":"https:\/\/www.fivecontinentseditions.com\/fr\/wp-json\/wp\/v2\/product_brand?post=6660"},{"taxonomy":"product_cat","embeddable":true,"href":"https:\/\/www.fivecontinentseditions.com\/fr\/wp-json\/wp\/v2\/product_cat?post=6660"},{"taxonomy":"product_tag","embeddable":true,"href":"https:\/\/www.fivecontinentseditions.com\/fr\/wp-json\/wp\/v2\/product_tag?post=6660"}],"curies":[{"name":"wp","href":"https:\/\/api.w.org\/{rel}","templated":true}]}}