{"id":6537,"date":"2010-04-01T05:00:00","date_gmt":"2010-04-01T05:00:00","guid":{"rendered":"http:\/\/www.fivecontinentseditions.com\/prodotto\/british-design-2\/"},"modified":"2018-04-17T07:40:28","modified_gmt":"2018-04-17T07:40:28","slug":"british-design-2","status":"publish","type":"product","link":"https:\/\/www.fivecontinentseditions.com\/fr\/p\/british-design-2\/","title":{"rendered":"British Design"},"content":{"rendered":"<p><strong>Histoire du design britannique \u00e0travers des \u0153uvres de la collection du Museum of Modern Art de NewYork.<\/strong><\/p>\n<p>Berceau de la r\u00e9volution industrielle, la Grande-Bretagne est l\u2019\u00e9picentre du d\u00e9veloppement du design industriel moderne. Ce livre quatri\u00e8me volume de la s\u00e9rie <em>MoMA Design <\/em>qui pr\u00e9sente les \u0153uvres de la collection du mus\u00e9e scrute cet h\u00e9ritage en s\u2019int\u00e9ressant au d\u00e9veloppement du design britannique du XVIIIe si\u00e8cle au Millenium Dome et au-del\u00e0\u00a0. Sur une p\u00e9riode de plus de deux cents ans, cette publication \u00e9voque le mouvement <em>Arts and Crafts<\/em>, les avions de la seconde guerre mondiale comme le <em>Spitfire <\/em>et le <em>Hurricane<\/em>, la voiture <em>Mini <\/em>et l\u2019aspirateur <em>Dyson<\/em>, l\u2019explosion culturelle de la <em>Cool Britannia <\/em>\u00e0 la fin des ann\u00e9es 1990 et l\u2019approche de la technologie num\u00e9rique par les designers britanniques qui influence l\u2019industrie du divertissement et la communication du d\u00e9but du XIXe si\u00e8cle.<br \/>\nUne introduction de Paola Antonelli, conservatrice en chef pour l\u2019architecture et le design au MoMA, propose une vue d\u2019ensemble de la culture du design en Grande-Bretagne. Un essai et un tableau chronologique de Hugh Aldersey-Williams, conservateur, \u00e9clairent les chefs-d\u2019\u0153uvre du design britannique moderne superbement reproduits au sein de cet ouvrage.<\/p>\n<p><strong>Hugh Aldersey-Williams<\/strong>, critique de design et conservateur, explore dans son travail la science, le design, l\u2019architecture, l\u2019identit\u00e9 nationale et d\u2019autres th\u00e8mes encore. Il a \u00e9t\u00e9 critique de design au <em>New Statesman <\/em>pendant cinq ans et est l\u2019auteur de <em>The Most Beautiful Molecule <\/em>et <em>World Design<\/em>.<br \/>\n<strong>Paola Antonelli<\/strong>, en 1994 elle devient conservatrice en chef du d\u00e9partement d\u2019architecture et de design au Museum of Modern Art.<\/p>\n","protected":false},"excerpt":{"rendered":"<p>Histoire du design britannique \u00e0travers des \u0153uvres de la collection du Museum of Modern Art de NewYork. Berceau de la r\u00e9volution industrielle, la Grande-Bretagne est l\u2019\u00e9picentre du d\u00e9veloppement du design industriel moderne. Ce livre quatri\u00e8me volume de la s\u00e9rie MoMA Design qui pr\u00e9sente les \u0153uvres de la collection du mus\u00e9e scrute cet h\u00e9ritage en s\u2019int\u00e9ressant&hellip;<\/p>\n","protected":false},"featured_media":6514,"template":"","meta":{"_acf_changed":false,"inline_featured_image":false},"product_brand":[],"product_cat":[75],"product_tag":[],"class_list":{"0":"post-6537","1":"product","2":"type-product","3":"status-publish","4":"has-post-thumbnail","6":"product_cat-mode-et-design","7":"collana-moma-design-series-fr","8":"disponibilita-si","9":"description-off","11":"first","12":"instock","13":"shipping-taxable","14":"purchasable","15":"product-type-simple"},"acf":[],"_links":{"self":[{"href":"https:\/\/www.fivecontinentseditions.com\/fr\/wp-json\/wp\/v2\/product\/6537","targetHints":{"allow":["GET"]}}],"collection":[{"href":"https:\/\/www.fivecontinentseditions.com\/fr\/wp-json\/wp\/v2\/product"}],"about":[{"href":"https:\/\/www.fivecontinentseditions.com\/fr\/wp-json\/wp\/v2\/types\/product"}],"wp:featuredmedia":[{"embeddable":true,"href":"https:\/\/www.fivecontinentseditions.com\/fr\/wp-json\/wp\/v2\/media\/6514"}],"wp:attachment":[{"href":"https:\/\/www.fivecontinentseditions.com\/fr\/wp-json\/wp\/v2\/media?parent=6537"}],"wp:term":[{"taxonomy":"product_brand","embeddable":true,"href":"https:\/\/www.fivecontinentseditions.com\/fr\/wp-json\/wp\/v2\/product_brand?post=6537"},{"taxonomy":"product_cat","embeddable":true,"href":"https:\/\/www.fivecontinentseditions.com\/fr\/wp-json\/wp\/v2\/product_cat?post=6537"},{"taxonomy":"product_tag","embeddable":true,"href":"https:\/\/www.fivecontinentseditions.com\/fr\/wp-json\/wp\/v2\/product_tag?post=6537"}],"curies":[{"name":"wp","href":"https:\/\/api.w.org\/{rel}","templated":true}]}}