{"id":6417,"date":"2009-07-30T05:00:00","date_gmt":"2009-07-30T05:00:00","guid":{"rendered":"http:\/\/www.fivecontinentseditions.com\/prodotto\/slash-paper-under-the-knife-2\/"},"modified":"2018-04-17T07:51:17","modified_gmt":"2018-04-17T07:51:17","slug":"slash-paper-under-the-knife-2","status":"publish","type":"product","link":"https:\/\/www.fivecontinentseditions.com\/fr\/p\/slash-paper-under-the-knife-2\/","title":{"rendered":"Slash: Paper under the Knife"},"content":{"rendered":"<p><strong>Vue d\u2019ensemble sur les artistes contemporains qui utilisent le papier d\u00e9coup\u00e9 \u2014 des d\u00e9coupages les plus minutieux aux \u0153uvres monumentales de l\u2019architecture ou de la sculpture \u2014 comme une forme d\u2019art.<\/strong><\/p>\n<p>Publi\u00e9 en association avec le Museum of Arts &amp; Design de NewYork, ce catalogue accompagne la troisi\u00e8me exposition de la s\u00e9rie \u201cmat\u00e9riaux et processus\u201d qui s\u2019int\u00e9resse \u00e0 la renaissance de l\u2019utilisation de mat\u00e9riaux et de techniques traditionnels dans l\u2019art et le design contemporains.<br \/>\n<em>Slash <\/em>prend en quelque sorte le pouls d\u2019une technique et d\u2019un mat\u00e9riau traditionnels qui ont atteint au cours des derni\u00e8res ann\u00e9es un statut important au plan international. Outre les papiers d\u00e9coup\u00e9s aux ciseaux et au couteau auxquels nous sommes accoutum\u00e9s, le catalogue pr\u00e9sente des \u0153uvres br\u00fbl\u00e9es, d\u00e9chir\u00e9es, coup\u00e9es au laser ou d\u00e9coup\u00e9es en lambeaux, et inclut un chapitre sur les artistes qui modifient les livres pour en faire des sculptures. On y d\u00e9couvre aussi les m\u00e9thodes d\u2019animation fond\u00e9es sur le d\u00e9coupage, de m\u00eame que la place du papier d\u00e9coup\u00e9 dans le domaine de la photographie et de la mode. Les essais analysent le renouveau d\u2019int\u00e9r\u00eat qui se manifeste, au plan international, envers le papier d\u00e9coup\u00e9 consid\u00e9r\u00e9 comme une forme d\u2019art, et passe en revue l\u2019\u0153uvre de 45 artistes c\u00e9l\u00e8bres, ou en voie de l\u2019\u00eatre, originaires des cinq continents.<\/p>\n<p><strong>David Revere McFadden<\/strong> est conservateur en chef et vice-pr\u00e9sident des Programmes et des Collections au MAD (Museum of Arts &amp; Design) de New York.<\/p>\n","protected":false},"excerpt":{"rendered":"<p>Vue d\u2019ensemble sur les artistes contemporains qui utilisent le papier d\u00e9coup\u00e9 \u2014 des d\u00e9coupages les plus minutieux aux \u0153uvres monumentales de l\u2019architecture ou de la sculpture \u2014 comme une forme d\u2019art. Publi\u00e9 en association avec le Museum of Arts &amp; Design de NewYork, ce catalogue accompagne la troisi\u00e8me exposition de la s\u00e9rie \u201cmat\u00e9riaux et processus\u201d&hellip;<\/p>\n","protected":false},"featured_media":6397,"template":"","meta":{"_acf_changed":false,"inline_featured_image":false},"product_brand":[],"product_cat":[57],"product_tag":[],"class_list":{"0":"post-6417","1":"product","2":"type-product","3":"status-publish","4":"has-post-thumbnail","6":"product_cat-art-contemporain","7":"disponibilita-si","8":"description-off","10":"first","11":"instock","12":"shipping-taxable","13":"purchasable","14":"product-type-simple"},"acf":[],"_links":{"self":[{"href":"https:\/\/www.fivecontinentseditions.com\/fr\/wp-json\/wp\/v2\/product\/6417","targetHints":{"allow":["GET"]}}],"collection":[{"href":"https:\/\/www.fivecontinentseditions.com\/fr\/wp-json\/wp\/v2\/product"}],"about":[{"href":"https:\/\/www.fivecontinentseditions.com\/fr\/wp-json\/wp\/v2\/types\/product"}],"wp:featuredmedia":[{"embeddable":true,"href":"https:\/\/www.fivecontinentseditions.com\/fr\/wp-json\/wp\/v2\/media\/6397"}],"wp:attachment":[{"href":"https:\/\/www.fivecontinentseditions.com\/fr\/wp-json\/wp\/v2\/media?parent=6417"}],"wp:term":[{"taxonomy":"product_brand","embeddable":true,"href":"https:\/\/www.fivecontinentseditions.com\/fr\/wp-json\/wp\/v2\/product_brand?post=6417"},{"taxonomy":"product_cat","embeddable":true,"href":"https:\/\/www.fivecontinentseditions.com\/fr\/wp-json\/wp\/v2\/product_cat?post=6417"},{"taxonomy":"product_tag","embeddable":true,"href":"https:\/\/www.fivecontinentseditions.com\/fr\/wp-json\/wp\/v2\/product_tag?post=6417"}],"curies":[{"name":"wp","href":"https:\/\/api.w.org\/{rel}","templated":true}]}}