{"id":6369,"date":"2009-08-01T05:00:00","date_gmt":"2009-08-01T05:00:00","guid":{"rendered":"http:\/\/www.fivecontinentseditions.com\/prodotto\/croci-e-crocifissi-crosses-and-crucifixes-2\/"},"modified":"2018-04-17T07:53:47","modified_gmt":"2018-04-17T07:53:47","slug":"croci-e-crocifissi-crosses-and-crucifixes-2","status":"publish","type":"product","link":"https:\/\/www.fivecontinentseditions.com\/fr\/p\/croci-e-crocifissi-crosses-and-crucifixes-2\/","title":{"rendered":"Croci e crocifissi | Crosses and Crucifixes"},"content":{"rendered":"<p><strong>Panorama, sur 12 si\u00e8cles, des repr\u00e9sentations rares et in\u00e9dites de l\u2019un des symboles les plus importants de l\u2019imagerie chr\u00e9tienne dans l\u2019art sacr\u00e9.<\/strong><\/p>\n<p>La croix et le crucifix sont les symboles majeurs de la chr\u00e9tient\u00e9. Cet ouvrage sans pr\u00e9c\u00e9dent nous donne \u00e0voir une collection richement illustr\u00e9e de ces tr\u00e9sors de l\u2019art sacr\u00e9, dont la plupart sont publi\u00e9es pour la premi\u00e8re fois, et qui sont tous d\u2019un int\u00e9r\u00eat exceptionnel et d\u2019une extr\u00eame raret\u00e9. Les \u0153uvres r\u00e9unies dans ce volume, reproduites sur de superbes planches en couleurs avec une grande pr\u00e9cision dans le d\u00e9tail, sont le r\u00e9sultat d\u2019une qu\u00eate m\u00e9thodique et passionn\u00e9e, exclusivement centr\u00e9e sur la repr\u00e9sentation de J\u00e9sus-Christ et de l\u2019instrument de son martyre.<br \/>\nCette collection importante et tr\u00e8s vari\u00e9e recouvre douze si\u00e8cles, et inclut des croix aussi diverses dans leur destination (de reliquaire, d\u2019autel, \u00e0suspendre ou \u00e0poser, croix pectorale, de b\u00e9n\u00e9diction, d\u2019ornement ou de pri\u00e8re) que dans leur mati\u00e8re (argent, cuivre, bronze, fer, ivoire, os, marbre, pierre et bois). Elles sont argent\u00e9es ou dor\u00e9es \u00e0 l\u2019or fin, polychromes, ou encore d\u00e9cor\u00e9es d\u2019\u00e9maux, de gemmes et de perles. Ces \u0153uvres proviennent de diff\u00e9rentes cultures et de diff\u00e9rentes \u00e9coles artistiques: d\u2019Italie, d\u2019Espagne, des pays germanophones, de l\u2019empire byzantin et d\u2019Am\u00e9rique du Sud. Cet ouvrage de croix et de crucifix est un document remarquable et novateur sur un vaste sujet, trop longtemps n\u00e9glig\u00e9 dans l\u2019histoire de l\u2019art.<\/p>\n<p><strong>Oleg Zastrow<\/strong> a acquis une r\u00e9putation internationale pour ses \u00e9tudes sur l\u2019histoire de la culture de l\u2019eglise chr\u00e9tienne, vue sous l\u2019angle de ses lieux de culte et de ses \u0153uvres d\u2019art sacr\u00e9, consid\u00e9r\u00e9s sur un plan \u00e0 la fois artistique et historique. Pendant plus de quarante ans, cet historien d\u2019art a publi\u00e9 plus de deux cents ouvrages, dont au moins soixante volumes de grande envergure. Il importe aussi de rappeler son partenariat avec le Civiche raccolte d\u2019arte applicata del Castello Sforzesco, \u00e0Milan, mus\u00e9e pour lequel il a produit trente-cinq monographies et trois catalogues sur les bijoux en ivoire, en \u00e9mail et en or.<\/p>\n","protected":false},"excerpt":{"rendered":"<p>Panorama, sur 12 si\u00e8cles, des repr\u00e9sentations rares et in\u00e9dites de l\u2019un des symboles les plus importants de l\u2019imagerie chr\u00e9tienne dans l\u2019art sacr\u00e9. La croix et le crucifix sont les symboles majeurs de la chr\u00e9tient\u00e9. Cet ouvrage sans pr\u00e9c\u00e9dent nous donne \u00e0voir une collection richement illustr\u00e9e de ces tr\u00e9sors de l\u2019art sacr\u00e9, dont la plupart sont&hellip;<\/p>\n","protected":false},"featured_media":6346,"template":"","meta":{"_acf_changed":false,"inline_featured_image":false},"product_brand":[],"product_cat":[55],"product_tag":[],"class_list":{"0":"post-6369","1":"product","2":"type-product","3":"status-publish","4":"has-post-thumbnail","6":"product_cat-art-ancien","7":"disponibilita-no","8":"description-off","10":"first","11":"outofstock","12":"shipping-taxable","13":"purchasable","14":"product-type-simple"},"acf":[],"_links":{"self":[{"href":"https:\/\/www.fivecontinentseditions.com\/fr\/wp-json\/wp\/v2\/product\/6369","targetHints":{"allow":["GET"]}}],"collection":[{"href":"https:\/\/www.fivecontinentseditions.com\/fr\/wp-json\/wp\/v2\/product"}],"about":[{"href":"https:\/\/www.fivecontinentseditions.com\/fr\/wp-json\/wp\/v2\/types\/product"}],"wp:featuredmedia":[{"embeddable":true,"href":"https:\/\/www.fivecontinentseditions.com\/fr\/wp-json\/wp\/v2\/media\/6346"}],"wp:attachment":[{"href":"https:\/\/www.fivecontinentseditions.com\/fr\/wp-json\/wp\/v2\/media?parent=6369"}],"wp:term":[{"taxonomy":"product_brand","embeddable":true,"href":"https:\/\/www.fivecontinentseditions.com\/fr\/wp-json\/wp\/v2\/product_brand?post=6369"},{"taxonomy":"product_cat","embeddable":true,"href":"https:\/\/www.fivecontinentseditions.com\/fr\/wp-json\/wp\/v2\/product_cat?post=6369"},{"taxonomy":"product_tag","embeddable":true,"href":"https:\/\/www.fivecontinentseditions.com\/fr\/wp-json\/wp\/v2\/product_tag?post=6369"}],"curies":[{"name":"wp","href":"https:\/\/api.w.org\/{rel}","templated":true}]}}