{"id":6309,"date":"2013-11-14T05:00:00","date_gmt":"2013-11-14T05:00:00","guid":{"rendered":"http:\/\/www.fivecontinentseditions.com\/prodotto\/heros-antiques-2\/"},"modified":"2018-04-17T07:59:02","modified_gmt":"2018-04-17T07:59:02","slug":"heros-antiques-2","status":"publish","type":"product","link":"https:\/\/www.fivecontinentseditions.com\/fr\/p\/heros-antiques-2\/","title":{"rendered":"H\u00e9ros antiques"},"content":{"rendered":"<p>La tapisserie a longtemps repr\u00e9sent\u00e9 le summum du raffinement et du faste en termes de d\u00e9cor d\u2019int\u00e9rieur. Au-del\u00e0de la qualit\u00e9 des mat\u00e9riaux et du tissage qui donnait toute leur valeur \u00e0ces \u0153uvres, la s\u00e9lection op\u00e9r\u00e9e dans les collections du Mus\u00e9e d\u2019art et d\u2019histoire de Gen\u00e8ve et de la Fondation Toms Pauli de Lausanne montre que l\u2019utilisation et l\u2019interpr\u00e9tation des grandes figures de l\u2019Antiquit\u00e9, d\u2019Alexandre \u00e0Constantin, ne sont pas anodines \u00e0 l\u2019\u00e9poque baroque.<br \/>\nQue connaissait-on au XVIIe si\u00e8cle de ces h\u00e9ros antiques et de leur aspect ? Quel message v\u00e9hiculaient-ils ? Comment et pourquoi les mod\u00e8les suivis par les lissiers flamands, entre exactitude historique et allusions contemporaines, ont-ils \u00e9t\u00e9 cr\u00e9\u00e9s? Ces questions sont autant de d\u00e9fis. Les ont relev\u00e9s, avec les conservateurs des institutions mentionn\u00e9es, des historiens de l\u2019art, sp\u00e9cialistes de l\u2019\u00e9poque baroque et de la tapisserie, ainsi que des arch\u00e9ologues. Antiquit\u00e9s in\u00e9dites et moulages, estampes, livres et m\u00e9dailles permettront d\u2019acc\u00e9der au monde fascinant des grands mod\u00e8les de vertu politique et militaire que le si\u00e8cle de Louis XIV se cherchait dans les h\u00e9ros de l\u2019Antiquit\u00e9, apparemment en dehors des luttes religieuses qui avaient longtemps boulevers\u00e9 l\u2019Europe.<\/p>\n<p><strong>Lorenz Baumer<\/strong>, professeur d\u2019arch\u00e9ologie classique \u00e0 l\u2019Universit\u00e9 de Gen\u00e8ve.<br \/>\n<strong>Jan Blanc<\/strong>, professeur d\u2019histoire de l\u2019art de la p\u00e9riode moderne \u00e0 l\u2019Universit\u00e9 de Gen\u00e8ve.<br \/>\n<strong>Matteo Campagnolo<\/strong>, conservateur du Cabinet de numismatique du Mus\u00e9e d\u2019art et d\u2019histoire de Gen\u00e8ve et charg\u00e9 d\u2019enseignement \u00e0 l\u2019Universit\u00e9 de Gen\u00e8ve.<br \/>\n<strong>Giselle Eberhard-Cotton<\/strong>, directrice et conservatrice de la Fondation Toms Pauli \u00e0Lausanne.<br \/>\n<strong>Guy Delmarcel<\/strong>, professeur \u00e9m\u00e9rite en histoire de l\u2019art de l\u2019Universit\u00e9 catholique de Louvain et ancien conservateur responsable du D\u00e9partement tapisseries et textile aux Mus\u00e9es royaux d\u2019art et d\u2019histoire de Bruxelles.<br \/>\n<strong>Marielle Martiniani-Reber<\/strong>, historienne de l\u2019art, sp\u00e9cialiste des textiles byzantins, conservateur en chef, responsable des collections byzantines et post-byzantines du Mus\u00e9e d\u2019art et d\u2019histoire de Gen\u00e8ve.<\/p>\n","protected":false},"excerpt":{"rendered":"<p>La tapisserie a longtemps repr\u00e9sent\u00e9 le summum du raffinement et du faste en termes de d\u00e9cor d\u2019int\u00e9rieur. Au-del\u00e0de la qualit\u00e9 des mat\u00e9riaux et du tissage qui donnait toute leur valeur \u00e0ces \u0153uvres, la s\u00e9lection op\u00e9r\u00e9e dans les collections du Mus\u00e9e d\u2019art et d\u2019histoire de Gen\u00e8ve et de la Fondation Toms Pauli de Lausanne montre que&hellip;<\/p>\n","protected":false},"featured_media":6286,"template":"","meta":{"_acf_changed":false,"inline_featured_image":false},"product_brand":[],"product_cat":[47,70],"product_tag":[],"class_list":{"0":"post-6309","1":"product","2":"type-product","3":"status-publish","4":"has-post-thumbnail","6":"product_cat-archeologie","7":"product_cat-arts-appliques","8":"disponibilita-si","9":"description-off","11":"first","12":"instock","13":"shipping-taxable","14":"purchasable","15":"product-type-simple"},"acf":[],"_links":{"self":[{"href":"https:\/\/www.fivecontinentseditions.com\/fr\/wp-json\/wp\/v2\/product\/6309","targetHints":{"allow":["GET"]}}],"collection":[{"href":"https:\/\/www.fivecontinentseditions.com\/fr\/wp-json\/wp\/v2\/product"}],"about":[{"href":"https:\/\/www.fivecontinentseditions.com\/fr\/wp-json\/wp\/v2\/types\/product"}],"wp:featuredmedia":[{"embeddable":true,"href":"https:\/\/www.fivecontinentseditions.com\/fr\/wp-json\/wp\/v2\/media\/6286"}],"wp:attachment":[{"href":"https:\/\/www.fivecontinentseditions.com\/fr\/wp-json\/wp\/v2\/media?parent=6309"}],"wp:term":[{"taxonomy":"product_brand","embeddable":true,"href":"https:\/\/www.fivecontinentseditions.com\/fr\/wp-json\/wp\/v2\/product_brand?post=6309"},{"taxonomy":"product_cat","embeddable":true,"href":"https:\/\/www.fivecontinentseditions.com\/fr\/wp-json\/wp\/v2\/product_cat?post=6309"},{"taxonomy":"product_tag","embeddable":true,"href":"https:\/\/www.fivecontinentseditions.com\/fr\/wp-json\/wp\/v2\/product_tag?post=6309"}],"curies":[{"name":"wp","href":"https:\/\/api.w.org\/{rel}","templated":true}]}}