{"id":6270,"date":"2009-03-02T05:00:00","date_gmt":"2009-03-02T05:00:00","guid":{"rendered":"http:\/\/www.fivecontinentseditions.com\/prodotto\/immaginare-new-york-2\/"},"modified":"2017-12-21T17:59:29","modified_gmt":"2017-12-21T17:59:29","slug":"immaginare-new-york-2","status":"publish","type":"product","link":"https:\/\/www.fivecontinentseditions.com\/fr\/p\/immaginare-new-york-2\/","title":{"rendered":"Immaginare New York"},"content":{"rendered":"<p><strong>Un floril\u00e8ge de photographies extraordinaires de la collection du MoMA qui r\u00e9v\u00e8le la ville de New York dans toute sa vitalit\u00e9, ambition et beaut\u00e9.<\/strong><\/p>\n<p>En 1939, Berenice Abbott s&#39;est demand\u00e9 comment repr\u00e9senter le flux de la m\u00e9tropole de New York, l&#39;interaction entre les \u00eatres humains qui l&#39;habitent et son architecture solide, dans une photo en noir et blanc, en deux dimensions par d\u00e9finition. Une myriade d&#39;images qui r\u00e9pondent \u00e0ce probl\u00e8me de 1893 \u00e0nos jours sont collect\u00e9es dans ce volume. Plus d&#39;une centaine de photos et de cadrages sp\u00e9ciaux capturent cette ville ic\u00f4ne dans l&#39;imagination collective et r\u00e9v\u00e8lent une profonde relation symbiotique entre le photographe et New York. La s\u00e9lection comprend des images de photographes renomm\u00e9es, Berenice Abbott, Harry Callahan, Henri Cartier-Bresson, Walzer Evans, Helen levitt, Irving Penn, Alfred Stieglitz, Weegee, et de cr\u00e9atifs inconnus selon la tradition de la collection du mus\u00e9e. Les photos sont accompagn\u00e9es par des inspirantes citations sur New York tir\u00e9es des chefs-d&#39;&oelig;uvre de la litt\u00e9rature am\u00e9ricaine.<\/p>\n<p><strong>Sarah Hermanson Meister<\/strong> est conservatrice du d\u00e9partement de la photographie du MoMA et auteur de nombreuses publications, y compris les monographies <em>Rudolph Burckhartd: an afternoon in Astoria <\/em>(2003) et <em>Michael Wesely: open shutter <\/em>(2004).<\/p>\n","protected":false},"excerpt":{"rendered":"<p>Un floril\u00e8ge de photographies extraordinaires de la collection du MoMA qui r\u00e9v\u00e8le la ville de New York dans toute sa vitalit\u00e9, ambition et beaut\u00e9. En 1939, Berenice Abbott s&#39;est demand\u00e9 comment repr\u00e9senter le flux de la m\u00e9tropole de New York, l&#39;interaction entre les \u00eatres humains qui l&#39;habitent et son architecture solide, dans une photo en&hellip;<\/p>\n","protected":false},"featured_media":6247,"template":"","meta":{"_acf_changed":false,"inline_featured_image":false},"product_brand":[],"product_cat":[73],"product_tag":[],"class_list":{"0":"post-6270","1":"product","2":"type-product","3":"status-publish","4":"has-post-thumbnail","6":"product_cat-photographie","7":"disponibilita-si","8":"description-off","10":"first","11":"instock","12":"shipping-taxable","13":"purchasable","14":"product-type-simple"},"acf":[],"_links":{"self":[{"href":"https:\/\/www.fivecontinentseditions.com\/fr\/wp-json\/wp\/v2\/product\/6270","targetHints":{"allow":["GET"]}}],"collection":[{"href":"https:\/\/www.fivecontinentseditions.com\/fr\/wp-json\/wp\/v2\/product"}],"about":[{"href":"https:\/\/www.fivecontinentseditions.com\/fr\/wp-json\/wp\/v2\/types\/product"}],"wp:featuredmedia":[{"embeddable":true,"href":"https:\/\/www.fivecontinentseditions.com\/fr\/wp-json\/wp\/v2\/media\/6247"}],"wp:attachment":[{"href":"https:\/\/www.fivecontinentseditions.com\/fr\/wp-json\/wp\/v2\/media?parent=6270"}],"wp:term":[{"taxonomy":"product_brand","embeddable":true,"href":"https:\/\/www.fivecontinentseditions.com\/fr\/wp-json\/wp\/v2\/product_brand?post=6270"},{"taxonomy":"product_cat","embeddable":true,"href":"https:\/\/www.fivecontinentseditions.com\/fr\/wp-json\/wp\/v2\/product_cat?post=6270"},{"taxonomy":"product_tag","embeddable":true,"href":"https:\/\/www.fivecontinentseditions.com\/fr\/wp-json\/wp\/v2\/product_tag?post=6270"}],"curies":[{"name":"wp","href":"https:\/\/api.w.org\/{rel}","templated":true}]}}