{"id":6171,"date":"2014-04-30T05:00:00","date_gmt":"2014-04-30T05:00:00","guid":{"rendered":"http:\/\/www.fivecontinentseditions.com\/prodotto\/yaka-2\/"},"modified":"2025-12-20T13:46:34","modified_gmt":"2025-12-20T13:46:34","slug":"yaka-2","status":"publish","type":"product","link":"https:\/\/www.fivecontinentseditions.com\/fr\/p\/yaka-2\/","title":{"rendered":"Yaka"},"content":{"rendered":"<p>Les Yaka, qui vivent \u00e0 la pointe sud-ouest de la R\u00e9publique d\u00e9mocratique du Congo, produisent depuis plus d&rsquo;un si\u00e8cle des statuettes figuratives, des masques et autres objets qui ont fascin\u00e9 les explorateurs, les agents commerciaux, les officiers coloniaux, les missionnaires et les collectionneurs d&rsquo;art africain. Ce livre rassemble quelques-uns des sp\u00e9cimens les plus anciens et aussi les plus remarquables sur le plan visuel, et les situe dans leur contexte en rappelant leur usage dans les rituels de gu\u00e9rison et de c\u00e9r\u00e9monie &ndash; investiture des chefs, &laquo; institutions d&rsquo;affliction &raquo;, initiation et rites de passage \u00e0l&rsquo;\u00e2ge adulte (<em>nkhanda<\/em>). L&rsquo;auteur revient aussi sur leur interaction avec les objets d&rsquo;art premier et sur les concepts fondateurs de la soci\u00e9t\u00e9 yaka, tels que l&rsquo;organisation du pouvoir, la divination et la sorcellerie. De plus, les objets d&rsquo;art sont replac\u00e9s dans l&rsquo;histoire d&rsquo;un peuple qui pr\u00e9sente des exemples d&rsquo;artefacts \u00e0 la fois plus anciens et plus r\u00e9cents, et des changements subtils de la matrice sociale, cons\u00e9quences notamment des influences du colonialisme et des mouvements religieux hostiles au f\u00e9tichisme.<\/p>\n<p><strong>Arthur P. Bourgeois<\/strong> est professeur \u00e9m\u00e9rite d&rsquo;histoire de l&rsquo;art \u00e0 la Governors State University, University Park, Illinois. Ses recherches personnelles en R\u00e9publique d\u00e9mocratique du Congo en 1976 (appel\u00e9e Za\u00efre \u00e0cette \u00e9poque), aupr\u00e8s des peuples Yaka et Suku, \u00e9taient consacr\u00e9es au <em>nkhanda <\/em>traditionnel, d&rsquo;abord dans la commune de Masina, dans la province de Kinshasa, puis dans les villages situ\u00e9s le long de la rivi\u00e8re Inzia, dans les chefferies de Kobo, de Ngomb\u00e9 et de Kiamfu Kinzadi, et sur les rives du Kwango, dans les chefferies de Ngowa et Ikombo. Il a ensuite \u00e9tudi\u00e9 les collections yaka du monde entier, et publi\u00e9 quatre ouvrages et plus de trente articles scientifiques sur la question.<\/p>\n","protected":false},"excerpt":{"rendered":"<p>Les Yaka, qui vivent \u00e0 la pointe sud-ouest de la R\u00e9publique d\u00e9mocratique du Congo, produisent depuis plus d&rsquo;un si\u00e8cle des statuettes figuratives, des masques et autres objets qui ont fascin\u00e9 les explorateurs, les agents commerciaux, les officiers coloniaux, les missionnaires et les collectionneurs d&rsquo;art africain. Ce livre rassemble quelques-uns des sp\u00e9cimens les plus anciens et&hellip;<\/p>\n","protected":false},"featured_media":6146,"template":"","meta":{"_acf_changed":false,"inline_featured_image":false},"product_brand":[],"product_cat":[54],"product_tag":[],"class_list":{"0":"post-6171","1":"product","2":"type-product","3":"status-publish","4":"has-post-thumbnail","6":"product_cat-art-africain","7":"collana-visions-dafrique","8":"collana-visions-of-africa","9":"disponibilita-si","10":"description-off","12":"first","13":"instock","14":"shipping-taxable","15":"purchasable","16":"product-type-simple"},"acf":[],"_links":{"self":[{"href":"https:\/\/www.fivecontinentseditions.com\/fr\/wp-json\/wp\/v2\/product\/6171","targetHints":{"allow":["GET"]}}],"collection":[{"href":"https:\/\/www.fivecontinentseditions.com\/fr\/wp-json\/wp\/v2\/product"}],"about":[{"href":"https:\/\/www.fivecontinentseditions.com\/fr\/wp-json\/wp\/v2\/types\/product"}],"wp:featuredmedia":[{"embeddable":true,"href":"https:\/\/www.fivecontinentseditions.com\/fr\/wp-json\/wp\/v2\/media\/6146"}],"wp:attachment":[{"href":"https:\/\/www.fivecontinentseditions.com\/fr\/wp-json\/wp\/v2\/media?parent=6171"}],"wp:term":[{"taxonomy":"product_brand","embeddable":true,"href":"https:\/\/www.fivecontinentseditions.com\/fr\/wp-json\/wp\/v2\/product_brand?post=6171"},{"taxonomy":"product_cat","embeddable":true,"href":"https:\/\/www.fivecontinentseditions.com\/fr\/wp-json\/wp\/v2\/product_cat?post=6171"},{"taxonomy":"product_tag","embeddable":true,"href":"https:\/\/www.fivecontinentseditions.com\/fr\/wp-json\/wp\/v2\/product_tag?post=6171"}],"curies":[{"name":"wp","href":"https:\/\/api.w.org\/{rel}","templated":true}]}}