{"id":5982,"date":"2008-08-01T05:00:00","date_gmt":"2008-08-01T05:00:00","guid":{"rendered":"http:\/\/www.fivecontinentseditions.com\/prodotto\/solomon-islands-art-2\/"},"modified":"2018-04-17T08:17:54","modified_gmt":"2018-04-17T08:17:54","slug":"solomon-islands-art-2","status":"publish","type":"product","link":"https:\/\/www.fivecontinentseditions.com\/fr\/p\/solomon-islands-art-2\/","title":{"rendered":"Solomon Islands Art"},"content":{"rendered":"<p><strong>Une centaine d\u2019objets de la collection Conru, des sculptures en bois mais aussi des pi\u00e8ces de coquilles, de noix de coco, de canne, de pierre scandent cet ouvrage, t\u00e9moins du savoir-faire inou\u00ef des natifs des \u00e0\u017dles Salomon.<\/strong><\/p>\n<p>La mer est une source d\u2019inspiration extraordinaire dans l\u2019art des \u00eeles Salomon, archipel situ\u00e9 au nord-ouest de la Nouvelle Guin\u00e9e. L\u2019aspect visuel et la fonction sont tr\u00e8s souvent li\u00e9s ; formes, emplois, mat\u00e9riaux sont ainsi \u00e9troitement imbriqu\u00e9s et donnent naissance \u00e0un art homog\u00e8ne mais comportant de subtiles nuances. Les objets sont pens\u00e9s selon des lignes pures, arrondies et offrent des formes tr\u00e8s \u00e9l\u00e9gantes.<br \/>\nCe livre pr\u00e9sente la collection de Kevin Conru sur l\u2019art des \u00eeles Salomon et englobe un large \u00e9chantillon d\u2019objets, de parures, d\u2019armes, de bijoux, de statues, etc. la quantit\u00e9 d\u2019objets et la vari\u00e9t\u00e9 de cet art sont telles dans les \u00eeles Salomon qu\u2019il est difficile de trouver une unique collection qui soit compl\u00e8tement repr\u00e9sentative. N\u00e9anmoins celle de Kevin Conru est suffisamment cons\u00e9quente pour aborder avec s\u00e9rieux l\u2019art de cette r\u00e9gion. elle comprend des masques de Nissan, de Buka, une statue de Bougainville et de nombreuses autres pi\u00e8ces, allant du XVIIIe au d\u00e9but du XXe si\u00e8cle, de tout le reste de l\u2019archipel.<\/p>\n<p><strong>Kevin Conru<\/strong> a \u00e9crit sur le travail photographique d\u2019Hugo Bernatzik \u2014 trois volumes publi\u00e9s par 5 Continents et unanimement salu\u00e9s par la critique \u2014 et sur les arts de l\u2019Afrique du Sud. Il est dipl\u00f4m\u00e9 de l\u2019universit\u00e9 de Londres et travaille actuellement dans le domaine des arts oc\u00e9aniens.<br \/>\n<strong>Deborah Waite<\/strong> enseigne l\u2019art africain et oc\u00e9anien \u00e0 l\u2019Universit\u00e9 de Hawai. Elle a \u00e9crit deux autres ouvrages sur l\u2019art dans les \u00eeles Salomon pour des collections prestigieuses : <em>L\u2019Art des Iles Salomon <\/em>pour le mus\u00e9e Barbier-Mueller, en 1983, et <em>Artifacts from the Solomon Islands <\/em>in the Julius L. Brenchley collection, British Museum, 1987.<br \/>\n<strong>Hughes Dubois<\/strong> est l&rsquo;un des plus c\u00e9l\u00e8bres photographes d&rsquo;art aujourd&rsquo;hui. Il a particip\u00e9 \u00e0de tr\u00e8s nombreuses publications pour le mus\u00e9e Dapper, le Pavillon des Sessions au mus\u00e9e du Louvre et pour le Museum of Islamic Art \u00e0Doha.<\/p>\n","protected":false},"excerpt":{"rendered":"<p>Une centaine d\u2019objets de la collection Conru, des sculptures en bois mais aussi des pi\u00e8ces de coquilles, de noix de coco, de canne, de pierre scandent cet ouvrage, t\u00e9moins du savoir-faire inou\u00ef des natifs des \u00e0\u017dles Salomon. La mer est une source d\u2019inspiration extraordinaire dans l\u2019art des \u00eeles Salomon, archipel situ\u00e9 au nord-ouest de la&hellip;<\/p>\n","protected":false},"featured_media":5959,"template":"","meta":{"_acf_changed":false,"inline_featured_image":false},"product_brand":[],"product_cat":[72],"product_tag":[],"class_list":{"0":"post-5982","1":"product","2":"type-product","3":"status-publish","4":"has-post-thumbnail","6":"product_cat-art-oceanien","7":"disponibilita-no","8":"description-off","10":"first","11":"outofstock","12":"shipping-taxable","13":"purchasable","14":"product-type-simple"},"acf":[],"_links":{"self":[{"href":"https:\/\/www.fivecontinentseditions.com\/fr\/wp-json\/wp\/v2\/product\/5982","targetHints":{"allow":["GET"]}}],"collection":[{"href":"https:\/\/www.fivecontinentseditions.com\/fr\/wp-json\/wp\/v2\/product"}],"about":[{"href":"https:\/\/www.fivecontinentseditions.com\/fr\/wp-json\/wp\/v2\/types\/product"}],"wp:featuredmedia":[{"embeddable":true,"href":"https:\/\/www.fivecontinentseditions.com\/fr\/wp-json\/wp\/v2\/media\/5959"}],"wp:attachment":[{"href":"https:\/\/www.fivecontinentseditions.com\/fr\/wp-json\/wp\/v2\/media?parent=5982"}],"wp:term":[{"taxonomy":"product_brand","embeddable":true,"href":"https:\/\/www.fivecontinentseditions.com\/fr\/wp-json\/wp\/v2\/product_brand?post=5982"},{"taxonomy":"product_cat","embeddable":true,"href":"https:\/\/www.fivecontinentseditions.com\/fr\/wp-json\/wp\/v2\/product_cat?post=5982"},{"taxonomy":"product_tag","embeddable":true,"href":"https:\/\/www.fivecontinentseditions.com\/fr\/wp-json\/wp\/v2\/product_tag?post=5982"}],"curies":[{"name":"wp","href":"https:\/\/api.w.org\/{rel}","templated":true}]}}