{"id":5928,"date":"2008-09-01T05:00:00","date_gmt":"2008-09-01T05:00:00","guid":{"rendered":"http:\/\/www.fivecontinentseditions.com\/prodotto\/american-design-2\/"},"modified":"2018-04-17T08:30:37","modified_gmt":"2018-04-17T08:30:37","slug":"american-design-2","status":"publish","type":"product","link":"https:\/\/www.fivecontinentseditions.com\/fr\/p\/american-design-2\/","title":{"rendered":"American Design"},"content":{"rendered":"<p><strong>D\u00e9couverte des caract\u00e9ristiques du design am\u00e9ricain \u00e0partir d\u2019\u0153uvres s\u00e9lectionn\u00e9es dans la collection du Museum of Modern Art de New York. <\/strong><\/p>\n<p>Le Museum of Modern Art de New York et 5 Continents Editions pr\u00e9sentent une nouvelle s\u00e9rie consacr\u00e9e au design industriel et graphique. \u00e9l\u00e9gance de la mise en pages et qualit\u00e9 des reproductions font \u00e9cho au propos de ces ouvrages, qui offrent un panorama du design pays par pays. Chaque volume illustre l\u2019histoire et l\u2019esth\u00e9tique de l\u2019un d\u2019entre eux, \u00e0travers les \u0153uvres de ses acteurs majeurs, architectes et designers, provenant de l\u2019incomparable collection du MoMA. Chaque volume comprend une pr\u00e9sentation de Paola Antonelli, conservateur en chef du D\u00e9partement d\u2019architecture et de design du MoMA, et un essai d\u00fb \u00e0un critique d\u2019exception. L\u2019ensemble est compl\u00e9t\u00e9 par une chronologie visuelle et par une bibliographie compl\u00e8te.<br \/>\nAux \u00e9tats-Unis, et \u00e0 l\u2019instar de la culture am\u00e9ricaine, le design oscille perp\u00e9tuellement entre populisme et \u00e9litisme, entre la beaut\u00e9 r\u00e9volutionnaire et \u00e0 la port\u00e9e de tous de Tupperware et le raffinement exclusif de Tiffany. Ce volume retrace l\u2019\u00e9volution du design am\u00e9ricain, depuis l\u2019<em>armory practice <\/em>des premiers cr\u00e9ateurs, en passant par le <em>design for modern living <\/em>du milieu du si\u00e8cle, avant d\u2019aboutir au design de marque contemporain, destin\u00e9 au consommateur. Une passionnante introduction de Paola Antonelli restitue les traits saillants de la culture am\u00e9ricaine du design, tandis que l\u2019essai de Russell Flinchum illustre les \u0153uvres les plus importantes du design am\u00e9ricain moderne, reproduites dans la section illustrations du volume. Les objets sont accompagn\u00e9s d\u2019une chronologie illustr\u00e9e des principaux \u00e9v\u00e9nements ayant influenc\u00e9 le design am\u00e9ricain et d\u2019une bibliographie compl\u00e8te.<\/p>\n<p><strong>Russell Flinchum<\/strong> est professeur de critique du design \u00e0 la School of Visual Arts de New York. En 1997, il a organis\u00e9 l\u2019exposition \u00abHenry Dreyfuss, Directing Design\u00bb au Cooper- Hewitt National Museum de New York, et il est l\u2019auteur de <em>Henry Dreyfuss, Industrial Designer: The Man in the Brown Suit<\/em>. Depuis 1999, il est archiviste de la Century Association Archives Foundation.<br \/>\n<strong>Paola Antonelli<\/strong>, en 1994 elle devient conservatrice en chef du d\u00e9partement d\u2019architecture et de design au Museum of Modern Art.<\/p>\n","protected":false},"excerpt":{"rendered":"<p>D\u00e9couverte des caract\u00e9ristiques du design am\u00e9ricain \u00e0partir d\u2019\u0153uvres s\u00e9lectionn\u00e9es dans la collection du Museum of Modern Art de New York. Le Museum of Modern Art de New York et 5 Continents Editions pr\u00e9sentent une nouvelle s\u00e9rie consacr\u00e9e au design industriel et graphique. \u00e9l\u00e9gance de la mise en pages et qualit\u00e9 des reproductions font \u00e9cho au&hellip;<\/p>\n","protected":false},"featured_media":5905,"template":"","meta":{"_acf_changed":false,"inline_featured_image":false},"product_brand":[],"product_cat":[75],"product_tag":[],"class_list":{"0":"post-5928","1":"product","2":"type-product","3":"status-publish","4":"has-post-thumbnail","6":"product_cat-mode-et-design","7":"collana-moma-design-series-fr","8":"disponibilita-si","9":"description-off","11":"first","12":"instock","13":"shipping-taxable","14":"purchasable","15":"product-type-simple"},"acf":[],"_links":{"self":[{"href":"https:\/\/www.fivecontinentseditions.com\/fr\/wp-json\/wp\/v2\/product\/5928","targetHints":{"allow":["GET"]}}],"collection":[{"href":"https:\/\/www.fivecontinentseditions.com\/fr\/wp-json\/wp\/v2\/product"}],"about":[{"href":"https:\/\/www.fivecontinentseditions.com\/fr\/wp-json\/wp\/v2\/types\/product"}],"wp:featuredmedia":[{"embeddable":true,"href":"https:\/\/www.fivecontinentseditions.com\/fr\/wp-json\/wp\/v2\/media\/5905"}],"wp:attachment":[{"href":"https:\/\/www.fivecontinentseditions.com\/fr\/wp-json\/wp\/v2\/media?parent=5928"}],"wp:term":[{"taxonomy":"product_brand","embeddable":true,"href":"https:\/\/www.fivecontinentseditions.com\/fr\/wp-json\/wp\/v2\/product_brand?post=5928"},{"taxonomy":"product_cat","embeddable":true,"href":"https:\/\/www.fivecontinentseditions.com\/fr\/wp-json\/wp\/v2\/product_cat?post=5928"},{"taxonomy":"product_tag","embeddable":true,"href":"https:\/\/www.fivecontinentseditions.com\/fr\/wp-json\/wp\/v2\/product_tag?post=5928"}],"curies":[{"name":"wp","href":"https:\/\/api.w.org\/{rel}","templated":true}]}}