{"id":5895,"date":"2008-08-01T05:00:00","date_gmt":"2008-08-01T05:00:00","guid":{"rendered":"http:\/\/www.fivecontinentseditions.com\/prodotto\/indiens-damazonie-2\/"},"modified":"2018-02-07T16:12:44","modified_gmt":"2018-02-07T16:12:44","slug":"indiens-damazonie-2","status":"publish","type":"product","link":"https:\/\/www.fivecontinentseditions.com\/fr\/p\/indiens-damazonie-2\/","title":{"rendered":"Indiens d&rsquo;Amazonie"},"content":{"rendered":"<p><strong>Ultime t\u00e9moin d&rsquo;une \u00e9poque et d&rsquo;une existence d\u00e9sormais r\u00e9volues, l&rsquo;ethnologue suisse nous les rappelle par le texte et par l&rsquo;image.<\/strong><\/p>\n<p>Cet ouvrage constitue un t\u00e9moignage exceptionnel, au lendemain de la seconde guerre mondiale, sur une r\u00e9gion grande comme dix fois la Suisse, r\u00e9gion connue sous le nom de Mato Grosso, &laquo; for\u00eat dense &raquo;, pratiquement inexplor\u00e9e et peupl\u00e9e d&#39;Indiens hostiles \u00e0toute approche. Il revient sur l&#39;exp\u00e9dition Roncador-Xingu, les fr\u00e8res Villas B\u00f4as et le Parc indig\u00e8ne du Xingu en s&rsquo;appuyant notamment sur les propres contacts que Ren\u00e9 Fuerst, l&rsquo;auteur de ce livre, a \u00e9tablis \u00e0partir de 1955 avec les Indiens d&rsquo;Amazonie, les Xavante d&#39;abord, les Indiens du haut Xingu ensuite. Son histoire est l&rsquo;aboutissement, \u00e0l&#39;\u00e2ge de vingt-deux ans seulement, d&#39;une folle passion.<\/p>\n<p><strong>Ren\u00e9 Fuerst<\/strong>, n\u00e9 en 1933, est ethnologue. Sp\u00e9cialiste des Indiens d&#39;Amazonie, il les fr\u00e9quenta de 1955 \u00e01975 et leur consacra plusieurs livres, films et disques. Chercheur autrement ind\u00e9pendant, il a \u00e9t\u00e9 de 1983 \u00e01998 l&#39;un des conservateurs du Mus\u00e9e d&#39;ethnographie de la Ville de Gen\u00e8ve. Membre des missions d&#39;enqu\u00eate chez les Indiens d&#39;Amazonie du Comit\u00e9 international de la Croix-Rouge (1970) et de l&#39;Aborigines Protection Society (1972) \u00e0Londres, il fut en 1975 interdit de s\u00e9jour par les autorit\u00e9s br\u00e9siliennes suite \u00e0ses critiques de la politique indig\u00e9niste officielle.<\/p>\n","protected":false},"excerpt":{"rendered":"<p>Ultime t\u00e9moin d&rsquo;une \u00e9poque et d&rsquo;une existence d\u00e9sormais r\u00e9volues, l&rsquo;ethnologue suisse nous les rappelle par le texte et par l&rsquo;image. Cet ouvrage constitue un t\u00e9moignage exceptionnel, au lendemain de la seconde guerre mondiale, sur une r\u00e9gion grande comme dix fois la Suisse, r\u00e9gion connue sous le nom de Mato Grosso, &laquo; for\u00eat dense &raquo;, pratiquement&hellip;<\/p>\n","protected":false},"featured_media":5872,"template":"","meta":{"_acf_changed":false,"inline_featured_image":false},"product_brand":[],"product_cat":[73],"product_tag":[],"class_list":{"0":"post-5895","1":"product","2":"type-product","3":"status-publish","4":"has-post-thumbnail","6":"product_cat-photographie","7":"disponibilita-si","8":"description-off","10":"first","11":"instock","12":"shipping-taxable","13":"purchasable","14":"product-type-simple"},"acf":[],"_links":{"self":[{"href":"https:\/\/www.fivecontinentseditions.com\/fr\/wp-json\/wp\/v2\/product\/5895","targetHints":{"allow":["GET"]}}],"collection":[{"href":"https:\/\/www.fivecontinentseditions.com\/fr\/wp-json\/wp\/v2\/product"}],"about":[{"href":"https:\/\/www.fivecontinentseditions.com\/fr\/wp-json\/wp\/v2\/types\/product"}],"wp:featuredmedia":[{"embeddable":true,"href":"https:\/\/www.fivecontinentseditions.com\/fr\/wp-json\/wp\/v2\/media\/5872"}],"wp:attachment":[{"href":"https:\/\/www.fivecontinentseditions.com\/fr\/wp-json\/wp\/v2\/media?parent=5895"}],"wp:term":[{"taxonomy":"product_brand","embeddable":true,"href":"https:\/\/www.fivecontinentseditions.com\/fr\/wp-json\/wp\/v2\/product_brand?post=5895"},{"taxonomy":"product_cat","embeddable":true,"href":"https:\/\/www.fivecontinentseditions.com\/fr\/wp-json\/wp\/v2\/product_cat?post=5895"},{"taxonomy":"product_tag","embeddable":true,"href":"https:\/\/www.fivecontinentseditions.com\/fr\/wp-json\/wp\/v2\/product_tag?post=5895"}],"curies":[{"name":"wp","href":"https:\/\/api.w.org\/{rel}","templated":true}]}}