{"id":5808,"date":"2008-09-01T05:00:00","date_gmt":"2008-09-01T05:00:00","guid":{"rendered":"http:\/\/www.fivecontinentseditions.com\/prodotto\/design-italien-2\/"},"modified":"2018-02-07T16:12:37","modified_gmt":"2018-02-07T16:12:37","slug":"design-italien-2","status":"publish","type":"product","link":"https:\/\/www.fivecontinentseditions.com\/fr\/p\/design-italien-2\/","title":{"rendered":"Design Italien"},"content":{"rendered":"<p><strong>L&rsquo;histoire du design italien racont\u00e9e \u00e0travers des &oelig;uvres s\u00e9lectionn\u00e9es dans la collection du Museum of Modern Art de New York.<\/strong><\/p>\n<p>Au-del\u00e0de toute vision romantique du secret du succ\u00e8s associ\u00e9 au style italien, il faut reconna\u00eetre au design italien moderne une efficacit\u00e9 exceptionnelle. Les designers italiens, entra\u00eenant l&rsquo;industrie et la culture du pays dans un projet unique et spontan\u00e9 de construction de l&rsquo;image nationale, ont produit une gamme compl\u00e8te de formes (modes, arts graphiques, design de produit et d&rsquo;ensemble) d&rsquo;un extraordinaire retentissement sur le plan international. La s\u00e9lection pr\u00e9sent\u00e9e dans cet ouvrage, parmi les pi\u00e8ces les plus importantes de la collection du Museum of Modern Art, met l&rsquo;accent sur des pi\u00e8ces du si\u00e8cle dernier. Paola Antonelli restitue les traits saillants de la culture transalpine du design, tandis que Giampiero Bosoni passe en revue la production marquante moderne, reproduite dans la section illustrations. Les objets sont accompagn\u00e9s d&rsquo;une chronologie illustr\u00e9e des principaux \u00e9v\u00e9nements ayant influenc\u00e9 le design italien et d&rsquo;une bibliographie compl\u00e8te.  <\/p>\n<p><strong>Giampiero Bosoni<\/strong> est architecte, commissaire d&rsquo;expositions et professeur associ\u00e9 d&rsquo;architecture int\u00e9rieure \u00e0 la facult\u00e9 de design de l&rsquo;&Eacute;cole polytechnique de Milan. Il est l&rsquo;auteur de plusieurs \u00e9tudes et monographies, dont <em>Il modo italiano, Italian Design and Avant-garde in the 20th Century <\/em>et <em>Max Huber<\/em>.<br \/>\n<strong>Paola Antonelli<\/strong>, en 1994 elle devient conservatrice en chef du d\u00e9partement d&rsquo;architecture et de design au Museum of Modern Art.<\/p>\n","protected":false},"excerpt":{"rendered":"<p>L&rsquo;histoire du design italien racont\u00e9e \u00e0travers des &oelig;uvres s\u00e9lectionn\u00e9es dans la collection du Museum of Modern Art de New York. Au-del\u00e0de toute vision romantique du secret du succ\u00e8s associ\u00e9 au style italien, il faut reconna\u00eetre au design italien moderne une efficacit\u00e9 exceptionnelle. Les designers italiens, entra\u00eenant l&rsquo;industrie et la culture du pays dans un projet&hellip;<\/p>\n","protected":false},"featured_media":5783,"template":"","meta":{"_acf_changed":false,"inline_featured_image":false},"product_brand":[],"product_cat":[75],"product_tag":[],"class_list":{"0":"post-5808","1":"product","2":"type-product","3":"status-publish","4":"has-post-thumbnail","6":"product_cat-mode-et-design","7":"collana-moma-design-series","8":"collana-moma-design-series-fr","9":"disponibilita-no","10":"description-off","12":"first","13":"outofstock","14":"shipping-taxable","15":"purchasable","16":"product-type-simple"},"acf":[],"_links":{"self":[{"href":"https:\/\/www.fivecontinentseditions.com\/fr\/wp-json\/wp\/v2\/product\/5808","targetHints":{"allow":["GET"]}}],"collection":[{"href":"https:\/\/www.fivecontinentseditions.com\/fr\/wp-json\/wp\/v2\/product"}],"about":[{"href":"https:\/\/www.fivecontinentseditions.com\/fr\/wp-json\/wp\/v2\/types\/product"}],"wp:featuredmedia":[{"embeddable":true,"href":"https:\/\/www.fivecontinentseditions.com\/fr\/wp-json\/wp\/v2\/media\/5783"}],"wp:attachment":[{"href":"https:\/\/www.fivecontinentseditions.com\/fr\/wp-json\/wp\/v2\/media?parent=5808"}],"wp:term":[{"taxonomy":"product_brand","embeddable":true,"href":"https:\/\/www.fivecontinentseditions.com\/fr\/wp-json\/wp\/v2\/product_brand?post=5808"},{"taxonomy":"product_cat","embeddable":true,"href":"https:\/\/www.fivecontinentseditions.com\/fr\/wp-json\/wp\/v2\/product_cat?post=5808"},{"taxonomy":"product_tag","embeddable":true,"href":"https:\/\/www.fivecontinentseditions.com\/fr\/wp-json\/wp\/v2\/product_tag?post=5808"}],"curies":[{"name":"wp","href":"https:\/\/api.w.org\/{rel}","templated":true}]}}