{"id":5775,"date":"2008-08-01T05:00:00","date_gmt":"2008-08-01T05:00:00","guid":{"rendered":"http:\/\/www.fivecontinentseditions.com\/prodotto\/costumi-e-tessuti-dellafrica-2\/"},"modified":"2025-06-13T13:06:31","modified_gmt":"2025-06-13T13:06:31","slug":"costumi-e-tessuti-dellafrica-2","status":"publish","type":"product","link":"https:\/\/www.fivecontinentseditions.com\/fr\/p\/costumi-e-tessuti-dellafrica-2\/","title":{"rendered":"Costumi e tessuti dell&rsquo;Africa"},"content":{"rendered":"<p><strong>Cet ouvrage rend hommage \u00e0 la cr\u00e9ativit\u00e9 des peuples d\u2019Afrique, en particulier \u00e0ses tisserands. Les 300 photographies couleurs qui en constituent la trame pr\u00e9sentent des tissus et accessoires extraordinaires.<\/strong><\/p>\n<p>Trois d\u00e9cennies d\u2019une passion commune ont conduit Zaira et Marcel Mis \u00e0constituer une vaste collection de textiles, de v\u00eatements et de parures ethniques du monde. Ce splendide ouvrage leur permet de d\u00e9voiler leurs tr\u00e9sors venus de la plupart des grandes aires culturelles de l\u2019Afrique. Laine, coton, soie, raphia, \u00e9corces, les supports sont vari\u00e9s. Les artisans de ces tissus privil\u00e9gient souvent l\u2019abstraction g\u00e9om\u00e9trique, n\u00e9anmoins certains des motifs figuratifs, pour la plupart tr\u00e8s stylis\u00e9s, ponctuent certains textiles et \u00e9voquent notamment des bribes de r\u00e9cits historiques ou mythiques.<br \/>\nL\u2019ouvrage pr\u00e9sente une incroyable vari\u00e9t\u00e9 de costumes, tissus et accessoires, utilis\u00e9s au quotidien ou lors de c\u00e9r\u00e9monies, explorant ainsi diff\u00e9rentes ethnies et influences et d\u00e9voilant le langage de ces \u0153uvres multicolores. Les diff\u00e9rents auteurs nous donnent des rep\u00e8res historiques et mettent en lumi\u00e8re la richesse symbolique de ce patrimoine tandis que les photographies en r\u00e9v\u00e8lent l\u2019exceptionnel beaut\u00e9.<\/p>\n<p><strong>Anne-Marie Bouttiaux<\/strong> est conservatrice en chef de la section d\u2019ethnographie du mus\u00e9e royal de l\u2019Afrique centrale \u00e0Tervuren, Belgique.<br \/>\n<strong>John Mack<\/strong>, ex-directeur du Museum of Mankind et de la section d\u2019ethnographie du British Museum \u00e0Londres, est l\u2019auteur d\u2019un tr\u00e8s grand nombre de publications sur l\u2019art africain et sur l\u2019art entendu comme ph\u00e9nom\u00e8ne global. Sa publication la plus r\u00e9cente s\u2019intitule <em>The Art of Small Things <\/em>(2007).<br \/>\n<strong>Frieda Sorber<\/strong> est conservatrice au mus\u00e9e provincial du costume et du textile d\u2019Anvers. Elle a contribu\u00e9 \u00e0 plusieurs ouvrages sur les traditions textiles du Maroc, du Proche et du Moyen-Orient, parmi lesquels <em>Costumes et textiles d&rsquo;Asie &#8211; Du Bosphore au Fuji-Yama <\/em>(2001).<br \/>\n<strong>Anne van Cutsem-Vanderstraete<\/strong>, historienne de l\u2019art, est l\u2019auteur de diff\u00e9rentes contributions et publications se rapportant au para\u00eetre dans le monde ethnique.<\/p>\n","protected":false},"excerpt":{"rendered":"<p>Cet ouvrage rend hommage \u00e0 la cr\u00e9ativit\u00e9 des peuples d\u2019Afrique, en particulier \u00e0ses tisserands. Les 300 photographies couleurs qui en constituent la trame pr\u00e9sentent des tissus et accessoires extraordinaires. Trois d\u00e9cennies d\u2019une passion commune ont conduit Zaira et Marcel Mis \u00e0constituer une vaste collection de textiles, de v\u00eatements et de parures ethniques du monde. Ce&hellip;<\/p>\n","protected":false},"featured_media":5752,"template":"","meta":{"_acf_changed":false,"inline_featured_image":false},"product_brand":[],"product_cat":[54,75],"product_tag":[],"class_list":{"0":"post-5775","1":"product","2":"type-product","3":"status-publish","4":"has-post-thumbnail","6":"product_cat-art-africain","7":"product_cat-mode-et-design","8":"disponibilita-si","9":"description-off","11":"first","12":"instock","13":"shipping-taxable","14":"purchasable","15":"product-type-simple"},"acf":[],"_links":{"self":[{"href":"https:\/\/www.fivecontinentseditions.com\/fr\/wp-json\/wp\/v2\/product\/5775","targetHints":{"allow":["GET"]}}],"collection":[{"href":"https:\/\/www.fivecontinentseditions.com\/fr\/wp-json\/wp\/v2\/product"}],"about":[{"href":"https:\/\/www.fivecontinentseditions.com\/fr\/wp-json\/wp\/v2\/types\/product"}],"wp:featuredmedia":[{"embeddable":true,"href":"https:\/\/www.fivecontinentseditions.com\/fr\/wp-json\/wp\/v2\/media\/5752"}],"wp:attachment":[{"href":"https:\/\/www.fivecontinentseditions.com\/fr\/wp-json\/wp\/v2\/media?parent=5775"}],"wp:term":[{"taxonomy":"product_brand","embeddable":true,"href":"https:\/\/www.fivecontinentseditions.com\/fr\/wp-json\/wp\/v2\/product_brand?post=5775"},{"taxonomy":"product_cat","embeddable":true,"href":"https:\/\/www.fivecontinentseditions.com\/fr\/wp-json\/wp\/v2\/product_cat?post=5775"},{"taxonomy":"product_tag","embeddable":true,"href":"https:\/\/www.fivecontinentseditions.com\/fr\/wp-json\/wp\/v2\/product_tag?post=5775"}],"curies":[{"name":"wp","href":"https:\/\/api.w.org\/{rel}","templated":true}]}}