{"id":5697,"date":"2009-04-01T05:00:00","date_gmt":"2009-04-01T05:00:00","guid":{"rendered":"http:\/\/www.fivecontinentseditions.com\/prodotto\/design-giapponese-2\/"},"modified":"2018-04-17T08:44:04","modified_gmt":"2018-04-17T08:44:04","slug":"design-giapponese-2","status":"publish","type":"product","link":"https:\/\/www.fivecontinentseditions.com\/fr\/p\/design-giapponese-2\/","title":{"rendered":"Design Giapponese"},"content":{"rendered":"<p><strong>D\u00e9couverte des caract\u00e9ristiques du design japonais \u00e0partir d\u2019oeuvres s\u00e9lectionn\u00e9es dans la collection du Museum of Modern Art de New York.<\/strong><\/p>\n<p>Depuis plus d\u2019un demi-si\u00e8cle, le Japon cultive un design extraordinairement f\u00e9cond, \u00e0 la fois distinctif et moderne. R\u00e9solument fid\u00e8les \u00e0 la tradition sans pour autant n\u00e9gliger tout ce que la culture visuelle et mat\u00e9rielle contemporaine peut leur offrir, les designers japonais ont d\u00e9velopp\u00e9 un \u00e9thos et une esth\u00e9tique du design qui exercent une influence croissante au plan international, affectant les r\u00e9alisations de l\u2019architecture, de la d\u00e9coration d\u2019int\u00e9rieur, du design industriel, du graphisme, du stylisme de mode et de l\u2019artisanat un peu partout dans le monde. Alors que les pays voisins, notamment la Cor\u00e9e, Ta\u00efwan, Singapour et la Chine, d\u00e9ploient tous leurs efforts pour lui faire concurrence, le Japon de ce XXIe si\u00e8cle d\u00e9butant, d\u2019o\u00f9 sont originaires quelquesuns des designers et des designs les plus inventifs, continue de tenir le haut du pav\u00e9.<br \/>\nUne passionnante introduction de Paola Antonelli restitue les traits saillants de la culture japonaise du design, tandis que Penny Sparke passe en revue la production marquante moderne, reproduite dans la section illustrations.<\/p>\n<p><strong>Penny Sparke<\/strong> est professeur \u00e0 la Kingston University en Angleterre, elle est auteur des titres <em>Elsie De Wolfe:The Birth of Modern Decoration <\/em>et <em>The Modern Interior<\/em>.<br \/>\n<strong>Paola Antonelli<\/strong>, en 1994 elle devient conservatrice en chef du d\u00e9partement de design au Museum of Modern Art.<\/p>\n","protected":false},"excerpt":{"rendered":"<p>D\u00e9couverte des caract\u00e9ristiques du design japonais \u00e0partir d\u2019oeuvres s\u00e9lectionn\u00e9es dans la collection du Museum of Modern Art de New York. Depuis plus d\u2019un demi-si\u00e8cle, le Japon cultive un design extraordinairement f\u00e9cond, \u00e0 la fois distinctif et moderne. R\u00e9solument fid\u00e8les \u00e0 la tradition sans pour autant n\u00e9gliger tout ce que la culture visuelle et mat\u00e9rielle contemporaine&hellip;<\/p>\n","protected":false},"featured_media":5677,"template":"","meta":{"_acf_changed":false,"inline_featured_image":false},"product_brand":[],"product_cat":[75],"product_tag":[],"class_list":{"0":"post-5697","1":"product","2":"type-product","3":"status-publish","4":"has-post-thumbnail","6":"product_cat-mode-et-design","7":"collana-moma-design-series-fr","8":"disponibilita-si","9":"description-off","11":"first","12":"instock","13":"shipping-taxable","14":"purchasable","15":"product-type-simple"},"acf":[],"_links":{"self":[{"href":"https:\/\/www.fivecontinentseditions.com\/fr\/wp-json\/wp\/v2\/product\/5697","targetHints":{"allow":["GET"]}}],"collection":[{"href":"https:\/\/www.fivecontinentseditions.com\/fr\/wp-json\/wp\/v2\/product"}],"about":[{"href":"https:\/\/www.fivecontinentseditions.com\/fr\/wp-json\/wp\/v2\/types\/product"}],"wp:featuredmedia":[{"embeddable":true,"href":"https:\/\/www.fivecontinentseditions.com\/fr\/wp-json\/wp\/v2\/media\/5677"}],"wp:attachment":[{"href":"https:\/\/www.fivecontinentseditions.com\/fr\/wp-json\/wp\/v2\/media?parent=5697"}],"wp:term":[{"taxonomy":"product_brand","embeddable":true,"href":"https:\/\/www.fivecontinentseditions.com\/fr\/wp-json\/wp\/v2\/product_brand?post=5697"},{"taxonomy":"product_cat","embeddable":true,"href":"https:\/\/www.fivecontinentseditions.com\/fr\/wp-json\/wp\/v2\/product_cat?post=5697"},{"taxonomy":"product_tag","embeddable":true,"href":"https:\/\/www.fivecontinentseditions.com\/fr\/wp-json\/wp\/v2\/product_tag?post=5697"}],"curies":[{"name":"wp","href":"https:\/\/api.w.org\/{rel}","templated":true}]}}