{"id":5646,"date":"2008-09-01T05:00:00","date_gmt":"2008-09-01T05:00:00","guid":{"rendered":"http:\/\/www.fivecontinentseditions.com\/prodotto\/design-italiano-2\/"},"modified":"2018-09-24T09:39:35","modified_gmt":"2018-09-24T09:39:35","slug":"design-italiano-2","status":"publish","type":"product","link":"https:\/\/www.fivecontinentseditions.com\/fr\/p\/design-italiano-2\/","title":{"rendered":"Design Italiano"},"content":{"rendered":"<p><strong>L\u2019histoire du design italien racont\u00e9e \u00e0 travers des \u0153uvres s\u00e9lectionn\u00e9es dans la collection du Museum of Modern Art de New York.<\/strong><\/p>\n<p>Au-del\u00e0 de toute vision romantique du secret du succ\u00e8s associ\u00e9 au style italien, il faut reconna\u00eetre au design italien moderne une efficacit\u00e9 exceptionnelle. Les designers italiens, entra\u00eenant l\u2019industrie et la culture du pays dans un projet unique et spontan\u00e9 de construction de l\u2019image nationale, ont produit une gamme compl\u00e8te de formes (modes, arts graphiques, design de produit et d\u2019ensemble) d\u2019un extraordinaire retentissement sur le plan international. La s\u00e9lection pr\u00e9sent\u00e9e dans cet ouvrage, parmi les pi\u00e8ces les plus importantes de la collection du Museum of Modern Art, met l\u2019accent sur des pi\u00e8ces du si\u00e8cle dernier. Paola Antonelli restitue les traits saillants de la culture transalpine du design, tandis que Giampiero Bosoni passe en revue la production marquante moderne, reproduite dans la section illustrations. Les objets sont accompagn\u00e9s d\u2019une chronologie illustr\u00e9e des principaux \u00e9v\u00e9nements ayant influenc\u00e9 le design italien et d\u2019une bibliographie compl\u00e8te.<\/p>\n<p><strong>Giampiero Bosoni<\/strong> est architecte, commissaire d\u2019expositions et professeur associ\u00e9 d\u2019architecture int\u00e9rieure \u00e0 la facult\u00e9 de design de l\u2019\u00c9cole polytechnique de Milan. Il est l\u2019auteur de plusieurs \u00e9tudes et monographies, dont <em>Il modo italiano, Italian Design and Avant-garde in the 20th Century <\/em>et <em>Max Huber<\/em>.<br \/>\n<strong>Paola Antonelli<\/strong>, en 1994 elle devient conservatrice en chef du d\u00e9partement d\u2019architecture et de design au Museum of Modern Art.<\/p>\n","protected":false},"excerpt":{"rendered":"<p>L\u2019histoire du design italien racont\u00e9e \u00e0 travers des \u0153uvres s\u00e9lectionn\u00e9es dans la collection du Museum of Modern Art de New York. Au-del\u00e0 de toute vision romantique du secret du succ\u00e8s associ\u00e9 au style italien, il faut reconna\u00eetre au design italien moderne une efficacit\u00e9 exceptionnelle. Les designers italiens, entra\u00eenant l\u2019industrie et la culture du pays dans&hellip;<\/p>\n","protected":false},"featured_media":5621,"template":"","meta":{"_acf_changed":false,"inline_featured_image":false},"product_brand":[],"product_cat":[75],"product_tag":[],"class_list":{"0":"post-5646","1":"product","2":"type-product","3":"status-publish","4":"has-post-thumbnail","6":"product_cat-mode-et-design","7":"collana-moma-design-series-fr","8":"disponibilita-no","9":"description-off","11":"first","12":"outofstock","13":"shipping-taxable","14":"purchasable","15":"product-type-simple"},"acf":[],"_links":{"self":[{"href":"https:\/\/www.fivecontinentseditions.com\/fr\/wp-json\/wp\/v2\/product\/5646","targetHints":{"allow":["GET"]}}],"collection":[{"href":"https:\/\/www.fivecontinentseditions.com\/fr\/wp-json\/wp\/v2\/product"}],"about":[{"href":"https:\/\/www.fivecontinentseditions.com\/fr\/wp-json\/wp\/v2\/types\/product"}],"wp:featuredmedia":[{"embeddable":true,"href":"https:\/\/www.fivecontinentseditions.com\/fr\/wp-json\/wp\/v2\/media\/5621"}],"wp:attachment":[{"href":"https:\/\/www.fivecontinentseditions.com\/fr\/wp-json\/wp\/v2\/media?parent=5646"}],"wp:term":[{"taxonomy":"product_brand","embeddable":true,"href":"https:\/\/www.fivecontinentseditions.com\/fr\/wp-json\/wp\/v2\/product_brand?post=5646"},{"taxonomy":"product_cat","embeddable":true,"href":"https:\/\/www.fivecontinentseditions.com\/fr\/wp-json\/wp\/v2\/product_cat?post=5646"},{"taxonomy":"product_tag","embeddable":true,"href":"https:\/\/www.fivecontinentseditions.com\/fr\/wp-json\/wp\/v2\/product_tag?post=5646"}],"curies":[{"name":"wp","href":"https:\/\/api.w.org\/{rel}","templated":true}]}}