{"id":5421,"date":"2007-05-10T05:00:00","date_gmt":"2007-05-10T05:00:00","guid":{"rendered":"http:\/\/www.fivecontinentseditions.com\/prodotto\/vaudou-voodoo-vudu-2\/"},"modified":"2018-04-17T09:04:16","modified_gmt":"2018-04-17T09:04:16","slug":"vaudou-voodoo-vudu-2","status":"publish","type":"product","link":"https:\/\/www.fivecontinentseditions.com\/fr\/p\/vaudou-voodoo-vudu-2\/","title":{"rendered":"Vaudou | Voodoo | Vud\u00f9"},"content":{"rendered":"<p><strong>La confrontation des portraits en noir et blanc et des autels Vodoun photographi\u00e9s en couleur, r\u00e9alis\u00e9s au B\u00e9nin, nous font rentrer de plein pied dans ce monde fascinant.<\/strong><\/p>\n<p>Les Vodounons sont les grands initi\u00e9s de la religion Vodoun. Chacun d\u2019eux est reli\u00e9 \u00e0un ou plusieurs Vodoun dont il est l\u2019officiant et le gardien. Chaque Vodoun, m\u00eame s\u2019il garde le m\u00eame nom, peut rev\u00eatir des apparences ou des formes diff\u00e9rentes.<br \/>\nLe Vodoun, originaire du Dahomey (appel\u00e9 aujourd\u2019hui B\u00e9nin), remonte \u00e0 la nuit des temps et rel\u00e8ve de la plus haute initiation des temps pass\u00e9s. Il se d\u00e9finit par l\u2019adh\u00e9sion \u00e0une certaine id\u00e9e de la divinit\u00e9, \u00e0une certaine compr\u00e9hension du concept de Dieu. La th\u00e9ologie Vodoun poss\u00e8de une double face. D\u2019une part, un aspect exot\u00e9rique, constitu\u00e9 de croyances et l\u00e9gendes livr\u00e9es aux masses, lesquelles, spirituellement peu d\u00e9velopp\u00e9es, ne peuvent acc\u00e9der \u00e0 la v\u00e9rit\u00e9. D\u2019autre part, un aspect \u00e9sot\u00e9rique, destin\u00e9 aux initi\u00e9s, qui ont atteint la maturit\u00e9 n\u00e9cessaire \u00e0 la r\u00e9alisation de dieu en soi. Cette vision n\u2019est cependant pas moins qu\u2019une apparence trompeuse, car les v\u00e9ritables adeptes ne l\u00e8guent leur science qu\u2019\u00e0travers le langage symbolique, et n\u2019y font que quelques allusions, parfois tr\u00e8s laconiques, de telle mani\u00e8re que si elle tombe par hasard dans les mains d\u2019un profane, elle demeurera incompr\u00e9hensible, illogique, inop\u00e9rante et, par cons\u00e9quent, il n\u2019en retirera aucun b\u00e9n\u00e9fice.<br \/>\nLe travail de Jean-Dominique Burton pr\u00e9sent\u00e9 dans cet ouvrage est avant tout une s\u00e9rie de rencontres et d\u2019\u00e9changes, il montre avec humilit\u00e9 ce qui se cache derri\u00e8re ce \u00ab voile d\u2019Isis \u00bb d\u00e9licatement soulev\u00e9, il ouvre la voie aux myst\u00e8res et donnera \u00e0beaucoup de passionn\u00e9s, l\u2019envie d\u2019en poursuivre la qu\u00eate.<\/p>\n<p><strong>Jean-Dominique Burton<\/strong>, n\u00e9 le 13 octobre 1952 \u00e0Huy (Belgique), apr\u00e8s des \u00e9tudes d\u2019imprimerie et de graphisme, c\u2019est la fascination pour l\u2019image qui le m\u00e8ne naturellement vers la photographie. \u00e0\u20ac la mani\u00e8re d\u2019un arch\u00e9ologue ou d\u2019un ethnologue, il scrute les traces au sol, les faces masqu\u00e9es, les visages d\u2019artistes ou de collectionneurs et tire d\u2019\u00e9nigmatiques portraits d\u2019arbres. Parall\u00e8lement, il voyage de l\u2019Atlas \u00e0 l\u2019Himalaya o\u00f9 il r\u00e9alise de nombreux reportages. Actuellement, il poursuit un travail sur les grands lieux de p\u00e8lerinages \u00e0travers l\u2019ancien et le nouveau monde. Depuis 1979, il a eu droit \u00e0de nombreuses expositions aussi bien en Belgique qu\u2019\u00e0 l\u2019\u00e9tranger et est pr\u00e9sent dans de nombreuses collections publiques et priv\u00e9es.<\/p>\n","protected":false},"excerpt":{"rendered":"<p>La confrontation des portraits en noir et blanc et des autels Vodoun photographi\u00e9s en couleur, r\u00e9alis\u00e9s au B\u00e9nin, nous font rentrer de plein pied dans ce monde fascinant. Les Vodounons sont les grands initi\u00e9s de la religion Vodoun. Chacun d\u2019eux est reli\u00e9 \u00e0un ou plusieurs Vodoun dont il est l\u2019officiant et le gardien. Chaque Vodoun,&hellip;<\/p>\n","protected":false},"featured_media":5395,"template":"","meta":{"_acf_changed":false,"inline_featured_image":false},"product_brand":[],"product_cat":[73],"product_tag":[],"class_list":{"0":"post-5421","1":"product","2":"type-product","3":"status-publish","4":"has-post-thumbnail","6":"product_cat-photographie","7":"disponibilita-si","8":"description-off","10":"first","11":"instock","12":"shipping-taxable","13":"purchasable","14":"product-type-simple"},"acf":[],"_links":{"self":[{"href":"https:\/\/www.fivecontinentseditions.com\/fr\/wp-json\/wp\/v2\/product\/5421","targetHints":{"allow":["GET"]}}],"collection":[{"href":"https:\/\/www.fivecontinentseditions.com\/fr\/wp-json\/wp\/v2\/product"}],"about":[{"href":"https:\/\/www.fivecontinentseditions.com\/fr\/wp-json\/wp\/v2\/types\/product"}],"wp:featuredmedia":[{"embeddable":true,"href":"https:\/\/www.fivecontinentseditions.com\/fr\/wp-json\/wp\/v2\/media\/5395"}],"wp:attachment":[{"href":"https:\/\/www.fivecontinentseditions.com\/fr\/wp-json\/wp\/v2\/media?parent=5421"}],"wp:term":[{"taxonomy":"product_brand","embeddable":true,"href":"https:\/\/www.fivecontinentseditions.com\/fr\/wp-json\/wp\/v2\/product_brand?post=5421"},{"taxonomy":"product_cat","embeddable":true,"href":"https:\/\/www.fivecontinentseditions.com\/fr\/wp-json\/wp\/v2\/product_cat?post=5421"},{"taxonomy":"product_tag","embeddable":true,"href":"https:\/\/www.fivecontinentseditions.com\/fr\/wp-json\/wp\/v2\/product_tag?post=5421"}],"curies":[{"name":"wp","href":"https:\/\/api.w.org\/{rel}","templated":true}]}}