{"id":5376,"date":"2008-06-01T05:00:00","date_gmt":"2008-06-01T05:00:00","guid":{"rendered":"http:\/\/www.fivecontinentseditions.com\/prodotto\/frutta-e-verdura-fruit-vegetables-2\/"},"modified":"2018-02-07T16:26:55","modified_gmt":"2018-02-07T16:26:55","slug":"frutta-e-verdura-fruit-vegetables-2","status":"publish","type":"product","link":"https:\/\/www.fivecontinentseditions.com\/fr\/p\/frutta-e-verdura-fruit-vegetables-2\/","title":{"rendered":"Frutta e Verdura | Fruit &#038; Vegetables"},"content":{"rendered":"<p><strong>Carlo Valsecchi nous accompagne dans un tour du monde \u00e0travers 160 clich\u00e9s color\u00e9s consacr\u00e9s aux fruits et l\u00e9gumes.<\/strong><\/p>\n<p>Le projet photographique de Carlo Valsecchi est tr\u00e8s simple, mais extr\u00eamement riche en substance : depuis un emplacement fixe \u00e9tabli au centre logistique de l&rsquo;entreprise GF Group d&rsquo;Albenga, l&rsquo;artiste est capable de cr\u00e9er, et sur tout de nous faire imaginer un voyage autour de la plan\u00e8te Terre et de ses grands espaces, glissant sous la lentille de l&rsquo;appareil photo des centaines de fruits et l\u00e9gumes provenant du monde entier. Les poires de la Patagonie, les pommes de Chine et du Chili, les fruits exotiques d&rsquo;Am\u00e9rique centrale, nos c\u00e9pages locaux. Cette s\u00e9rie encyclop\u00e9dique d&rsquo;images est une r\u00e9flexion sur la mondialisation et son pouvoir sur la circulation des denr\u00e9es alimentaires, et en particulier ses effets sur la vie quotidienne.<\/p>\n<p><strong>Carlo Valsecchi<\/strong> est n\u00e9 \u00e0Brescia le 30 janvier 1965. Il vit et travaille \u00e0Milan ; plusieurs expositions personnelles lui ont \u00e9t\u00e9 consacr\u00e9es : fondation Guggenheim, Venise, 2000 ; GAMeC, Bergame, 2003 ; Triennale de Milan, 2006. Avec 5 Continents Editions, il a publi\u00e9 <em>2797 &deg;F.<\/em><br \/>\n<strong>Luca Massimo Barbero<\/strong>, historien de l&rsquo;art, est conservateur adjoint \u00e0 la collection Peggy Guggenheim de Venise.<br \/>\n<strong>Giuseppe Barbera<\/strong> est professeur d&rsquo;arboriculture \u00e0l&rsquo;universit\u00e9 de Palerme.<br \/>\n<strong>GF Group<\/strong> s.p.a. est la plus grande entreprise de l&rsquo;Europe m\u00e9diterran\u00e9enne dans l&rsquo;importation et la distribution de fruits et l\u00e9gumes frais depuis plus de trente ans.<\/p>\n","protected":false},"excerpt":{"rendered":"<p>Carlo Valsecchi nous accompagne dans un tour du monde \u00e0travers 160 clich\u00e9s color\u00e9s consacr\u00e9s aux fruits et l\u00e9gumes. Le projet photographique de Carlo Valsecchi est tr\u00e8s simple, mais extr\u00eamement riche en substance : depuis un emplacement fixe \u00e9tabli au centre logistique de l&rsquo;entreprise GF Group d&rsquo;Albenga, l&rsquo;artiste est capable de cr\u00e9er, et sur tout de&hellip;<\/p>\n","protected":false},"featured_media":5351,"template":"","meta":{"_acf_changed":false,"inline_featured_image":false},"product_brand":[],"product_cat":[73],"product_tag":[],"class_list":{"0":"post-5376","1":"product","2":"type-product","3":"status-publish","4":"has-post-thumbnail","6":"product_cat-photographie","7":"disponibilita-si","8":"description-off","10":"first","11":"instock","12":"shipping-taxable","13":"purchasable","14":"product-type-simple"},"acf":[],"_links":{"self":[{"href":"https:\/\/www.fivecontinentseditions.com\/fr\/wp-json\/wp\/v2\/product\/5376","targetHints":{"allow":["GET"]}}],"collection":[{"href":"https:\/\/www.fivecontinentseditions.com\/fr\/wp-json\/wp\/v2\/product"}],"about":[{"href":"https:\/\/www.fivecontinentseditions.com\/fr\/wp-json\/wp\/v2\/types\/product"}],"wp:featuredmedia":[{"embeddable":true,"href":"https:\/\/www.fivecontinentseditions.com\/fr\/wp-json\/wp\/v2\/media\/5351"}],"wp:attachment":[{"href":"https:\/\/www.fivecontinentseditions.com\/fr\/wp-json\/wp\/v2\/media?parent=5376"}],"wp:term":[{"taxonomy":"product_brand","embeddable":true,"href":"https:\/\/www.fivecontinentseditions.com\/fr\/wp-json\/wp\/v2\/product_brand?post=5376"},{"taxonomy":"product_cat","embeddable":true,"href":"https:\/\/www.fivecontinentseditions.com\/fr\/wp-json\/wp\/v2\/product_cat?post=5376"},{"taxonomy":"product_tag","embeddable":true,"href":"https:\/\/www.fivecontinentseditions.com\/fr\/wp-json\/wp\/v2\/product_tag?post=5376"}],"curies":[{"name":"wp","href":"https:\/\/api.w.org\/{rel}","templated":true}]}}