{"id":5349,"date":"2007-07-01T05:00:00","date_gmt":"2007-07-01T05:00:00","guid":{"rendered":"http:\/\/www.fivecontinentseditions.com\/prodotto\/palazzo-farnese-3\/"},"modified":"2023-05-20T07:12:42","modified_gmt":"2023-05-20T07:12:42","slug":"palazzo-farnese-3","status":"publish","type":"product","link":"https:\/\/www.fivecontinentseditions.com\/fr\/p\/palazzo-farnese-3\/","title":{"rendered":"Palazzo Farnese"},"content":{"rendered":"<p><strong>Le Palais Farn\u00e8se est un des \u00e9difices les plus embl\u00e9matiques de la Renaissance et un des Palais les plus c\u00e9l\u00e8bres de Rome. <\/strong><\/p>\n<p>Actuel si\u00e8ge de l\u2019Ambassade de France en Italie, intimement li\u00e9 \u00e0 la figure du Pape Paul III Farn\u00e8se, \u00e9difi\u00e9 et d\u00e9cor\u00e9 afin d\u2019exalter la r\u00e9cente gloire de la famille, ce Palais r\u00e9unit les plus grands artistes du XVIe si\u00e8cle et repr\u00e9sente ainsi une visite incontournable de l\u2019histoire de l\u2019art.<br \/>\nQuatre des plus grands architectes, Antonio da Sangallo le jeune, Michel-Ange, Vignola et Guglielmo della Porta l\u2019ont construit de 1513 \u00e01589.<br \/>\nLes plus grands peintres ont r\u00e9alis\u00e9 sa d\u00e9coration int\u00e9rieure, Daniele da Volterra, Salviati, Zuccari, et enfin les Carrache, offrant \u00e0Rome parmi ses plus belles fresques, notamment la c\u00e9l\u00e8bre Galerie des Carrache.<br \/>\nAbritant l\u2019Ambassade de France et l\u2019Ecole Fran\u00e7aise de Rome depuis 1874 et 1875, seules certaines pi\u00e8ces du Palais Farn\u00e8se sont accessibles aux six visites guid\u00e9es hebdomadaires propos\u00e9es par l\u2019Ambassade en fran\u00e7ais et en italien sur r\u00e9servation, dont le nombre ne parvient pas \u00e0satisfaire la tr\u00e8s grande demande du public.<\/p>\n<p><strong>Fran\u00e7ois-Charles<\/strong> <strong>Uginet<\/strong>, historien, administrateur des Pieux Etablissements de France \u00e0Rome et \u00e0Lorette.<br \/>\n<strong>Elise Gruau<\/strong>, collaborateur du Bureau du livre fran\u00e7ais \u00e0 l\u2019\u00e9tranger chez l\u2019Ambassade et auteur de la lecture iconographique.<br \/>\n<strong>Zeno Colantoni<\/strong>, photographe sp\u00e9cialiste d\u2019\u0153uvres d\u2019art (notamment de sculpture).<\/p>\n","protected":false},"excerpt":{"rendered":"<p>Le Palais Farn\u00e8se est un des \u00e9difices les plus embl\u00e9matiques de la Renaissance et un des Palais les plus c\u00e9l\u00e8bres de Rome. Actuel si\u00e8ge de l\u2019Ambassade de France en Italie, intimement li\u00e9 \u00e0 la figure du Pape Paul III Farn\u00e8se, \u00e9difi\u00e9 et d\u00e9cor\u00e9 afin d\u2019exalter la r\u00e9cente gloire de la famille, ce Palais r\u00e9unit les&hellip;<\/p>\n","protected":false},"featured_media":5326,"template":"","meta":{"_acf_changed":false,"inline_featured_image":false},"product_brand":[],"product_cat":[55,68],"product_tag":[],"class_list":{"0":"post-5349","1":"product","2":"type-product","3":"status-publish","4":"has-post-thumbnail","6":"product_cat-art-ancien","7":"product_cat-art-moderne","8":"disponibilita-si","9":"description-off","11":"first","12":"instock","13":"shipping-taxable","14":"purchasable","15":"product-type-simple"},"acf":[],"_links":{"self":[{"href":"https:\/\/www.fivecontinentseditions.com\/fr\/wp-json\/wp\/v2\/product\/5349","targetHints":{"allow":["GET"]}}],"collection":[{"href":"https:\/\/www.fivecontinentseditions.com\/fr\/wp-json\/wp\/v2\/product"}],"about":[{"href":"https:\/\/www.fivecontinentseditions.com\/fr\/wp-json\/wp\/v2\/types\/product"}],"wp:featuredmedia":[{"embeddable":true,"href":"https:\/\/www.fivecontinentseditions.com\/fr\/wp-json\/wp\/v2\/media\/5326"}],"wp:attachment":[{"href":"https:\/\/www.fivecontinentseditions.com\/fr\/wp-json\/wp\/v2\/media?parent=5349"}],"wp:term":[{"taxonomy":"product_brand","embeddable":true,"href":"https:\/\/www.fivecontinentseditions.com\/fr\/wp-json\/wp\/v2\/product_brand?post=5349"},{"taxonomy":"product_cat","embeddable":true,"href":"https:\/\/www.fivecontinentseditions.com\/fr\/wp-json\/wp\/v2\/product_cat?post=5349"},{"taxonomy":"product_tag","embeddable":true,"href":"https:\/\/www.fivecontinentseditions.com\/fr\/wp-json\/wp\/v2\/product_tag?post=5349"}],"curies":[{"name":"wp","href":"https:\/\/api.w.org\/{rel}","templated":true}]}}