{"id":5202,"date":"2007-09-01T05:00:00","date_gmt":"2007-09-01T05:00:00","guid":{"rendered":"http:\/\/www.fivecontinentseditions.com\/prodotto\/flowers-of-the-moon-2\/"},"modified":"2018-02-07T16:26:35","modified_gmt":"2018-02-07T16:26:35","slug":"flowers-of-the-moon-2","status":"publish","type":"product","link":"https:\/\/www.fivecontinentseditions.com\/fr\/p\/flowers-of-the-moon-2\/","title":{"rendered":"Flowers of the Moon"},"content":{"rendered":"<p><strong>Un regard photographique incroyable sur l&rsquo;une des derni\u00e8res r\u00e9gions sur Terre encore pr\u00e9serv\u00e9e des traces de l&rsquo;homme.<\/strong><\/p>\n<p>Au c&oelig;ur de l&rsquo;afrique se dressent les l\u00e9gendaires Monts de la Lune, connus aujourd&rsquo;hui sous le nom de Rwenzori. On dit que les pics neigeux de cette cha\u00eene majestueuse sont les plus hautes sources du Nil. Le voile de brumes et de nuages dont ils sont envelopp\u00e9s en permanence ajoute un parfum de myst\u00e8re \u00e0ces sommets abrupts et vertigineux. Dans ce d\u00e9cor pr\u00e9historique poussent des plantes si extravagantes et insolites qu&rsquo;elles ont re\u00e7u le surnom de &laquo; gros gibier botanique &raquo;. Fascin\u00e9 par l&rsquo;\u00e9nigmatique beaut\u00e9 de cette v\u00e9g\u00e9tation afroalpine, Sebastian Schutyser nous donne \u00e0voir une autre Afrique, au travers de radieuses photographies en noir et blanc. Mais ses Fleurs de Lune ont aussi pour mission de nous alerter sur les dangers de la d\u00e9forestation et du r\u00e9chauffement climatique qui menacent gravement la plan\u00e8te Terre, notre seule demeure.<\/p>\n<p><strong>Sebastian Schutyser<\/strong> est n\u00e9 \u00e0Bruges en 1968 et a pass\u00e9 son enfance au Congo (alors Za\u00efre). Apr\u00e8s avoir obtenu une ma\u00eetrise de Sciences politiques \u00e0l&rsquo;universit\u00e9 de Gand, il a \u00e9tudi\u00e9 la photographie \u00e0l&rsquo;Acad\u00e9mie royale des Beaux arts de Gand. Il a eu l&rsquo;honneur d&rsquo;une exposition personnelle \u00e0 la Maison Europ\u00e9enne de la Photographie de Paris (2002), au Deutsche Architektur Museum de Francfort (2003), et au Palais des Beaux arts \u00e0Bruxelles (2004-2005). Ses s\u00e9ries photographiques de mosqu\u00e9es en terre ont \u00e9t\u00e9 publi\u00e9es dans <em>Banco. Mosqu\u00e9es en terre du delta int\u00e9rieur du fleuve Niger <\/em>(5 Continents editions, 2003).<\/p>\n","protected":false},"excerpt":{"rendered":"<p>Un regard photographique incroyable sur l&rsquo;une des derni\u00e8res r\u00e9gions sur Terre encore pr\u00e9serv\u00e9e des traces de l&rsquo;homme. Au c&oelig;ur de l&rsquo;afrique se dressent les l\u00e9gendaires Monts de la Lune, connus aujourd&rsquo;hui sous le nom de Rwenzori. On dit que les pics neigeux de cette cha\u00eene majestueuse sont les plus hautes sources du Nil. Le voile&hellip;<\/p>\n","protected":false},"featured_media":5179,"template":"","meta":{"_acf_changed":false,"inline_featured_image":false},"product_brand":[],"product_cat":[73],"product_tag":[],"class_list":{"0":"post-5202","1":"product","2":"type-product","3":"status-publish","4":"has-post-thumbnail","6":"product_cat-photographie","7":"disponibilita-no","8":"description-off","10":"first","11":"outofstock","12":"shipping-taxable","13":"purchasable","14":"product-type-simple"},"acf":[],"_links":{"self":[{"href":"https:\/\/www.fivecontinentseditions.com\/fr\/wp-json\/wp\/v2\/product\/5202","targetHints":{"allow":["GET"]}}],"collection":[{"href":"https:\/\/www.fivecontinentseditions.com\/fr\/wp-json\/wp\/v2\/product"}],"about":[{"href":"https:\/\/www.fivecontinentseditions.com\/fr\/wp-json\/wp\/v2\/types\/product"}],"wp:featuredmedia":[{"embeddable":true,"href":"https:\/\/www.fivecontinentseditions.com\/fr\/wp-json\/wp\/v2\/media\/5179"}],"wp:attachment":[{"href":"https:\/\/www.fivecontinentseditions.com\/fr\/wp-json\/wp\/v2\/media?parent=5202"}],"wp:term":[{"taxonomy":"product_brand","embeddable":true,"href":"https:\/\/www.fivecontinentseditions.com\/fr\/wp-json\/wp\/v2\/product_brand?post=5202"},{"taxonomy":"product_cat","embeddable":true,"href":"https:\/\/www.fivecontinentseditions.com\/fr\/wp-json\/wp\/v2\/product_cat?post=5202"},{"taxonomy":"product_tag","embeddable":true,"href":"https:\/\/www.fivecontinentseditions.com\/fr\/wp-json\/wp\/v2\/product_tag?post=5202"}],"curies":[{"name":"wp","href":"https:\/\/api.w.org\/{rel}","templated":true}]}}