{"id":5103,"date":"2007-06-01T05:00:00","date_gmt":"2007-06-01T05:00:00","guid":{"rendered":"http:\/\/www.fivecontinentseditions.com\/prodotto\/kokoschka-2\/"},"modified":"2018-04-17T09:30:09","modified_gmt":"2018-04-17T09:30:09","slug":"kokoschka-2","status":"publish","type":"product","link":"https:\/\/www.fivecontinentseditions.com\/fr\/p\/kokoschka-2\/","title":{"rendered":"Kokoschka"},"content":{"rendered":"<p><strong>La liaison entre la peinture et la musique dans l\u2019\u0153uvre de Oscar Kokoschka.<\/strong><\/p>\n<p>Pendant toute sa vie Oskar Kokoschka (1886-1980) a fr\u00e9quent\u00e9 les musiciens les plus c\u00e9l\u00e8bres de son \u00e9poque tels que les compositeurs Arnold Sch\u00f6nberg et Alban Berg, le chef-d\u2019orchestre Wilhelm Furtw\u00e4ngler ou le violoncelliste catalan Pablo Casals dont il a fait de nombreux portraits. La Biblioth\u00e8que Centrale de Zurich conserve d\u2019innombrables \u00e9changes de lettres entre Kokoschka et ses amis musiciens dont les extraits les plus impor- tants se trouvent pour la premi\u00e8re fois publi\u00e9s dans cet ouvrage.<br \/>\nPour ses amis, l\u2019artiste a con\u00e7u d\u2019incroyables d\u00e9cors et costumes pour de c\u00e9l\u00e8bres op\u00e9ras pr\u00e9sent\u00e9s \u00e9galement dans cet ouvrage gr\u00e2ce au concours de la fondation Kokoschka. On retrouve, par exemple, les d\u00e9cors r\u00e9alis\u00e9s pour la <em>Fl\u00fbte enchant\u00e9e <\/em>pr\u00e9sent\u00e9e en 1955 \u00e0Salzbourg et en 1965 au Grand Th\u00e9\u00e2tre de Gen\u00e8ve, une suite de pastels qui sont des projets pour les d\u00e9cors du <em>Bal masqu\u00e9 <\/em>de Verdi r\u00e9alis\u00e9s pour le c\u00e9l\u00e8bre festival Maggio Musicale Fiorentino de 1963 et un carnet de croquis pour une mise en sc\u00e8ne de <em>Fidelio <\/em>de Beethoven. Ses textes ont aussi inspir\u00e9 diff\u00e9rents op\u00e9ras et chants. Son amour malheureux avec alma Gustav Mahler, par exemple, est \u00e0 l\u2019origine de sa pi\u00e8ce de th\u00e9\u00e2tre <em>Orph\u00e9e et Eurydice <\/em>qui fut mise en musique par le compositeur autrichien Ernst Krenek. Sa peinture, \u00e9videmment, est le reflet de ce contexte bouillonnant. Quelques tableaux \u00e0 l\u2019appui, ce catalogue pr\u00e9sente \u00e9galement le sujet favori de l\u2019artiste : la description de l\u2019effet de la musique sur l\u2019\u00e2me humaine.<\/p>\n<p><strong>R\u00e9gine Bonnefoit<\/strong>, conservatrice de la Fondation Oskar Kokoschka, Mus\u00e9e Jenisch Vevey. Privatdocent \u00e0 l\u2019universit\u00e9 de Passau en allemagne. Historienne de l\u2019art, elle vient de soutenir sa th\u00e8se d\u2019habilitation sur Paul Klee.<br \/>\n<strong>Ruth H\u00e4usler<\/strong>, conservatrice au d\u00e9partement des manuscrits, Biblioth\u00e8que Centrale de Z\u00fcrich.<\/p>\n","protected":false},"excerpt":{"rendered":"<p>La liaison entre la peinture et la musique dans l\u2019\u0153uvre de Oscar Kokoschka. Pendant toute sa vie Oskar Kokoschka (1886-1980) a fr\u00e9quent\u00e9 les musiciens les plus c\u00e9l\u00e8bres de son \u00e9poque tels que les compositeurs Arnold Sch\u00f6nberg et Alban Berg, le chef-d\u2019orchestre Wilhelm Furtw\u00e4ngler ou le violoncelliste catalan Pablo Casals dont il a fait de nombreux&hellip;<\/p>\n","protected":false},"featured_media":5080,"template":"","meta":{"_acf_changed":false,"inline_featured_image":false},"product_brand":[],"product_cat":[68],"product_tag":[],"class_list":{"0":"post-5103","1":"product","2":"type-product","3":"status-publish","4":"has-post-thumbnail","6":"product_cat-art-moderne","7":"disponibilita-si","8":"description-off","10":"first","11":"outofstock","12":"shipping-taxable","13":"purchasable","14":"product-type-simple"},"acf":[],"_links":{"self":[{"href":"https:\/\/www.fivecontinentseditions.com\/fr\/wp-json\/wp\/v2\/product\/5103","targetHints":{"allow":["GET"]}}],"collection":[{"href":"https:\/\/www.fivecontinentseditions.com\/fr\/wp-json\/wp\/v2\/product"}],"about":[{"href":"https:\/\/www.fivecontinentseditions.com\/fr\/wp-json\/wp\/v2\/types\/product"}],"wp:featuredmedia":[{"embeddable":true,"href":"https:\/\/www.fivecontinentseditions.com\/fr\/wp-json\/wp\/v2\/media\/5080"}],"wp:attachment":[{"href":"https:\/\/www.fivecontinentseditions.com\/fr\/wp-json\/wp\/v2\/media?parent=5103"}],"wp:term":[{"taxonomy":"product_brand","embeddable":true,"href":"https:\/\/www.fivecontinentseditions.com\/fr\/wp-json\/wp\/v2\/product_brand?post=5103"},{"taxonomy":"product_cat","embeddable":true,"href":"https:\/\/www.fivecontinentseditions.com\/fr\/wp-json\/wp\/v2\/product_cat?post=5103"},{"taxonomy":"product_tag","embeddable":true,"href":"https:\/\/www.fivecontinentseditions.com\/fr\/wp-json\/wp\/v2\/product_tag?post=5103"}],"curies":[{"name":"wp","href":"https:\/\/api.w.org\/{rel}","templated":true}]}}