{"id":5076,"date":"2010-09-01T05:00:00","date_gmt":"2010-09-01T05:00:00","guid":{"rendered":"http:\/\/www.fivecontinentseditions.com\/prodotto\/benin-3\/"},"modified":"2018-02-07T16:26:25","modified_gmt":"2018-02-07T16:26:25","slug":"benin-3","status":"publish","type":"product","link":"https:\/\/www.fivecontinentseditions.com\/fr\/p\/benin-3\/","title":{"rendered":"Benin"},"content":{"rendered":"<p><strong>Une lecture accessible qui, en pr\u00e9sentant soixante-trois pi\u00e8ces exemplaires, introduit \u00e0l&rsquo;histoire et \u00e0 la symbolique de l&rsquo;art royal du B\u00e9nin.<\/strong><\/p>\n<p>Ce livre constitue une introduction \u00e0l&rsquo;histoire complexe et \u00e0 la symbolique de l&rsquo;art royal du B\u00e9nin, du XVe au XIXe si\u00e8cle. Plusieurs raisons d\u00e9terminent la place privil\u00e9gi\u00e9e du royaume du B\u00e9nin, situ\u00e9 en Afrique occidentale, dans l&rsquo;art africain. L&rsquo;abondance d&rsquo;&oelig;uvres remarquables est impressionnante, mais ce n&rsquo;est pas seulement la quantit\u00e9 des pi\u00e8ces qui ont orn\u00e9 le site royal pendant des si\u00e8cles qui suscite l&rsquo;admiration : la qualit\u00e9 artistique et la dimension esth\u00e9tique de ces objets exerce aussi une grande fascination. Le laiton et l&rsquo;ivoire ainsi que le corail \u00e9taient privil\u00e9gi\u00e9s au B\u00e9nin car ils \u00e9taient consid\u00e9r\u00e9s comme des mat\u00e9riaux royaux r\u00e9serv\u00e9s aux souverains et, dans une moindre mesure, aux classes sociales sup\u00e9rieures. Les pr\u00e9cieux objets en bronze et les sculptures en ivoire \u00e9taient utilis\u00e9s pour les autels, les rituels et les repr\u00e9sentations qui se d\u00e9roulaient dans l&rsquo;environnement palatial. Leur rayonnement hors d&rsquo;Afrique commence en 1897 quand, butin de guerre coloniale, de nombreuses pi\u00e8ces arrivent en Europe et suscitent un vif int\u00e9r\u00eat aupr\u00e8s des scientifiques et des cercles d&rsquo;amateurs. Ce nouveau titre de la s\u00e9rie &laquo; Visions d&rsquo;Afrique &raquo; pr\u00e9sente aussi les diff\u00e9rentes interpr\u00e9tations du style de ces &oelig;uvres et constitue un document essentiel pour comprendre l&rsquo;un des chapitres les plus fascinant de l&rsquo;histoire de l&rsquo;art africain.<\/p>\n<p><strong>Barbara Plankensteiner<\/strong> commissaire des collections d&rsquo;Afrique subsaharienne au Museum f\u00fcr v\u00f6lkerkunde de Vienne. En 2008, elle a \u00e9t\u00e9 commissaire, avec Kathleen Bickford Berzock, de l&rsquo;exposition &laquo;Benin &ndash; Kings and Rituals: Court Arts from Nigeria&raquo;, \u00e0l&rsquo;Art Institute de Chicago.<\/p>\n","protected":false},"excerpt":{"rendered":"<p>Une lecture accessible qui, en pr\u00e9sentant soixante-trois pi\u00e8ces exemplaires, introduit \u00e0l&rsquo;histoire et \u00e0 la symbolique de l&rsquo;art royal du B\u00e9nin. Ce livre constitue une introduction \u00e0l&rsquo;histoire complexe et \u00e0 la symbolique de l&rsquo;art royal du B\u00e9nin, du XVe au XIXe si\u00e8cle. Plusieurs raisons d\u00e9terminent la place privil\u00e9gi\u00e9e du royaume du B\u00e9nin, situ\u00e9 en Afrique occidentale,&hellip;<\/p>\n","protected":false},"featured_media":5053,"template":"","meta":{"_acf_changed":false,"inline_featured_image":false},"product_brand":[],"product_cat":[54],"product_tag":[],"class_list":{"0":"post-5076","1":"product","2":"type-product","3":"status-publish","4":"has-post-thumbnail","6":"product_cat-art-africain","7":"collana-visions-dafrique","8":"disponibilita-no","9":"description-off","11":"first","12":"outofstock","13":"shipping-taxable","14":"purchasable","15":"product-type-simple"},"acf":[],"_links":{"self":[{"href":"https:\/\/www.fivecontinentseditions.com\/fr\/wp-json\/wp\/v2\/product\/5076","targetHints":{"allow":["GET"]}}],"collection":[{"href":"https:\/\/www.fivecontinentseditions.com\/fr\/wp-json\/wp\/v2\/product"}],"about":[{"href":"https:\/\/www.fivecontinentseditions.com\/fr\/wp-json\/wp\/v2\/types\/product"}],"wp:featuredmedia":[{"embeddable":true,"href":"https:\/\/www.fivecontinentseditions.com\/fr\/wp-json\/wp\/v2\/media\/5053"}],"wp:attachment":[{"href":"https:\/\/www.fivecontinentseditions.com\/fr\/wp-json\/wp\/v2\/media?parent=5076"}],"wp:term":[{"taxonomy":"product_brand","embeddable":true,"href":"https:\/\/www.fivecontinentseditions.com\/fr\/wp-json\/wp\/v2\/product_brand?post=5076"},{"taxonomy":"product_cat","embeddable":true,"href":"https:\/\/www.fivecontinentseditions.com\/fr\/wp-json\/wp\/v2\/product_cat?post=5076"},{"taxonomy":"product_tag","embeddable":true,"href":"https:\/\/www.fivecontinentseditions.com\/fr\/wp-json\/wp\/v2\/product_tag?post=5076"}],"curies":[{"name":"wp","href":"https:\/\/api.w.org\/{rel}","templated":true}]}}