{"id":5010,"date":"2009-11-25T05:00:00","date_gmt":"2009-11-25T05:00:00","guid":{"rendered":"http:\/\/www.fivecontinentseditions.com\/prodotto\/kuba-3\/"},"modified":"2018-04-17T09:40:47","modified_gmt":"2018-04-17T09:40:47","slug":"kuba-3","status":"publish","type":"product","link":"https:\/\/www.fivecontinentseditions.com\/fr\/p\/kuba-3\/","title":{"rendered":"Kuba"},"content":{"rendered":"<p><strong>Un panorama essentiel et fascinant du peuple Kuba, de la R\u00e9publique d\u00e9mocratique du Congo et de son art, illustr\u00e9 par soixante pi\u00e8ces particuli\u00e8rement repr\u00e9sentatives.<\/strong><\/p>\n<p>Cet ouvrage r\u00e9unit pour la premi\u00e8re fois les plus remarquables sp\u00e9cimens de la sculpture et des arts d\u00e9coratifs des Kuba, des objets de bois pour la plupart, issus des plus grands mus\u00e9es et collections particuli\u00e8res du monde entier.<br \/>\nAlors que les figures royales (<em>ndop<\/em>) du peuple Kuba sont consid\u00e9r\u00e9s comme les sculptures les plus achev\u00e9es de toute l\u2019Afrique sub-saharienne, historiquement, les Kuba ont produit tr\u00e8s peu de statues. Ils se consacrent d\u2019une part \u00e0une vari\u00e9t\u00e9 sans pr\u00e9c\u00e9dent d\u2019arts d\u00e9coratifs, utilis\u00e9s comme indicateurs de succ\u00e8s et de r\u00e9ussite. Ils ont aussi r\u00e9alis\u00e9 une grande quantit\u00e9 de masques et autres objets li\u00e9s aux rituels d\u2019initiation, associ\u00e9s aux soci\u00e9t\u00e9s d\u2019hommes dont la principale pr\u00e9occupation demeure la formation des plus jeunes aux valeurs de ces soci\u00e9t\u00e9s et au culte des morts. Cet ouvrage \u00e9tudie les aspirations permanentes des Kuba, perceptibles \u00e0travers la prolif\u00e9ration d\u2019une production artistique directement li\u00e9e au d\u00e9sir de d\u2019ascension sociale et au prestige qui l\u2019accompagne dans les sph\u00e8res politique et \u00e9conomique. Il analyse aussi la croyance dans le pouvoir des esprits de la nature et des esprits des membres de la tribu r\u00e9cemment d\u00e9c\u00e9d\u00e9s.<\/p>\n<p><strong>David A. Binkley<\/strong> a \u00e9t\u00e9 conservateur en chef et responsable en chef de la Recherche et de l\u2019Interpr\u00e9tation au National Museum of African Art, Smithsonian Institution, et du D\u00e9partement des Arts d\u2019Afrique, d\u2019Oc\u00e9anie et des Am\u00e9riques du Nelson-Atkins Museum de Kansas City.<br \/>\n<strong>Patricia Darish<\/strong> a enseign\u00e9 l\u2019histoire de l\u2019art africain \u00e0 la Fondation Kress, D\u00e9partement d\u2019Histoire de l\u2019Art, Universit\u00e9 du Kansas, \u00e0Lawrence, Kansas, et au Kansas City Art Institute.<br \/>\nTous deux ont obtenu un doctorat \u00e0 l\u2019Universit\u00e9 de l\u2019Indiana, ont conduit des recherches intensives sur la r\u00e9gion des Kuba (R\u00e9publique d\u00e9mocratique du Congo) et ont publi\u00e9 de nombreux articles sur les arts et la culture du peuple Kuba.<\/p>\n","protected":false},"excerpt":{"rendered":"<p>Un panorama essentiel et fascinant du peuple Kuba, de la R\u00e9publique d\u00e9mocratique du Congo et de son art, illustr\u00e9 par soixante pi\u00e8ces particuli\u00e8rement repr\u00e9sentatives. Cet ouvrage r\u00e9unit pour la premi\u00e8re fois les plus remarquables sp\u00e9cimens de la sculpture et des arts d\u00e9coratifs des Kuba, des objets de bois pour la plupart, issus des plus grands&hellip;<\/p>\n","protected":false},"featured_media":4987,"template":"","meta":{"_acf_changed":false,"inline_featured_image":false},"product_brand":[],"product_cat":[54],"product_tag":[],"class_list":{"0":"post-5010","1":"product","2":"type-product","3":"status-publish","4":"has-post-thumbnail","6":"product_cat-art-africain","7":"collana-visions-dafrique","8":"disponibilita-no","9":"description-off","11":"first","12":"outofstock","13":"shipping-taxable","14":"purchasable","15":"product-type-simple"},"acf":[],"_links":{"self":[{"href":"https:\/\/www.fivecontinentseditions.com\/fr\/wp-json\/wp\/v2\/product\/5010","targetHints":{"allow":["GET"]}}],"collection":[{"href":"https:\/\/www.fivecontinentseditions.com\/fr\/wp-json\/wp\/v2\/product"}],"about":[{"href":"https:\/\/www.fivecontinentseditions.com\/fr\/wp-json\/wp\/v2\/types\/product"}],"wp:featuredmedia":[{"embeddable":true,"href":"https:\/\/www.fivecontinentseditions.com\/fr\/wp-json\/wp\/v2\/media\/4987"}],"wp:attachment":[{"href":"https:\/\/www.fivecontinentseditions.com\/fr\/wp-json\/wp\/v2\/media?parent=5010"}],"wp:term":[{"taxonomy":"product_brand","embeddable":true,"href":"https:\/\/www.fivecontinentseditions.com\/fr\/wp-json\/wp\/v2\/product_brand?post=5010"},{"taxonomy":"product_cat","embeddable":true,"href":"https:\/\/www.fivecontinentseditions.com\/fr\/wp-json\/wp\/v2\/product_cat?post=5010"},{"taxonomy":"product_tag","embeddable":true,"href":"https:\/\/www.fivecontinentseditions.com\/fr\/wp-json\/wp\/v2\/product_tag?post=5010"}],"curies":[{"name":"wp","href":"https:\/\/api.w.org\/{rel}","templated":true}]}}