{"id":4860,"date":"2007-03-01T05:00:00","date_gmt":"2007-03-01T05:00:00","guid":{"rendered":"http:\/\/www.fivecontinentseditions.com\/prodotto\/frans-post-1612-1680-2\/"},"modified":"2018-04-17T09:48:30","modified_gmt":"2018-04-17T09:48:30","slug":"frans-post-1612-1680-2","status":"publish","type":"product","link":"https:\/\/www.fivecontinentseditions.com\/fr\/p\/frans-post-1612-1680-2\/","title":{"rendered":"Frans Post 1612-1680"},"content":{"rendered":"<p>Il s&rsquo;agit du premier catalogue raisonn\u00e9 de Frans Post (1612-1680) publi\u00e9 ces 30 derni\u00e8res ann\u00e9es.<br \/>\nPost est le premier artiste form\u00e9 dans l&rsquo;ancien monde \u00e0faire des paysages des Am\u00e9riques. Il v\u00e9cut sept ans au Br\u00e9sil (1637-1644) o\u00f9 il peignit sept toiles qui suscitent aujourd&rsquo;hui un grand int\u00e9r\u00eat et qui ont fait l&rsquo;objet d&rsquo;une exposition au mus\u00e9e du Louvre \u00e0 Paris en 2005. De retour en Hollande, il peignit 148 autres \u0153uvres tr\u00e8s recherch\u00e9es des collectionneurs et des mus\u00e9es au cours des derni\u00e8res d\u00e9cennies. Le livre montre l&rsquo;ensemble des 155 peintures connues jusqu&rsquo;\u00e0ce jour, 57 dessins et 35 gravures composant son \u0153uvre. Quatre experts internationaux renomm\u00e9s ont aid\u00e9 les auteurs \u00e0\u00e9tablir le corpus d&rsquo;\u0153uvres authentiques.<\/p>\n","protected":false},"excerpt":{"rendered":"<p>Il s&rsquo;agit du premier catalogue raisonn\u00e9 de Frans Post (1612-1680) publi\u00e9 ces 30 derni\u00e8res ann\u00e9es. Post est le premier artiste form\u00e9 dans l&rsquo;ancien monde \u00e0faire des paysages des Am\u00e9riques. Il v\u00e9cut sept ans au Br\u00e9sil (1637-1644) o\u00f9 il peignit sept toiles qui suscitent aujourd&rsquo;hui un grand int\u00e9r\u00eat et qui ont fait l&rsquo;objet d&rsquo;une exposition au&hellip;<\/p>\n","protected":false},"featured_media":4837,"template":"","meta":{"_acf_changed":false,"inline_featured_image":false},"product_brand":[],"product_cat":[55,68],"product_tag":[],"class_list":{"0":"post-4860","1":"product","2":"type-product","3":"status-publish","4":"has-post-thumbnail","6":"product_cat-art-ancien","7":"product_cat-art-moderne","8":"disponibilita-si","9":"description-off","11":"first","12":"instock","13":"shipping-taxable","14":"purchasable","15":"product-type-simple"},"acf":[],"_links":{"self":[{"href":"https:\/\/www.fivecontinentseditions.com\/fr\/wp-json\/wp\/v2\/product\/4860","targetHints":{"allow":["GET"]}}],"collection":[{"href":"https:\/\/www.fivecontinentseditions.com\/fr\/wp-json\/wp\/v2\/product"}],"about":[{"href":"https:\/\/www.fivecontinentseditions.com\/fr\/wp-json\/wp\/v2\/types\/product"}],"wp:featuredmedia":[{"embeddable":true,"href":"https:\/\/www.fivecontinentseditions.com\/fr\/wp-json\/wp\/v2\/media\/4837"}],"wp:attachment":[{"href":"https:\/\/www.fivecontinentseditions.com\/fr\/wp-json\/wp\/v2\/media?parent=4860"}],"wp:term":[{"taxonomy":"product_brand","embeddable":true,"href":"https:\/\/www.fivecontinentseditions.com\/fr\/wp-json\/wp\/v2\/product_brand?post=4860"},{"taxonomy":"product_cat","embeddable":true,"href":"https:\/\/www.fivecontinentseditions.com\/fr\/wp-json\/wp\/v2\/product_cat?post=4860"},{"taxonomy":"product_tag","embeddable":true,"href":"https:\/\/www.fivecontinentseditions.com\/fr\/wp-json\/wp\/v2\/product_tag?post=4860"}],"curies":[{"name":"wp","href":"https:\/\/api.w.org\/{rel}","templated":true}]}}