{"id":4695,"date":"2008-02-01T05:00:00","date_gmt":"2008-02-01T05:00:00","guid":{"rendered":"http:\/\/www.fivecontinentseditions.com\/prodotto\/pende-2\/"},"modified":"2025-12-20T13:46:34","modified_gmt":"2025-12-20T13:46:34","slug":"pende-2","status":"publish","type":"product","link":"https:\/\/www.fivecontinentseditions.com\/fr\/p\/pende-2\/","title":{"rendered":"Pende"},"content":{"rendered":"<p><strong>Un aper\u00e7u unique de l&rsquo;environnement dynamique de la performance en Afrique centrale tant en ce qui concerne les mascarades que la sculpture.<\/strong><\/p>\n<p>Alors que beaucoup de soci\u00e9t\u00e9s congolaises furent autrefois r\u00e9put\u00e9es pour leurs sorties de masques impressionnantes et pour leurs maisons de chefs sculpt\u00e9es, c&rsquo;est seulement parmi une poign\u00e9e de populations, dont les Pende font partie, que ces ph\u00e9nom\u00e8nes ont \u00e9t\u00e9 \u00e9tudi\u00e9s comme traditions vivantes. Elabor\u00e9 \u00e0partir de recherches de terrain de nombreux chercheurs depuis les ann\u00e9es 1950, l&rsquo;ouvrage offre un aper\u00e7u unique de l&rsquo;environnement dynamique de la performance tant en ce qui concerne les mascarades que la sculpture en Afrique centrale. Autant que faire ce peut, le texte privil\u00e9gie les t\u00e9moignages des Pende afin de comprendre les diff\u00e9rences qui existent entre la pratique rituelle et la forme esth\u00e9tique. Soucieux du contexte historique, il relate aussi comment ces pratiques artistiques ont r\u00e9pondu (parfois de mani\u00e8re impr\u00e9visible) aux pressions coloniales et post-coloniales. Les nombreuses photographies reprennent des oeuvres embl\u00e9matiques et en proposent d&rsquo;autres, in\u00e9dites, s\u00e9lectionn\u00e9es pour illustrer l&rsquo;\u00e9ventail complet de l&rsquo;expression pende.<\/p>\n<p><strong>Zoe S. Strother<\/strong> est Riggio Professor of African Art \u00e0Columbia University \u00e0New York. Elle a suivi des \u00e9tudes d&rsquo;Histoire de l&rsquo;art \u00e0l&rsquo;universit\u00e9 de Yale, o\u00f9 elle a pass\u00e9 son doctorat en 1992. Ces recherches s&rsquo;appuient sur 32 mois de travail chez les Pende de l&rsquo;est et les Pende du Centre. Elle a publi\u00e9 de nombreux \u00e9crits sur les Pende et notamment <em>Inventing Masks: Agency and History in the Art of the Central Pende<\/em> qui re\u00e7ut le &laquo;Arnold Rubin Outstanding Publication Award &raquo;.<\/p>\n","protected":false},"excerpt":{"rendered":"<p>Un aper\u00e7u unique de l&rsquo;environnement dynamique de la performance en Afrique centrale tant en ce qui concerne les mascarades que la sculpture. Alors que beaucoup de soci\u00e9t\u00e9s congolaises furent autrefois r\u00e9put\u00e9es pour leurs sorties de masques impressionnantes et pour leurs maisons de chefs sculpt\u00e9es, c&rsquo;est seulement parmi une poign\u00e9e de populations, dont les Pende font&hellip;<\/p>\n","protected":false},"featured_media":4670,"template":"","meta":{"_acf_changed":false,"inline_featured_image":false},"product_brand":[],"product_cat":[54],"product_tag":[],"class_list":{"0":"post-4695","1":"product","2":"type-product","3":"status-publish","4":"has-post-thumbnail","6":"product_cat-art-africain","7":"collana-visions-dafrique","8":"collana-visions-of-africa","9":"disponibilita-si","10":"description-off","12":"first","13":"instock","14":"shipping-taxable","15":"purchasable","16":"product-type-simple"},"acf":[],"_links":{"self":[{"href":"https:\/\/www.fivecontinentseditions.com\/fr\/wp-json\/wp\/v2\/product\/4695","targetHints":{"allow":["GET"]}}],"collection":[{"href":"https:\/\/www.fivecontinentseditions.com\/fr\/wp-json\/wp\/v2\/product"}],"about":[{"href":"https:\/\/www.fivecontinentseditions.com\/fr\/wp-json\/wp\/v2\/types\/product"}],"wp:featuredmedia":[{"embeddable":true,"href":"https:\/\/www.fivecontinentseditions.com\/fr\/wp-json\/wp\/v2\/media\/4670"}],"wp:attachment":[{"href":"https:\/\/www.fivecontinentseditions.com\/fr\/wp-json\/wp\/v2\/media?parent=4695"}],"wp:term":[{"taxonomy":"product_brand","embeddable":true,"href":"https:\/\/www.fivecontinentseditions.com\/fr\/wp-json\/wp\/v2\/product_brand?post=4695"},{"taxonomy":"product_cat","embeddable":true,"href":"https:\/\/www.fivecontinentseditions.com\/fr\/wp-json\/wp\/v2\/product_cat?post=4695"},{"taxonomy":"product_tag","embeddable":true,"href":"https:\/\/www.fivecontinentseditions.com\/fr\/wp-json\/wp\/v2\/product_tag?post=4695"}],"curies":[{"name":"wp","href":"https:\/\/api.w.org\/{rel}","templated":true}]}}