{"id":4650,"date":"2007-05-22T05:00:00","date_gmt":"2007-05-22T05:00:00","guid":{"rendered":"http:\/\/www.fivecontinentseditions.com\/prodotto\/peng-wan-ts-2\/"},"modified":"2019-07-12T11:41:11","modified_gmt":"2019-07-12T11:41:11","slug":"peng-wan-ts-2","status":"publish","type":"product","link":"https:\/\/www.fivecontinentseditions.com\/fr\/p\/peng-wan-ts-2\/","title":{"rendered":"Peng Wan Ts"},"content":{"rendered":"<p>Cet ouvrage r\u00e9unit pour la premi\u00e8re fois un ensemble repr\u00e9sentatif de l\u2019\u0153uvre du peintre chinois contemporain Peng Wan Ts (peintures \u00e0 l\u2019huile, dessins, po\u00e8mes de l\u2019artiste traduits du chinois). Il s\u2019accompagne de textes pour la plupart in\u00e9dits consacr\u00e9s \u00e0son travail par des \u00e9crivains, historiens de l\u2019art, sinologue, conservateur de mus\u00e9e. L\u2019ouvrage pr\u00e9sente un travail singulier par son parcours et rare par l\u2019intensit\u00e9 et la profondeur de son propos. A la confluence des cultures chinoise et occidentale, ancr\u00e9 tant dans le monde contemporain que dans l\u2019intemporalit\u00e9 du r\u00eave et de l\u2019imaginaire, il r\u00e9alise une rencontre synth\u00e9tique ente l\u2019Extr\u00eame-Orient et l\u2019Occident. Au c\u0153ur de l\u2019\u0153uvre se pose la question existentielle de l\u2019homme dont le corps se fait signe au sein d\u2019un espace pictural rythm\u00e9 par la dialectique du souffle, centrale dans la pens\u00e9e chinoise.<br \/>\nL\u2019ouvrage propose un parcours o\u00f9 la chronologie des r\u00e9alisations s\u2019unit \u00e9troitement au d\u00e9veloppement th\u00e9matique et plastique invitant \u00e0d\u00e9couvrir des \u0153uvres o\u00f9 le trait se sublime.<\/p>\n<p><strong>Peng Wan Ts<\/strong> est n\u00e9 en Chine au Sichuan, en 1939. Apr\u00e8s des \u00e9tudes d\u2019arts plastiques \u00e0 Ta\u00efwan, il s\u2019installe \u00e0 Paris an 1965 o\u00f9 il vit et travaille. Il participe aux Biennales de Paris de 1961, 1969 et 1971 et de S\u00e3o Paulo en 1963. Son travail est pr\u00e9sent\u00e9 en Finlande, en Suisse, en Yougoslavie et en Allemagne.<\/p>\n","protected":false},"excerpt":{"rendered":"<p>Cet ouvrage r\u00e9unit pour la premi\u00e8re fois un ensemble repr\u00e9sentatif de l\u2019\u0153uvre du peintre chinois contemporain Peng Wan Ts (peintures \u00e0 l\u2019huile, dessins, po\u00e8mes de l\u2019artiste traduits du chinois). Il s\u2019accompagne de textes pour la plupart in\u00e9dits consacr\u00e9s \u00e0son travail par des \u00e9crivains, historiens de l\u2019art, sinologue, conservateur de mus\u00e9e. L\u2019ouvrage pr\u00e9sente un travail singulier&hellip;<\/p>\n","protected":false},"featured_media":4627,"template":"","meta":{"_acf_changed":false,"inline_featured_image":false},"product_brand":[],"product_cat":[57],"product_tag":[],"class_list":{"0":"post-4650","1":"product","2":"type-product","3":"status-publish","4":"has-post-thumbnail","6":"product_cat-art-contemporain","7":"disponibilita-si","8":"description-off","10":"first","11":"instock","12":"shipping-taxable","13":"purchasable","14":"product-type-simple"},"acf":[],"_links":{"self":[{"href":"https:\/\/www.fivecontinentseditions.com\/fr\/wp-json\/wp\/v2\/product\/4650","targetHints":{"allow":["GET"]}}],"collection":[{"href":"https:\/\/www.fivecontinentseditions.com\/fr\/wp-json\/wp\/v2\/product"}],"about":[{"href":"https:\/\/www.fivecontinentseditions.com\/fr\/wp-json\/wp\/v2\/types\/product"}],"wp:featuredmedia":[{"embeddable":true,"href":"https:\/\/www.fivecontinentseditions.com\/fr\/wp-json\/wp\/v2\/media\/4627"}],"wp:attachment":[{"href":"https:\/\/www.fivecontinentseditions.com\/fr\/wp-json\/wp\/v2\/media?parent=4650"}],"wp:term":[{"taxonomy":"product_brand","embeddable":true,"href":"https:\/\/www.fivecontinentseditions.com\/fr\/wp-json\/wp\/v2\/product_brand?post=4650"},{"taxonomy":"product_cat","embeddable":true,"href":"https:\/\/www.fivecontinentseditions.com\/fr\/wp-json\/wp\/v2\/product_cat?post=4650"},{"taxonomy":"product_tag","embeddable":true,"href":"https:\/\/www.fivecontinentseditions.com\/fr\/wp-json\/wp\/v2\/product_tag?post=4650"}],"curies":[{"name":"wp","href":"https:\/\/api.w.org\/{rel}","templated":true}]}}