{"id":4623,"date":"2006-12-01T05:00:00","date_gmt":"2006-12-01T05:00:00","guid":{"rendered":"http:\/\/www.fivecontinentseditions.com\/prodotto\/lartiste-collectionneur-de-dessin-i-2\/"},"modified":"2018-04-17T10:02:41","modified_gmt":"2018-04-17T10:02:41","slug":"lartiste-collectionneur-de-dessin-i-2","status":"publish","type":"product","link":"https:\/\/www.fivecontinentseditions.com\/fr\/p\/lartiste-collectionneur-de-dessin-i-2\/","title":{"rendered":"L&rsquo;artiste collectionneur de dessin &#8211; I"},"content":{"rendered":"<p><strong>\u00abUn croquis d\u2019apr\u00e8s l\u2019Antique, une copie d\u2019une \u0153uvre c\u00e9l\u00e8bre ou une esquisse pour une composition&#8230; le dessin regroupe des \u0153uvres aussi vari\u00e9es qu\u2019int\u00e9ressantes.\u00bb Matin Plus.<\/strong><\/p>\n<p>Ce premier volume inaugure une nouvelle s\u00e9rie, co\u00e9dit\u00e9e avec la Soci\u00e9t\u00e9 du dessin (Paris), sur le th\u00e8me de l\u2019artiste collectionneur.<br \/>\nIntroduit par Pierre Rosenberg, de l\u2019Acad\u00e9mie fran\u00e7aise, et sous la direction \u00e9ditoriale de Catherine Monbeig Goguel (C.N.R.S), l\u2019ouvrage r\u00e9unit les communications du premier colloque international consacr\u00e9 au dessin ancien, d\u00e9di\u00e9 plus sp\u00e9cialement \u00e0 la France et \u00e0 l\u2019Italie. Catherine Monbeig Goguel retrace l\u2019histoire des collections d\u2019artistes florentins, de Giorgio Vasari \u00e0Emilio Santarelli. A Rome, la figure de Francesco de Hollanda, correspondant de Michel-Ange, est analys\u00e9e par Sylvie Dewarte-Rosa. Simonetta Prosperi Valenti Rodino s\u2019est attach\u00e9e \u00e0 l\u2019\u00e9tude du milieu artistique romain \u00e0travers le t\u00e9moignage offert par un recueil in\u00e9dit du Padre Resta. Toujours \u00e0Rome, la colonie fran\u00e7aise au XVIIIe est \u00e9tudi\u00e9e par Cordelia Hattori, tandis que Jean-Fran\u00e7ois M\u00e9janes pr\u00e9sente la collection de Charles Natoire, et Fran\u00e7oise Joulie celle de Fran\u00e7ois Boucher. Pour le XIXe si\u00e8cle, la personnalit\u00e9 attachante du peintre Jean Gigoux est \u00e9voqu\u00e9e par John Whiteley comme celle \u00e9tonnante de l\u2019architecte Hippolyte Destailleur par C\u00e9dric Rabeyrolles. Chris Fischer \u00e9tudie la collection de Jens Ferdinand Willumsen, peintre danois r\u00e9cemment expos\u00e9 au mus\u00e9e d\u2019Orsay.<br \/>\nLa conclusion revient \u00e0un couple d\u2019artistes contemporains, Claude Brogratchew et Annie Cardin, qui ont constitu\u00e9 une collection exemplaire au cours des 30 derni\u00e8res ann\u00e9es<\/p>\n","protected":false},"excerpt":{"rendered":"<p>\u00abUn croquis d\u2019apr\u00e8s l\u2019Antique, une copie d\u2019une \u0153uvre c\u00e9l\u00e8bre ou une esquisse pour une composition&#8230; le dessin regroupe des \u0153uvres aussi vari\u00e9es qu\u2019int\u00e9ressantes.\u00bb Matin Plus. Ce premier volume inaugure une nouvelle s\u00e9rie, co\u00e9dit\u00e9e avec la Soci\u00e9t\u00e9 du dessin (Paris), sur le th\u00e8me de l\u2019artiste collectionneur. Introduit par Pierre Rosenberg, de l\u2019Acad\u00e9mie fran\u00e7aise, et sous la&hellip;<\/p>\n","protected":false},"featured_media":4600,"template":"","meta":{"_acf_changed":false,"inline_featured_image":false},"product_brand":[],"product_cat":[68,67],"product_tag":[],"class_list":{"0":"post-4623","1":"product","2":"type-product","3":"status-publish","4":"has-post-thumbnail","6":"product_cat-art-moderne","7":"product_cat-autour-de-lart","8":"disponibilita-no","9":"description-off","11":"first","12":"outofstock","13":"shipping-taxable","14":"purchasable","15":"product-type-simple"},"acf":[],"_links":{"self":[{"href":"https:\/\/www.fivecontinentseditions.com\/fr\/wp-json\/wp\/v2\/product\/4623","targetHints":{"allow":["GET"]}}],"collection":[{"href":"https:\/\/www.fivecontinentseditions.com\/fr\/wp-json\/wp\/v2\/product"}],"about":[{"href":"https:\/\/www.fivecontinentseditions.com\/fr\/wp-json\/wp\/v2\/types\/product"}],"wp:featuredmedia":[{"embeddable":true,"href":"https:\/\/www.fivecontinentseditions.com\/fr\/wp-json\/wp\/v2\/media\/4600"}],"wp:attachment":[{"href":"https:\/\/www.fivecontinentseditions.com\/fr\/wp-json\/wp\/v2\/media?parent=4623"}],"wp:term":[{"taxonomy":"product_brand","embeddable":true,"href":"https:\/\/www.fivecontinentseditions.com\/fr\/wp-json\/wp\/v2\/product_brand?post=4623"},{"taxonomy":"product_cat","embeddable":true,"href":"https:\/\/www.fivecontinentseditions.com\/fr\/wp-json\/wp\/v2\/product_cat?post=4623"},{"taxonomy":"product_tag","embeddable":true,"href":"https:\/\/www.fivecontinentseditions.com\/fr\/wp-json\/wp\/v2\/product_tag?post=4623"}],"curies":[{"name":"wp","href":"https:\/\/api.w.org\/{rel}","templated":true}]}}