{"id":4398,"date":"2009-04-01T05:00:00","date_gmt":"2009-04-01T05:00:00","guid":{"rendered":"http:\/\/www.fivecontinentseditions.com\/prodotto\/bamana-2\/"},"modified":"2022-10-10T16:48:24","modified_gmt":"2022-10-10T16:48:24","slug":"bamana-2","status":"publish","type":"product","link":"https:\/\/www.fivecontinentseditions.com\/fr\/p\/bamana-2\/","title":{"rendered":"Bamana"},"content":{"rendered":"<p>Les Bamana (aussi appel\u00e9s Bambara), puissante ethnie de l\u2019Afrique de l\u2019ouest, font partie de la culture Mande. Le sacr\u00e9 est omnipr\u00e9sent chez les Bamana et leur tradition artistique est extr\u00eamement riche et diversifi\u00e9e. En effet, toute cr\u00e9ation plastique met en action un r\u00e9seau de valeurs complexes, ancr\u00e9es dans un syst\u00e8me de pens\u00e9e et un mode de vie que seule la recherche anthropologique de terrain peut tenter d\u2019approcher et d\u2019\u00e9tudier.<br \/>\nPour replacer les \u0153uvres dans leur contexte local, l\u2019ouvrage passe en revue les initiations des jeunes et les fun\u00e9railles, le fonctionnement des groupements d\u2019entraide agricole et des autres grandes soci\u00e9t\u00e9s initiatiques r\u00e9serv\u00e9es aux adultes tout en mettant l\u2019accent sur les qualit\u00e9s esth\u00e9tiques de ces \u0153uvres. Car ces qualit\u00e9s esth\u00e9tiques sont des crit\u00e8res d\u2019appr\u00e9ciation essentiels que les Bamana recherchent pour que leurs pouvoirs religieux ou politiques soient sublim\u00e9s dans une logique alliant efficacit\u00e9 formelle et conceptuelle.<\/p>\n<p><strong>Jean-Paul Colleyn<\/strong>, anthropologue et r\u00e9alisateur de films documentaires, est directeur d\u2019\u00e9tudes \u00e0 l\u2019Ecole des Hautes Etudes en Sciences Sociales et il a \u00e9galement enseign\u00e9 \u00e0 la New York University. Il est auteur-r\u00e9alisateur d\u2019une trentaine de films documentaires, de plusieurs livres et de nombreux articles consacr\u00e9s \u00e0 l\u2019anthropologie et au Mali o\u00f9 il m\u00e8ne des recherches de terrain depuis 1972.<\/p>\n","protected":false},"excerpt":{"rendered":"<p>Les Bamana (aussi appel\u00e9s Bambara), puissante ethnie de l\u2019Afrique de l\u2019ouest, font partie de la culture Mande. Le sacr\u00e9 est omnipr\u00e9sent chez les Bamana et leur tradition artistique est extr\u00eamement riche et diversifi\u00e9e. En effet, toute cr\u00e9ation plastique met en action un r\u00e9seau de valeurs complexes, ancr\u00e9es dans un syst\u00e8me de pens\u00e9e et un mode&hellip;<\/p>\n","protected":false},"featured_media":4375,"template":"","meta":{"_acf_changed":false,"inline_featured_image":false},"product_brand":[],"product_cat":[54],"product_tag":[],"class_list":{"0":"post-4398","1":"product","2":"type-product","3":"status-publish","4":"has-post-thumbnail","6":"product_cat-art-africain","7":"collana-visions-dafrique","8":"disponibilita-no","9":"description-off","11":"first","12":"outofstock","13":"shipping-taxable","14":"purchasable","15":"product-type-simple"},"acf":[],"_links":{"self":[{"href":"https:\/\/www.fivecontinentseditions.com\/fr\/wp-json\/wp\/v2\/product\/4398","targetHints":{"allow":["GET"]}}],"collection":[{"href":"https:\/\/www.fivecontinentseditions.com\/fr\/wp-json\/wp\/v2\/product"}],"about":[{"href":"https:\/\/www.fivecontinentseditions.com\/fr\/wp-json\/wp\/v2\/types\/product"}],"wp:featuredmedia":[{"embeddable":true,"href":"https:\/\/www.fivecontinentseditions.com\/fr\/wp-json\/wp\/v2\/media\/4375"}],"wp:attachment":[{"href":"https:\/\/www.fivecontinentseditions.com\/fr\/wp-json\/wp\/v2\/media?parent=4398"}],"wp:term":[{"taxonomy":"product_brand","embeddable":true,"href":"https:\/\/www.fivecontinentseditions.com\/fr\/wp-json\/wp\/v2\/product_brand?post=4398"},{"taxonomy":"product_cat","embeddable":true,"href":"https:\/\/www.fivecontinentseditions.com\/fr\/wp-json\/wp\/v2\/product_cat?post=4398"},{"taxonomy":"product_tag","embeddable":true,"href":"https:\/\/www.fivecontinentseditions.com\/fr\/wp-json\/wp\/v2\/product_tag?post=4398"}],"curies":[{"name":"wp","href":"https:\/\/api.w.org\/{rel}","templated":true}]}}