{"id":4371,"date":"2006-09-01T05:00:00","date_gmt":"2006-09-01T05:00:00","guid":{"rendered":"http:\/\/www.fivecontinentseditions.com\/prodotto\/betes-de-style-animals-with-style-2\/"},"modified":"2023-03-14T17:46:17","modified_gmt":"2023-03-14T17:46:17","slug":"betes-de-style-animals-with-style-2","status":"publish","type":"product","link":"https:\/\/www.fivecontinentseditions.com\/fr\/p\/betes-de-style-animals-with-style-2\/","title":{"rendered":"B\u00eates de style | Animals with Style"},"content":{"rendered":"<p>En 2006 le mudac convoque le monde animal. Articul\u00e9e en sept actes ou sections, l\u2019exposition \u00ab B\u00eates de style \u00bb propose des regroupements concentr\u00e9s \u00e0chaque \u00e9tape sur un constat que nous avons pu d\u00e9finir au cours des deux ann\u00e9es de prospection. Sorte de bilan, temporaire et subjectif, le parcours offre un jeu de ping-pong entre l\u2019homme et l\u2019animal alors que ce dernier restera, fondamentalement, toujours une \u00e9nigme.<br \/>\n1. Le prologue \u00e9nonce le propos : Animal mundi ou comment \u00e9voquer la force symbolique de nos rapports \u00e0 l\u2019animal par la nature, les origines, la mythologie et les tabous.<br \/>\n2. A port\u00e9e de regard, une section documente, par des ouvrages de textes, de dessins et d\u2019illustrations, la dimension de la fable, du conte et de la satire.<br \/>\n3. La voix est donn\u00e9e \u00e0 l\u2019animal dans une grande salle proposant un point de vue empathique par l\u2019apport de travaux d\u2019artistes et de designers tentant de s\u2019approcher au mieux des sp\u00e9cificit\u00e9s et de l\u2019ind\u00e9pendance de l\u2019animal. Tentatives de cohabitation utopique et cr\u00e9ations d\u2019objets respectueux de leurs besoins, cette section aborde l\u2019habitat, la protection, les d\u00e9fenses et les \u00abmodes de vie\u00bb du monde animal.<br \/>\n4. Dresser, dompter et dominer sont \u00e0 l\u2019ordre du jour. Deux salles offrent une s\u00e9lection de travaux o\u00f9 l\u2019animal est utilis\u00e9, ses instincts canalis\u00e9s pour satisfaire aux besoins humains et sa nature, v\u00e9cue au prisme des conventions de ses ma\u00eetres. L\u2019instrumentalisation est patente et les propositions souvent d\u00e9capantes, entre rire et indignation.<br \/>\n5. Un espace bazar comble nos penchants anthropomorphistes o\u00f9 mode et soci\u00e9t\u00e9 de consommation alimentent ad nauseam cette appropriation quelque peu na\u00efve du monde animal. Les accessoires de tous bords permettent un arr\u00eat sur image qui peut se lire comme une d\u00e9finition consum\u00e9riste du rapport homme-animal. Sans jugement moral, cette section met en \u00e9vidence le glissement de certains enjeux commerciaux qui, apr\u00e8s l\u2019enfant, convoquent de plus en plus ces charmantes petites b\u00eates.<br \/>\n6. Source d\u2019inspiration formelle fascinante et illimit\u00e9e, l\u2019animal est \u00e0 l\u2019origine de nombreux objets sur le plan stylistique et esth\u00e9tique. Le zoomorphisme domine ce secteur o\u00f9 tables, chaises, lampes, vaisselle et autres objets hi-tech nous rappellent \u00e0chaque pas l\u2019allure, la particularit\u00e9, les richesses visuelles ou chromatiques de tel ou tel animal.<br \/>\n7. Images, tombes, urnes et troph\u00e9es ou l\u2019appropriation ultime, au moment o\u00f9 tous les jeux sont faits. Cette derni\u00e8re \u00e9tape tient compte des diverses formes du rituel accompagnant le passage dans le monde des morts. Les strat\u00e9gies de p\u00e9rennit\u00e9 de la m\u00e9moire \u00e9voquant la perte de l\u2019autre s\u2019emparent de la d\u00e9pouille o\u00f9 le traitement r\u00e9serv\u00e9 \u00e0 l\u2019animal domestique se distingue nettement de celui r\u00e9serv\u00e9 au milieu sauvage ou d\u2019\u00e9levage. L\u2019abattage, la chasse seront \u00e9voqu\u00e9s en contrepoint, rappel de la bestialit\u00e9 de ces m\u00eames soci\u00e9t\u00e9s envers l\u2019animal, o\u00f9 les violences qui lui sont inflig\u00e9es ne sont pas sans mimer les rapports que l\u2019homme entretient avec ses pairs.<\/p>\n","protected":false},"excerpt":{"rendered":"<p>En 2006 le mudac convoque le monde animal. Articul\u00e9e en sept actes ou sections, l\u2019exposition \u00ab B\u00eates de style \u00bb propose des regroupements concentr\u00e9s \u00e0chaque \u00e9tape sur un constat que nous avons pu d\u00e9finir au cours des deux ann\u00e9es de prospection. Sorte de bilan, temporaire et subjectif, le parcours offre un jeu de ping-pong entre&hellip;<\/p>\n","protected":false},"featured_media":4369,"template":"","meta":{"_acf_changed":false,"inline_featured_image":false},"product_brand":[],"product_cat":[75],"product_tag":[],"class_list":{"0":"post-4371","1":"product","2":"type-product","3":"status-publish","4":"has-post-thumbnail","6":"product_cat-mode-et-design","7":"disponibilita-si","8":"description-off","10":"first","11":"instock","12":"shipping-taxable","13":"purchasable","14":"product-type-simple"},"acf":[],"_links":{"self":[{"href":"https:\/\/www.fivecontinentseditions.com\/fr\/wp-json\/wp\/v2\/product\/4371","targetHints":{"allow":["GET"]}}],"collection":[{"href":"https:\/\/www.fivecontinentseditions.com\/fr\/wp-json\/wp\/v2\/product"}],"about":[{"href":"https:\/\/www.fivecontinentseditions.com\/fr\/wp-json\/wp\/v2\/types\/product"}],"wp:featuredmedia":[{"embeddable":true,"href":"https:\/\/www.fivecontinentseditions.com\/fr\/wp-json\/wp\/v2\/media\/4369"}],"wp:attachment":[{"href":"https:\/\/www.fivecontinentseditions.com\/fr\/wp-json\/wp\/v2\/media?parent=4371"}],"wp:term":[{"taxonomy":"product_brand","embeddable":true,"href":"https:\/\/www.fivecontinentseditions.com\/fr\/wp-json\/wp\/v2\/product_brand?post=4371"},{"taxonomy":"product_cat","embeddable":true,"href":"https:\/\/www.fivecontinentseditions.com\/fr\/wp-json\/wp\/v2\/product_cat?post=4371"},{"taxonomy":"product_tag","embeddable":true,"href":"https:\/\/www.fivecontinentseditions.com\/fr\/wp-json\/wp\/v2\/product_tag?post=4371"}],"curies":[{"name":"wp","href":"https:\/\/api.w.org\/{rel}","templated":true}]}}