{"id":4365,"date":"2006-05-01T05:00:00","date_gmt":"2006-05-01T05:00:00","guid":{"rendered":"http:\/\/www.fivecontinentseditions.com\/prodotto\/family-shops-4\/"},"modified":"2018-02-07T16:25:04","modified_gmt":"2018-02-07T16:25:04","slug":"family-shops-4","status":"publish","type":"product","link":"https:\/\/www.fivecontinentseditions.com\/fr\/p\/family-shops-4\/","title":{"rendered":"Family Shops"},"content":{"rendered":"<p><strong>Une histoire photographique intrigante dans les boutiques familiales \u00e0travers le monde.<\/strong><\/p>\n<p>Le photographe italien Paolo Pellizzari a parcouru le monde d&rsquo;Asmara \u00e0Shanghai, de Los Angeles \u00e0Marrakech, pour photographier de petits d\u00e9taillants dans leur magasin de famille. Ses photos panoramiques et color\u00e9es repr\u00e9sentent des gens partout dans le monde qui, en d\u00e9pit de la mondialisation, continuent \u00e0faire ce que qu&rsquo;ont fait leurs parents: g\u00e9rer l&rsquo;entreprise familiale.<\/p>\n<p><strong>Paolo Pellizzari <\/strong>a re\u00e7u le prix du meilleur photographe couleur de l&rsquo;ann\u00e9e d\u00e9cern\u00e9 par la Soci\u00e9t\u00e9 fran\u00e7aise de photographie. Il a photographi\u00e9 le Tour de france et la Coupe du monde en 2002 et a contribu\u00e9 \u00e0de nombreux magazines et journaux fran\u00e7ais, dont <em>Lib\u00e9ration. <\/em>Il a publi\u00e9 trois livres avec 5 Continents Editions, dont <em>Un milliard d&rsquo;Indiens et Tours du monde.<\/em><\/p>\n","protected":false},"excerpt":{"rendered":"<p>Une histoire photographique intrigante dans les boutiques familiales \u00e0travers le monde. Le photographe italien Paolo Pellizzari a parcouru le monde d&rsquo;Asmara \u00e0Shanghai, de Los Angeles \u00e0Marrakech, pour photographier de petits d\u00e9taillants dans leur magasin de famille. Ses photos panoramiques et color\u00e9es repr\u00e9sentent des gens partout dans le monde qui, en d\u00e9pit de la mondialisation, continuent&hellip;<\/p>\n","protected":false},"featured_media":4340,"template":"","meta":{"_acf_changed":false,"inline_featured_image":false},"product_brand":[],"product_cat":[73],"product_tag":[],"class_list":{"0":"post-4365","1":"product","2":"type-product","3":"status-publish","4":"has-post-thumbnail","6":"product_cat-photographie","7":"disponibilita-si","8":"description-off","10":"first","11":"outofstock","12":"shipping-taxable","13":"purchasable","14":"product-type-simple"},"acf":[],"_links":{"self":[{"href":"https:\/\/www.fivecontinentseditions.com\/fr\/wp-json\/wp\/v2\/product\/4365","targetHints":{"allow":["GET"]}}],"collection":[{"href":"https:\/\/www.fivecontinentseditions.com\/fr\/wp-json\/wp\/v2\/product"}],"about":[{"href":"https:\/\/www.fivecontinentseditions.com\/fr\/wp-json\/wp\/v2\/types\/product"}],"wp:featuredmedia":[{"embeddable":true,"href":"https:\/\/www.fivecontinentseditions.com\/fr\/wp-json\/wp\/v2\/media\/4340"}],"wp:attachment":[{"href":"https:\/\/www.fivecontinentseditions.com\/fr\/wp-json\/wp\/v2\/media?parent=4365"}],"wp:term":[{"taxonomy":"product_brand","embeddable":true,"href":"https:\/\/www.fivecontinentseditions.com\/fr\/wp-json\/wp\/v2\/product_brand?post=4365"},{"taxonomy":"product_cat","embeddable":true,"href":"https:\/\/www.fivecontinentseditions.com\/fr\/wp-json\/wp\/v2\/product_cat?post=4365"},{"taxonomy":"product_tag","embeddable":true,"href":"https:\/\/www.fivecontinentseditions.com\/fr\/wp-json\/wp\/v2\/product_tag?post=4365"}],"curies":[{"name":"wp","href":"https:\/\/api.w.org\/{rel}","templated":true}]}}