{"id":4326,"date":"2006-05-01T05:00:00","date_gmt":"2006-05-01T05:00:00","guid":{"rendered":"http:\/\/www.fivecontinentseditions.com\/prodotto\/view-master-2\/"},"modified":"2018-04-17T10:18:01","modified_gmt":"2018-04-17T10:18:01","slug":"view-master-2","status":"publish","type":"product","link":"https:\/\/www.fivecontinentseditions.com\/fr\/p\/view-master-2\/","title":{"rendered":"View-Master"},"content":{"rendered":"<p>Le plaisir adulte de la r\u00e9gression et du retour \u00e0 la nature est pr\u00e9sent dans l\u2019\u0153uvre <em>View-Master<\/em> de Giovanni Frangi.<br \/>\nL\u2019artiste a su cr\u00e9er une atmosph\u00e8re unique dans les trois salles d\u2019exposition, r\u00e9cipient symbolique de visions spectaculaires autour de l\u2019id\u00e9e du d\u00e9gel et des fonds maritimes. Le regard ne peut s\u2019y d\u00e9ployer librement sur l\u2019horizon, il doit chercher, scruter \u00e0travers des trous qui obligent \u00e0 la monocularit\u00e9, \u00e0une observation attentive et raisonn\u00e9e. L\u2019espace est clos dans un \u00e9norme contenant noir qui retient l\u2019anticipation et rend pleinement conscient de la d\u00e9couverte. La vision st\u00e9r\u00e9oscopique se fait gr\u00e2ce \u00e0 la repr\u00e9sentation de r\u00e9alit\u00e9s diam\u00e9tralement oppos\u00e9es, o\u00f9 les lignes d\u2019horizon sont invers\u00e9es et o\u00f9 \u00ab l\u2019approche du port devient d\u00e9part, la lueur dans le lointain, l\u00e0\u00a0-bas, devient ici une lumi\u00e8re au z\u00e9nith\u2026 \u00bb (G. Agosti).<\/p>\n","protected":false},"excerpt":{"rendered":"<p>Le plaisir adulte de la r\u00e9gression et du retour \u00e0 la nature est pr\u00e9sent dans l\u2019\u0153uvre View-Master de Giovanni Frangi. L\u2019artiste a su cr\u00e9er une atmosph\u00e8re unique dans les trois salles d\u2019exposition, r\u00e9cipient symbolique de visions spectaculaires autour de l\u2019id\u00e9e du d\u00e9gel et des fonds maritimes. Le regard ne peut s\u2019y d\u00e9ployer librement sur l\u2019horizon,&hellip;<\/p>\n","protected":false},"featured_media":4303,"template":"","meta":{"_acf_changed":false,"inline_featured_image":false},"product_brand":[],"product_cat":[57],"product_tag":[],"class_list":{"0":"post-4326","1":"product","2":"type-product","3":"status-publish","4":"has-post-thumbnail","6":"product_cat-art-contemporain","7":"disponibilita-si","8":"description-off","10":"first","11":"outofstock","12":"shipping-taxable","13":"purchasable","14":"product-type-simple"},"acf":[],"_links":{"self":[{"href":"https:\/\/www.fivecontinentseditions.com\/fr\/wp-json\/wp\/v2\/product\/4326","targetHints":{"allow":["GET"]}}],"collection":[{"href":"https:\/\/www.fivecontinentseditions.com\/fr\/wp-json\/wp\/v2\/product"}],"about":[{"href":"https:\/\/www.fivecontinentseditions.com\/fr\/wp-json\/wp\/v2\/types\/product"}],"wp:featuredmedia":[{"embeddable":true,"href":"https:\/\/www.fivecontinentseditions.com\/fr\/wp-json\/wp\/v2\/media\/4303"}],"wp:attachment":[{"href":"https:\/\/www.fivecontinentseditions.com\/fr\/wp-json\/wp\/v2\/media?parent=4326"}],"wp:term":[{"taxonomy":"product_brand","embeddable":true,"href":"https:\/\/www.fivecontinentseditions.com\/fr\/wp-json\/wp\/v2\/product_brand?post=4326"},{"taxonomy":"product_cat","embeddable":true,"href":"https:\/\/www.fivecontinentseditions.com\/fr\/wp-json\/wp\/v2\/product_cat?post=4326"},{"taxonomy":"product_tag","embeddable":true,"href":"https:\/\/www.fivecontinentseditions.com\/fr\/wp-json\/wp\/v2\/product_tag?post=4326"}],"curies":[{"name":"wp","href":"https:\/\/api.w.org\/{rel}","templated":true}]}}