{"id":4221,"date":"2006-05-01T05:00:00","date_gmt":"2006-05-01T05:00:00","guid":{"rendered":"http:\/\/www.fivecontinentseditions.com\/prodotto\/bilad-al-soudan-4\/"},"modified":"2018-02-07T16:24:50","modified_gmt":"2018-02-07T16:24:50","slug":"bilad-al-soudan-4","status":"publish","type":"product","link":"https:\/\/www.fivecontinentseditions.com\/fr\/p\/bilad-al-soudan-4\/","title":{"rendered":"Bilad al-Soudan"},"content":{"rendered":"<p>Le Soudan, pour \u00eatre le plus grand pays d&rsquo;Afrique, n&rsquo;en reste pas moins l&rsquo;un des moins connus. Peu expos\u00e9s aux atteintes de la civilisation, les Nilotiques ont conserv\u00e9, \u00e0peu pr\u00e8s intacte, l&rsquo;int\u00e9grit\u00e9 de leurs moeurs et de leurs coutumes. Courageux et batailleurs, ne supportant aucune d\u00e9pendance, \u00e9lev\u00e9s \u00e0l&rsquo;\u00e9cole de la faim et de la souffrance, n&rsquo;ayant pour faire valoir leurs droits que leurs massues et leurs lances, ils s&rsquo;adaptent \u00e0 la rigueur d&rsquo;une vie que leur impose la nature et, gardant leur fiert\u00e9 dans cette adaptation, se suffisent \u00e0eux-m\u00eames.<\/p>\n<p>Cependant, une surveillance militaire apprend \u00e0ces peuples par ailleurs sans gouvernement, sans institutions juridiques et sans structures politiques, leur d\u00e9pendance de Khartoum. Ayant pass\u00e9 au Soudan des s\u00e9jours heureux et enrichissants au cours desquels il a essay\u00e9 de saisir l&rsquo;essentiel de ce peuple et ses qualit\u00e9s originelles, Jean-Baptiste Sevette a pu appr\u00e9cier la droiture du caract\u00e8re, la puret\u00e9 et l&rsquo;orgueil de ces p\u00e2tres, dont l&rsquo;ing\u00e9nuit\u00e9 semble appartenir \u00e0une \u00e9poque r\u00e9volue. Et c&rsquo;est pourquoi il a eu \u00e0c&oelig;ur, comme on jette un dernier regard sur des valeurs que l&rsquo;on sent menac\u00e9es, de fixer par l&rsquo;image et le r\u00e9cit les traits caract\u00e9ristiques de la simplicit\u00e9, de la na\u00efvet\u00e9 et de la p\u00e9rennit\u00e9 de ce peuple de pasteurs dont le destin est, depuis des mill\u00e9naires, si intimement et si exclusivement li\u00e9 \u00e0son b\u00e9tail. Il est \u00e0craindre que la noblesse de ces fils de la nature n&rsquo;ait plus de place que dans le souvenir des hommes qui auront eu la chance de les conna\u00eetre et de les aimer.<\/p>\n<p><strong>Jean-Baptiste Sevette<\/strong>, engag\u00e9 comme photographe par la mission suisse au Soudan de 1967 \u00e01982, a travaill\u00e9 neuf ans sous la direction du professeur Bonnet. C&rsquo;est \u00e0 la faveur de cette exp\u00e9rience humaine autant que professionnelle qu&rsquo;il put surprendre d&rsquo;une mani\u00e8re privil\u00e9gi\u00e9e le quotidien de nombreuses ethnies. Ce t\u00e9moignage photographique est sans doute l&rsquo;un des derniers port\u00e9s sur ces peuples chass\u00e9s de l&rsquo;histoire.<\/p>\n","protected":false},"excerpt":{"rendered":"<p>Le Soudan, pour \u00eatre le plus grand pays d&rsquo;Afrique, n&rsquo;en reste pas moins l&rsquo;un des moins connus. Peu expos\u00e9s aux atteintes de la civilisation, les Nilotiques ont conserv\u00e9, \u00e0peu pr\u00e8s intacte, l&rsquo;int\u00e9grit\u00e9 de leurs moeurs et de leurs coutumes. Courageux et batailleurs, ne supportant aucune d\u00e9pendance, \u00e9lev\u00e9s \u00e0l&rsquo;\u00e9cole de la faim et de la souffrance,&hellip;<\/p>\n","protected":false},"featured_media":4196,"template":"","meta":{"_acf_changed":false,"inline_featured_image":false},"product_brand":[],"product_cat":[73],"product_tag":[],"class_list":{"0":"post-4221","1":"product","2":"type-product","3":"status-publish","4":"has-post-thumbnail","6":"product_cat-photographie","7":"disponibilita-no","8":"description-off","10":"first","11":"outofstock","12":"shipping-taxable","13":"purchasable","14":"product-type-simple"},"acf":[],"_links":{"self":[{"href":"https:\/\/www.fivecontinentseditions.com\/fr\/wp-json\/wp\/v2\/product\/4221","targetHints":{"allow":["GET"]}}],"collection":[{"href":"https:\/\/www.fivecontinentseditions.com\/fr\/wp-json\/wp\/v2\/product"}],"about":[{"href":"https:\/\/www.fivecontinentseditions.com\/fr\/wp-json\/wp\/v2\/types\/product"}],"wp:featuredmedia":[{"embeddable":true,"href":"https:\/\/www.fivecontinentseditions.com\/fr\/wp-json\/wp\/v2\/media\/4196"}],"wp:attachment":[{"href":"https:\/\/www.fivecontinentseditions.com\/fr\/wp-json\/wp\/v2\/media?parent=4221"}],"wp:term":[{"taxonomy":"product_brand","embeddable":true,"href":"https:\/\/www.fivecontinentseditions.com\/fr\/wp-json\/wp\/v2\/product_brand?post=4221"},{"taxonomy":"product_cat","embeddable":true,"href":"https:\/\/www.fivecontinentseditions.com\/fr\/wp-json\/wp\/v2\/product_cat?post=4221"},{"taxonomy":"product_tag","embeddable":true,"href":"https:\/\/www.fivecontinentseditions.com\/fr\/wp-json\/wp\/v2\/product_tag?post=4221"}],"curies":[{"name":"wp","href":"https:\/\/api.w.org\/{rel}","templated":true}]}}