{"id":4134,"date":"2006-05-01T05:00:00","date_gmt":"2006-05-01T05:00:00","guid":{"rendered":"http:\/\/www.fivecontinentseditions.com\/prodotto\/xikrin-2\/"},"modified":"2018-04-17T10:32:29","modified_gmt":"2018-04-17T10:32:29","slug":"xikrin-2","status":"publish","type":"product","link":"https:\/\/www.fivecontinentseditions.com\/fr\/p\/xikrin-2\/","title":{"rendered":"Xikrin"},"content":{"rendered":"<p>S\u2019il est un peuple indig\u00e8ne miracul\u00e9, ce sont bien les Kayapo du Br\u00e9sil central, \u00e0savoir leur groupe connu sous le nom de xikrin du Catet\u00e9. De moins de cent individus en 1967, au lendemain d\u2019entrer en contact avec notre civilisation occidentale, moderne et industrielle, et \u00e0 la veille d\u2019en d\u00e9pendre pour toujours, ces Indiens ont pass\u00e9 \u00e0750 individus gr\u00e2ce \u00e0 la prompte intervention de personnes motiv\u00e9es comme Ren\u00e9 Fuerst. Ultime t\u00e9moin d\u2019une \u00e9poque et d\u2019une existence d\u00e9sormais r\u00e9volues, l\u2019ethnologue suisse nous les rappelle par le texte et par l\u2019image.<br \/>\nAu-del\u00e0des descriptions et des commentaires de l\u2019auteur sur les divers aspects de cette culture mat\u00e9rielle tr\u00e8s simple mais faisant preuve d\u2019\u00e9tonnantes facult\u00e9s d\u2019adaptation et d\u2019imagination, ses photographies en bichromie parlent d\u2019elles-m\u00eames. Malgr\u00e9 la qualit\u00e9 remarquable de ces derni\u00e8res, les planches \u00e0 la gouache qui constituent l\u2019autre volet de l\u2019illustration de cet ouvrage apparaissent plus spectaculaires encore. Portant sur deux aspects \u201ccolor\u00e9s\u201d de la culture xikrin, la peinture du corps et l\u2019art de la plume, comme disent les experts, vingt-quatre planches ont \u00e9t\u00e9 r\u00e9alis\u00e9es avec une pr\u00e9cision et une minutie qui en font des documents iconographiques uniques, in\u00e9dits et rarissimes.<\/p>\n<p><strong>Ren\u00e9 Fuerst<\/strong>, ethnologue, sp\u00e9cialiste et vaillant d\u00e9fenseur des Indiens d\u2019amazonie d\u00e8s 1955, \u00e9tait l\u2019un des membres de la mission d\u2019enqu\u00eate \u00e0 la fois du Comit\u00e9 International de la Croix-Rouge (1970) et de l\u2019Aborigines Protection Society (1972), \u00e0Londres, mais fut en 1975 interdit de s\u00e9jour par les autorit\u00e9s br\u00e9siliennes suite \u00e0ses critiques de la politique indig\u00e9niste officielle.<\/p>\n","protected":false},"excerpt":{"rendered":"<p>S\u2019il est un peuple indig\u00e8ne miracul\u00e9, ce sont bien les Kayapo du Br\u00e9sil central, \u00e0savoir leur groupe connu sous le nom de xikrin du Catet\u00e9. De moins de cent individus en 1967, au lendemain d\u2019entrer en contact avec notre civilisation occidentale, moderne et industrielle, et \u00e0 la veille d\u2019en d\u00e9pendre pour toujours, ces Indiens ont&hellip;<\/p>\n","protected":false},"featured_media":4111,"template":"","meta":{"_acf_changed":false,"inline_featured_image":false},"product_brand":[],"product_cat":[73],"product_tag":[],"class_list":{"0":"post-4134","1":"product","2":"type-product","3":"status-publish","4":"has-post-thumbnail","6":"product_cat-photographie","7":"disponibilita-no","8":"description-off","10":"first","11":"outofstock","12":"shipping-taxable","13":"purchasable","14":"product-type-simple"},"acf":[],"_links":{"self":[{"href":"https:\/\/www.fivecontinentseditions.com\/fr\/wp-json\/wp\/v2\/product\/4134","targetHints":{"allow":["GET"]}}],"collection":[{"href":"https:\/\/www.fivecontinentseditions.com\/fr\/wp-json\/wp\/v2\/product"}],"about":[{"href":"https:\/\/www.fivecontinentseditions.com\/fr\/wp-json\/wp\/v2\/types\/product"}],"wp:featuredmedia":[{"embeddable":true,"href":"https:\/\/www.fivecontinentseditions.com\/fr\/wp-json\/wp\/v2\/media\/4111"}],"wp:attachment":[{"href":"https:\/\/www.fivecontinentseditions.com\/fr\/wp-json\/wp\/v2\/media?parent=4134"}],"wp:term":[{"taxonomy":"product_brand","embeddable":true,"href":"https:\/\/www.fivecontinentseditions.com\/fr\/wp-json\/wp\/v2\/product_brand?post=4134"},{"taxonomy":"product_cat","embeddable":true,"href":"https:\/\/www.fivecontinentseditions.com\/fr\/wp-json\/wp\/v2\/product_cat?post=4134"},{"taxonomy":"product_tag","embeddable":true,"href":"https:\/\/www.fivecontinentseditions.com\/fr\/wp-json\/wp\/v2\/product_tag?post=4134"}],"curies":[{"name":"wp","href":"https:\/\/api.w.org\/{rel}","templated":true}]}}