{"id":3993,"date":"2006-05-01T05:00:00","date_gmt":"2006-05-01T05:00:00","guid":{"rendered":"http:\/\/www.fivecontinentseditions.com\/prodotto\/silent-worlds-2\/"},"modified":"2018-04-17T11:03:04","modified_gmt":"2018-04-17T11:03:04","slug":"silent-worlds-2","status":"publish","type":"product","link":"https:\/\/www.fivecontinentseditions.com\/fr\/p\/silent-worlds-2\/","title":{"rendered":"Silent Worlds"},"content":{"rendered":"<p>Une certitude si\u00e8ge dans le coeur d\u2019Olivier M\u00e9riel et son \u0153il photographique la d\u00e9voile : le monde est bien davantage que ce qu\u2019il consent \u00e0nous montrer. Le travail argentique strict, que nul artifice ne vient corrompre, creuse, en alchimiste, la mati\u00e8re vivante. Il s\u2019agit d\u2019un questionnement d\u2019une lenteur nourrici\u00e8re, comme une marche.<br \/>\nLes deux p\u00f4les soutiennent le monde visible, territoire de cette qu\u00eate. \u00e0\u20acrgent min\u00e9ral et satur\u00e9, charbon des abysses. Au milieu, l\u2019homme, en conscience, le seul porteur de cette \u00e9nigmatique h\u00e9ritage qui le conduit \u00e0t\u00e9moigner. La fr\u00e9quentation des ext\u00e9rieurs a mis en lumi\u00e8re l\u2019omnipotence du ciel. Plus r\u00e9cemment, Olivier M\u00e9riel s\u2019est retir\u00e9 dans la forteresse des coeurs humains, les murs. Et cependant, rien n\u2019a chang\u00e9. Dans cette radiographie d\u2019une aust\u00e8re sensualit\u00e9, vide d\u2019anecdotique pr\u00e9sence humaine, l\u2019ombre et la lumi\u00e8re r\u00e9affirment la v\u00e9rit\u00e9 r\u00e9v\u00e9l\u00e9e du regard : le ciel est notre source. (Vincent Hamel)<\/p>\n<p><strong>Olivier M\u00e9riel<\/strong>, il pratique la photographie depuis 26 ans. Des s\u00e9jours effectu\u00e9s en Irlande (1973) et en Islande (1982) ont jou\u00e9 en particulier un r\u00f4le d\u00e9cisif dans les choix faits par Olivier M\u00e9riel, orientant son int\u00e9r\u00eat vers le paysage et favorisant son go\u00fbt pour le clair-obscur. La singularit\u00e9 de son \u0153uvre r\u00e9side surtout dans une ma\u00eetrise parfaite des ombres et des lumi\u00e8res. La rigueur de son regard et le caract\u00e8re sensible de son travail lui ont valu d&rsquo;importantes commandes publiques (Mus\u00e9e de Calais, Maison de Victor Hugo et les \u00eeles Lofoten en Norv\u00e8ge).<\/p>\n","protected":false},"excerpt":{"rendered":"<p>Une certitude si\u00e8ge dans le coeur d\u2019Olivier M\u00e9riel et son \u0153il photographique la d\u00e9voile : le monde est bien davantage que ce qu\u2019il consent \u00e0nous montrer. Le travail argentique strict, que nul artifice ne vient corrompre, creuse, en alchimiste, la mati\u00e8re vivante. Il s\u2019agit d\u2019un questionnement d\u2019une lenteur nourrici\u00e8re, comme une marche. Les deux p\u00f4les&hellip;<\/p>\n","protected":false},"featured_media":3970,"template":"","meta":{"_acf_changed":false,"inline_featured_image":false},"product_brand":[],"product_cat":[73],"product_tag":[],"class_list":{"0":"post-3993","1":"product","2":"type-product","3":"status-publish","4":"has-post-thumbnail","6":"product_cat-photographie","7":"disponibilita-si","8":"description-off","10":"first","11":"instock","12":"shipping-taxable","13":"purchasable","14":"product-type-simple"},"acf":[],"_links":{"self":[{"href":"https:\/\/www.fivecontinentseditions.com\/fr\/wp-json\/wp\/v2\/product\/3993","targetHints":{"allow":["GET"]}}],"collection":[{"href":"https:\/\/www.fivecontinentseditions.com\/fr\/wp-json\/wp\/v2\/product"}],"about":[{"href":"https:\/\/www.fivecontinentseditions.com\/fr\/wp-json\/wp\/v2\/types\/product"}],"wp:featuredmedia":[{"embeddable":true,"href":"https:\/\/www.fivecontinentseditions.com\/fr\/wp-json\/wp\/v2\/media\/3970"}],"wp:attachment":[{"href":"https:\/\/www.fivecontinentseditions.com\/fr\/wp-json\/wp\/v2\/media?parent=3993"}],"wp:term":[{"taxonomy":"product_brand","embeddable":true,"href":"https:\/\/www.fivecontinentseditions.com\/fr\/wp-json\/wp\/v2\/product_brand?post=3993"},{"taxonomy":"product_cat","embeddable":true,"href":"https:\/\/www.fivecontinentseditions.com\/fr\/wp-json\/wp\/v2\/product_cat?post=3993"},{"taxonomy":"product_tag","embeddable":true,"href":"https:\/\/www.fivecontinentseditions.com\/fr\/wp-json\/wp\/v2\/product_tag?post=3993"}],"curies":[{"name":"wp","href":"https:\/\/api.w.org\/{rel}","templated":true}]}}