{"id":3692,"date":"2006-11-01T05:00:00","date_gmt":"2006-11-01T05:00:00","guid":{"rendered":"http:\/\/www.fivecontinentseditions.com\/prodotto\/mont-saint-michel-2\/"},"modified":"2018-04-17T14:43:48","modified_gmt":"2018-04-17T14:43:48","slug":"mont-saint-michel-2","status":"publish","type":"product","link":"https:\/\/www.fivecontinentseditions.com\/fr\/p\/mont-saint-michel-2\/","title":{"rendered":"Mont-Saint-Michel"},"content":{"rendered":"<p><strong>Une vision particuli\u00e8re de ce grand ensemble monumental.<\/strong><\/p>\n<p>Ce magnifique volume pr\u00e9sente une s\u00e9lection de photographies d\u2019Olivier M\u00e9riel ayant trait au Mont-Saint-Michel. Le regard du photographe nous propose une vision particuli\u00e8re de ce grand ensemble monumental, inscrit au patrimoine mondial de l\u2019Unesco en 1979 et qui se dresse sur un \u00eelot rocheux dans la baie du m\u00eame nom, \u00e0 l\u2019embouchure du fleuve Couesnon, en Normandie.<br \/>\nAutrefois nomm\u00e9 mont Tombe, il fut d\u00e9di\u00e9 en 708 \u00e0 l\u2019archange saint Michel, avec la construction d\u2019un petit oratoire. En 966, Richard Ier, duc de Normandie, fonda l\u2019abbaye b\u00e9n\u00e9dictine. Quelques ann\u00e9es plus tard, en 1017, l\u2019abb\u00e9 Hildebert II entreprit ce grand projet, qui, en raison des difficult\u00e9s \u00e9conomiques auxquelles il se heurta, dura cinq si\u00e8cles, jusqu\u2019en 1502. Un mur d\u2019enceinte entoure le village, travers\u00e9 par une seule rue le long de laquelle se dressent les maisons, dont la plupart datent des XVe et XVIe si\u00e8cles. L\u2019abbaye se trouve au sommet du rocher, avec en son centre l\u2019abbatiale.<\/p>\n<p><strong>Olivier M\u00e9riel<\/strong> est n\u00e9 en 1955 \u00e0Saint-Aubin-sur-Mer, dans le Calvados. depuis trente ans, il se consacre \u00e0 la photographie, qui est pour lui davantage un moyen d\u2019expression qu\u2019une discipline artistique. Il utilise un appareil de photo de grandes dimensions, avec des temps de pose tr\u00e8s longs, et d\u00e9veloppe des contacts 30 x 40 sans retouches. La puissance de ses clich\u00e9s, qui allient la sensibilit\u00e9 \u00e0 la rigueur du regard, lui a valu de nombreuses commandes \u00e9manant d\u2019institutions publiques.<\/p>\n","protected":false},"excerpt":{"rendered":"<p>Une vision particuli\u00e8re de ce grand ensemble monumental. Ce magnifique volume pr\u00e9sente une s\u00e9lection de photographies d\u2019Olivier M\u00e9riel ayant trait au Mont-Saint-Michel. Le regard du photographe nous propose une vision particuli\u00e8re de ce grand ensemble monumental, inscrit au patrimoine mondial de l\u2019Unesco en 1979 et qui se dresse sur un \u00eelot rocheux dans la baie&hellip;<\/p>\n","protected":false},"featured_media":3668,"template":"","meta":{"_acf_changed":false,"inline_featured_image":false},"product_brand":[],"product_cat":[73],"product_tag":[],"class_list":{"0":"post-3692","1":"product","2":"type-product","3":"status-publish","4":"has-post-thumbnail","6":"product_cat-photographie","7":"disponibilita-si","8":"description-off","10":"first","11":"instock","12":"shipping-taxable","13":"purchasable","14":"product-type-simple"},"acf":[],"_links":{"self":[{"href":"https:\/\/www.fivecontinentseditions.com\/fr\/wp-json\/wp\/v2\/product\/3692","targetHints":{"allow":["GET"]}}],"collection":[{"href":"https:\/\/www.fivecontinentseditions.com\/fr\/wp-json\/wp\/v2\/product"}],"about":[{"href":"https:\/\/www.fivecontinentseditions.com\/fr\/wp-json\/wp\/v2\/types\/product"}],"wp:featuredmedia":[{"embeddable":true,"href":"https:\/\/www.fivecontinentseditions.com\/fr\/wp-json\/wp\/v2\/media\/3668"}],"wp:attachment":[{"href":"https:\/\/www.fivecontinentseditions.com\/fr\/wp-json\/wp\/v2\/media?parent=3692"}],"wp:term":[{"taxonomy":"product_brand","embeddable":true,"href":"https:\/\/www.fivecontinentseditions.com\/fr\/wp-json\/wp\/v2\/product_brand?post=3692"},{"taxonomy":"product_cat","embeddable":true,"href":"https:\/\/www.fivecontinentseditions.com\/fr\/wp-json\/wp\/v2\/product_cat?post=3692"},{"taxonomy":"product_tag","embeddable":true,"href":"https:\/\/www.fivecontinentseditions.com\/fr\/wp-json\/wp\/v2\/product_tag?post=3692"}],"curies":[{"name":"wp","href":"https:\/\/api.w.org\/{rel}","templated":true}]}}