{"id":3646,"date":"2005-10-01T05:00:00","date_gmt":"2005-10-01T05:00:00","guid":{"rendered":"http:\/\/www.fivecontinentseditions.com\/prodotto\/alice-bailly-2\/"},"modified":"2026-03-12T11:33:23","modified_gmt":"2026-03-12T11:33:23","slug":"alice-bailly-2","status":"publish","type":"product","link":"https:\/\/www.fivecontinentseditions.com\/fr\/p\/alice-bailly-2\/","title":{"rendered":"Alice Bailly"},"content":{"rendered":"<p><strong>Cubiste de la premi\u00e8re heure, Alice Bailly (1872-1938) se voit enfin consacrer la monographie que l\u2019on attendait.<\/strong><\/p>\n<p>Bailly affirme sa vocation artistique tardivement. N\u00e9e \u00e0Gen\u00e8ve, elle a 32 ans quand elle monte \u00e0 Paris. Son talent sera reconnu en 1912, lorsque ses envois aux <em>Salons <\/em>parisiens seront lou\u00e9s par apollinaire, et surtout en 1913, quand sa premi\u00e8re exposition personnelle lui permettra d\u2019afficher son appartenance \u00e0une avant-garde internationale. Son art se caract\u00e9rise par une fantaisie, une exub\u00e9rance, une volubilit\u00e9, qui trouv\u00e8rent un \u00e9quivalent plastique dans le cubisme et le futurisme, dont elle ne retiendra pas la discipline mais la lib\u00e9ration de la forme et de la couleur n\u00e9cessaire \u00e0 l\u2019expression de ses impulsions cr\u00e9atrices. Entre 1917 et 1923, Bailly ex\u00e9cutera une cinquantaine de \u00ab tableaux-laine \u00bb, des fils multicolores lanc\u00e9s en lign\u00e9es parall\u00e8les sur une toile de coton ; pour elle aucune diff\u00e9rence de statut, encore moins de valeur artistique, ne les s\u00e9parait de la peinture.<br \/>\nLe livre retrace le parcours exceptionnel de cette artiste qui aimait \u00e0rappeler que \u00ab l\u2019art n\u2019est pas une affaire de jupon ou de pantalon \u00bb : premier s\u00e9jour \u00e0 Paris d\u00e8s 1906 avec un \u00e9claircissement de la palette dans le sens du fauvisme qui va marquer sa peinture jusqu\u2019en 1910 ; \u00e9volution dans la direction d\u2019un cubisme color\u00e9, qui lui vaudra d\u2019\u00eatre class\u00e9e parmi les orphistes par Apollinaire; int\u00e9r\u00eat pour le \u00ab dynamisme universel \u00bb des futuristes; retour forc\u00e9 \u00e0Gen\u00e8ve en 1914 qui se traduit par une forme de stylisation; d\u00e8s 1918, premiers collages et \u00ab tableaux-laine \u00bb ; deuxi\u00e8me s\u00e9jour parisien en 1920 marqu\u00e9 par un assourdissement de sa palette; \u00e9tablissement \u00e0Lausanne en 1923, voyages en Italie et derni\u00e8res ann\u00e9es marqu\u00e9es par la commande d\u2019importantes d\u00e9corations, dont celle du foyer du Th\u00e9\u00e2tre \u00e0Lausanne.<\/p>\n","protected":false},"excerpt":{"rendered":"<p>Cubiste de la premi\u00e8re heure, Alice Bailly (1872-1938) se voit enfin consacrer la monographie que l\u2019on attendait. Bailly affirme sa vocation artistique tardivement. N\u00e9e \u00e0Gen\u00e8ve, elle a 32 ans quand elle monte \u00e0 Paris. Son talent sera reconnu en 1912, lorsque ses envois aux Salons parisiens seront lou\u00e9s par apollinaire, et surtout en 1913, quand&hellip;<\/p>\n","protected":false},"featured_media":3623,"template":"","meta":{"_acf_changed":false,"inline_featured_image":false},"product_brand":[],"product_cat":[68],"product_tag":[],"class_list":{"0":"post-3646","1":"product","2":"type-product","3":"status-publish","4":"has-post-thumbnail","6":"product_cat-art-moderne","7":"disponibilita-si","8":"description-off","10":"first","11":"instock","12":"shipping-taxable","13":"purchasable","14":"product-type-simple"},"acf":[],"_links":{"self":[{"href":"https:\/\/www.fivecontinentseditions.com\/fr\/wp-json\/wp\/v2\/product\/3646","targetHints":{"allow":["GET"]}}],"collection":[{"href":"https:\/\/www.fivecontinentseditions.com\/fr\/wp-json\/wp\/v2\/product"}],"about":[{"href":"https:\/\/www.fivecontinentseditions.com\/fr\/wp-json\/wp\/v2\/types\/product"}],"wp:featuredmedia":[{"embeddable":true,"href":"https:\/\/www.fivecontinentseditions.com\/fr\/wp-json\/wp\/v2\/media\/3623"}],"wp:attachment":[{"href":"https:\/\/www.fivecontinentseditions.com\/fr\/wp-json\/wp\/v2\/media?parent=3646"}],"wp:term":[{"taxonomy":"product_brand","embeddable":true,"href":"https:\/\/www.fivecontinentseditions.com\/fr\/wp-json\/wp\/v2\/product_brand?post=3646"},{"taxonomy":"product_cat","embeddable":true,"href":"https:\/\/www.fivecontinentseditions.com\/fr\/wp-json\/wp\/v2\/product_cat?post=3646"},{"taxonomy":"product_tag","embeddable":true,"href":"https:\/\/www.fivecontinentseditions.com\/fr\/wp-json\/wp\/v2\/product_tag?post=3646"}],"curies":[{"name":"wp","href":"https:\/\/api.w.org\/{rel}","templated":true}]}}