{"id":36067,"date":"2026-04-30T07:54:16","date_gmt":"2026-04-30T07:54:16","guid":{"rendered":"https:\/\/www.fivecontinentseditions.com\/?post_type=product&#038;p=36067"},"modified":"2026-04-30T07:49:01","modified_gmt":"2026-04-30T07:49:01","slug":"noire-idole-2","status":"publish","type":"product","link":"https:\/\/www.fivecontinentseditions.com\/fr\/p\/noire-idole-2\/","title":{"rendered":"Noire idole"},"content":{"rendered":"<p><em>Ronan Juglard. Pr\u00e9face d\u2019Emmanuel Pierrat et Alexandre Hougron<\/em><\/p>\n<p><em>Noire Idole<\/em> est une invitation au voyage immobile au sein d\u2019une collection priv\u00e9e, une somme d\u2019objets d\u2019art sophistiqu\u00e9s r\u00e9unie autour du th\u00e8me de l\u2019opium fum\u00e9 \u00e0 la fa\u00e7on des Chinois. L\u2019auteur nous invite \u00e0 un parcours sensible et onirique dans l\u2019obscurit\u00e9, au c\u00f4t\u00e9 du fumeur allong\u00e9, seulement \u00e9clair\u00e9 par la lampe \u00e0 huile et les reflets de son attirail, un bric-\u00e0-brac enti\u00e8rement vou\u00e9 \u00e0 l\u2019accomplissement du rite. \u00c0 un regard contemporain port\u00e9 sur un ensemble polymorphe de pi\u00e8ces in\u00e9dites d\u2019une grande qualit\u00e9 r\u00e9pond une prose emprunt\u00e9e pour l\u2019essentiel \u00e0 la litt\u00e9rature coloniale fran\u00e7aise du tournant de la Belle \u00c9poque faisant la part belle \u00e0 l\u2019Indochine. Le va-et-vient entre le pass\u00e9 du texte et le pr\u00e9sent de l\u2019image illustre ainsi avec \u00e9motion la mani\u00e8re dont l\u2019Asie et son opium furent per\u00e7us \u00e0 travers le prisme du fantasme et de l\u2019orientalisme.<\/p>\n<p>De son enfance africaine, <strong>Ronan Juglard<\/strong> se souvient que l\u2019art est au service de la fonction. Autodidacte, sa photographie est instinctive, le regard \u00e0 l\u2019aff\u00fbt d\u2019un point sensible. M\u00e9decin de la Marine, l\u2019imaginaire devient seul capable d\u2019effacer la paroi froide et m\u00e9tallique trop proche du sous-marin. Revenu \u00e0 la surface, la collectionnite s\u2019empare de lui. Incurable, l\u2019accumulation est un dommage et non la fin. Reste un merveilleux rem\u00e8de au pessimisme qui pourrait tout emporter.<\/p>\n<p><strong>Emmanuel Pierrat<\/strong> est avocat et \u00e9crivain. Il est ancien membre du Conseil de l\u2019Ordre et ancien membre du Conseil national des barreaux. Il a \u00e9t\u00e9 conservateur du mus\u00e9e du Barreau de Paris, secr\u00e9taire g\u00e9n\u00e9ral du Mus\u00e9e Yves Saint-Laurent Paris et membre de la Commission des acquisitions des mus\u00e9es des Arts d\u00e9coratifs. Apr\u00e8s avoir \u00e9t\u00e9 coop\u00e9rant culturel \u00e0 Calcutta, il est devenu sp\u00e9cialiste en droit de la propri\u00e9t\u00e9 intellectuelle et exerce aussi les fonctions d\u2019agent d\u2019artistes litt\u00e9raires et artistiques. Collectionneur d\u2019art africain et bibliophile, Emmanuel Pierrat a sign\u00e9 <em>La Collectionnite<\/em> (Le Passage, 2011), <em>Les Nouveaux Cabinets de curiosit\u00e9s<\/em> (Les Beaux Jours, 2011) et <em>Collections, collectionneurs<\/em> (La Martini\u00e8re, 2019).<\/p>\n<p><strong>Alexandre Hougron<\/strong> est antiquaire et expert en antiquit\u00e9s asiatiques. Ancien Normalien, il fait des \u00e9tudes litt\u00e9raires rue d\u2019Ulm couronn\u00e9es par une agr\u00e9gation de lettres classiques et un doctorat de cin\u00e9ma. De son p\u00e8re, l\u2019\u00e9crivain et sinophile Jean Hougron, il h\u00e9rite la passion de l\u2019Asie. En 2006, Alexandre inaugure, avec sa m\u00e8re Victoria Hougron, au c\u0153ur des Puces de Saint-Ouen, au March\u00e9 Biron, la Galerie Beaut\u00e9 Chinoise, en hommage \u00e0 son dernier livre. En 2015, il signe <em>La C\u00e9ramique chinoise ancienne<\/em> (\u00c9ditions de l\u2019Amateur).<\/p>\n","protected":false},"excerpt":{"rendered":"<p>Ronan Juglard. Pr\u00e9face d\u2019Emmanuel Pierrat et Alexandre Hougron Noire Idole est une invitation au voyage immobile au sein d\u2019une collection priv\u00e9e, une somme d\u2019objets d\u2019art sophistiqu\u00e9s r\u00e9unie autour du th\u00e8me de l\u2019opium fum\u00e9 \u00e0 la fa\u00e7on des Chinois. L\u2019auteur nous invite \u00e0 un parcours sensible et onirique dans l\u2019obscurit\u00e9, au c\u00f4t\u00e9 du fumeur allong\u00e9, seulement&hellip;<\/p>\n","protected":false},"featured_media":36287,"template":"","meta":{"_acf_changed":false,"inline_featured_image":false},"product_brand":[],"product_cat":[70],"product_tag":[],"class_list":{"0":"post-36067","1":"product","2":"type-product","3":"status-publish","4":"has-post-thumbnail","6":"product_cat-arts-appliques","7":"disponibilita-si","8":"description-off","10":"first","11":"instock","12":"featured","13":"shipping-taxable","14":"purchasable","15":"product-type-simple"},"acf":[],"_links":{"self":[{"href":"https:\/\/www.fivecontinentseditions.com\/fr\/wp-json\/wp\/v2\/product\/36067","targetHints":{"allow":["GET"]}}],"collection":[{"href":"https:\/\/www.fivecontinentseditions.com\/fr\/wp-json\/wp\/v2\/product"}],"about":[{"href":"https:\/\/www.fivecontinentseditions.com\/fr\/wp-json\/wp\/v2\/types\/product"}],"wp:featuredmedia":[{"embeddable":true,"href":"https:\/\/www.fivecontinentseditions.com\/fr\/wp-json\/wp\/v2\/media\/36287"}],"wp:attachment":[{"href":"https:\/\/www.fivecontinentseditions.com\/fr\/wp-json\/wp\/v2\/media?parent=36067"}],"wp:term":[{"taxonomy":"product_brand","embeddable":true,"href":"https:\/\/www.fivecontinentseditions.com\/fr\/wp-json\/wp\/v2\/product_brand?post=36067"},{"taxonomy":"product_cat","embeddable":true,"href":"https:\/\/www.fivecontinentseditions.com\/fr\/wp-json\/wp\/v2\/product_cat?post=36067"},{"taxonomy":"product_tag","embeddable":true,"href":"https:\/\/www.fivecontinentseditions.com\/fr\/wp-json\/wp\/v2\/product_tag?post=36067"}],"curies":[{"name":"wp","href":"https:\/\/api.w.org\/{rel}","templated":true}]}}