{"id":3595,"date":"2005-09-01T05:00:00","date_gmt":"2005-09-01T05:00:00","guid":{"rendered":"http:\/\/www.fivecontinentseditions.com\/prodotto\/fashioning-kimono-2\/"},"modified":"2022-05-21T18:56:55","modified_gmt":"2022-05-21T18:56:55","slug":"fashioning-kimono-2","status":"publish","type":"product","link":"https:\/\/www.fivecontinentseditions.com\/fr\/p\/fashioning-kimono-2\/","title":{"rendered":"Fashioning Kimono"},"content":{"rendered":"<p><strong>&laquo; De v\u00e9ritables chefs-d&rsquo;&oelig;uvre qui font l&rsquo;objet d&rsquo;un livre savant et pr\u00e9cieux. &raquo; <em>Marie-<\/em><\/strong><strong><em>Claire <\/em><\/strong><\/p>\n<p>Ce volume pr\u00e9sente 150 v\u00eatements japonais du XIXe si\u00e8cle et du d\u00e9but du XXe si\u00e8cle appartenant \u00e0 la c\u00e9l\u00e8bre collection Montgomery, qui comprend plus de 1000 objets de l&rsquo;artisanat traditionnel <em>mingei<\/em>. Cette importante collection compte des kimonos masculins et f\u00e9minins, de courtes vestes d&rsquo;homme (<em>haori<\/em>), des sous-kimonos, des tenues \u00e9l\u00e9gantes et de c\u00e9r\u00e9monie et des v\u00eatements d&rsquo;enfant. Tandis que les motifs d\u00e9coratifs de nombreuses pi\u00e8ces refl\u00e8tent la continuit\u00e9 historique, d&rsquo;autres constituent en revanche une rupture radicale avec la tradition. Les sujets et motifs de l&rsquo;art occidental pr\u00e9dominent au d\u00e9triment d&rsquo;\u00e9l\u00e9ments traditionnels japonais, attestant la modernisation (ou plut\u00f4t l&rsquo;occidentalisation) du Japon \u00e0cette \u00e9poque.<\/p>\n<p><strong>Akiko Fukai <\/strong>est conservateur en chef et directeur de l&rsquo;Institut du Costume de Kyoto, au Japon. Elle enseigne en outre \u00e0l&rsquo;universit\u00e9 d&rsquo;art et de culture de Shizuoka (Hamamatsu) et \u00e0l&rsquo;universit\u00e9 deTokyo.<br \/>\n<strong>Anna Jackson<\/strong> est actuellement directeur du d\u00e9partement des arts asiatiques du Victoria &amp; Albert Museum de Londres.<br \/>\n<strong>Elise Kurashige Tipton<\/strong> est professeur associ\u00e9 de la chaire d&rsquo;&Eacute;tudes japonaises et cor\u00e9ennes de l&rsquo;universit\u00e9 de Sydney, en Australie.<br \/>\n<strong>Reiko Mochinaga Brandon<\/strong> a re\u00e7u de nombreux prix pour ses r\u00e9alisations et dessins sur tissu. De 1975 \u00e02003, elle a \u00e9t\u00e9 conservateur du d\u00e9partement des &Eacute;toffes de l&rsquo;Honolulu Academy of Arts.<br \/>\n<strong>AnnieVanAssche<\/strong> est une historienne de l&#39;art japonais sp\u00e9cialis\u00e9e dans les \u00e9toffes japonaises.<\/p>\n","protected":false},"excerpt":{"rendered":"<p>&laquo; De v\u00e9ritables chefs-d&rsquo;&oelig;uvre qui font l&rsquo;objet d&rsquo;un livre savant et pr\u00e9cieux. &raquo; Marie-Claire Ce volume pr\u00e9sente 150 v\u00eatements japonais du XIXe si\u00e8cle et du d\u00e9but du XXe si\u00e8cle appartenant \u00e0 la c\u00e9l\u00e8bre collection Montgomery, qui comprend plus de 1000 objets de l&rsquo;artisanat traditionnel mingei. Cette importante collection compte des kimonos masculins et f\u00e9minins, de&hellip;<\/p>\n","protected":false},"featured_media":3572,"template":"","meta":{"_acf_changed":false,"inline_featured_image":false},"product_brand":[],"product_cat":[56,75],"product_tag":[],"class_list":{"0":"post-3595","1":"product","2":"type-product","3":"status-publish","4":"has-post-thumbnail","6":"product_cat-art-asiatique","7":"product_cat-mode-et-design","8":"disponibilita-no","9":"description-off","11":"first","12":"outofstock","13":"shipping-taxable","14":"purchasable","15":"product-type-simple"},"acf":[],"_links":{"self":[{"href":"https:\/\/www.fivecontinentseditions.com\/fr\/wp-json\/wp\/v2\/product\/3595","targetHints":{"allow":["GET"]}}],"collection":[{"href":"https:\/\/www.fivecontinentseditions.com\/fr\/wp-json\/wp\/v2\/product"}],"about":[{"href":"https:\/\/www.fivecontinentseditions.com\/fr\/wp-json\/wp\/v2\/types\/product"}],"wp:featuredmedia":[{"embeddable":true,"href":"https:\/\/www.fivecontinentseditions.com\/fr\/wp-json\/wp\/v2\/media\/3572"}],"wp:attachment":[{"href":"https:\/\/www.fivecontinentseditions.com\/fr\/wp-json\/wp\/v2\/media?parent=3595"}],"wp:term":[{"taxonomy":"product_brand","embeddable":true,"href":"https:\/\/www.fivecontinentseditions.com\/fr\/wp-json\/wp\/v2\/product_brand?post=3595"},{"taxonomy":"product_cat","embeddable":true,"href":"https:\/\/www.fivecontinentseditions.com\/fr\/wp-json\/wp\/v2\/product_cat?post=3595"},{"taxonomy":"product_tag","embeddable":true,"href":"https:\/\/www.fivecontinentseditions.com\/fr\/wp-json\/wp\/v2\/product_tag?post=3595"}],"curies":[{"name":"wp","href":"https:\/\/api.w.org\/{rel}","templated":true}]}}