{"id":35814,"date":"2026-04-27T15:50:36","date_gmt":"2026-04-27T15:50:36","guid":{"rendered":"https:\/\/www.fivecontinentseditions.com\/?post_type=product&#038;p=35814"},"modified":"2026-04-27T15:56:10","modified_gmt":"2026-04-27T15:56:10","slug":"jackie-kurltjuniytjinta-giles-tjapaltjarri","status":"publish","type":"product","link":"https:\/\/www.fivecontinentseditions.com\/fr\/p\/jackie-kurltjuniytjinta-giles-tjapaltjarri\/","title":{"rendered":"JACKIE KURLTJUNIYTJINTA GILES TJAPALTJARRI"},"content":{"rendered":"<p><em>Textes de Hetti Kemarre Perkins, Georges Petitjean, Michael Stitfold<\/em><\/p>\n<p>Pendant une grande partie de sa vie, Jackie Kurltjunyintja Giles Tjapaltjarri (vers 1935-2010) a men\u00e9 une existence nomade, au cours de laquelle il a parcouru de vastes \u00e9tendues de terre et, plus tard, pass\u00e9 du temps dans de petites communaut\u00e9s de la vaste r\u00e9gion d\u00e9sertique occidentale de l\u2019Australie.<\/p>\n<p>Jackie Giles \u00e9tait r\u00e9put\u00e9 en tant qu\u2019homme d\u2019un haut degr\u00e9 d\u2019initiation et que gu\u00e9risseur, <em>maparnjarra<\/em> dans sa langue, le ngaanyatjarra. Les pouvoirs de ces gu\u00e9risseurs traditionnels incluent le don de voir dans le corps et m\u00eame dans l\u2019esprit des autres. Dans les ann\u00e9es 1990, Jackie Giles a commenc\u00e9 \u00e0 peindre \u00e0 l\u2019acrylique sur toile. Une connaissance complexe de sa terre et des histoires de r\u00eave qui lui sont associ\u00e9es a inspir\u00e9 \u00ab Mr. Giles \u00bb, comme on l\u2019appelait souvent, dans sa cr\u00e9ation d\u2019un important corpus de peintures c\u00e9l\u00e9brant le Tjukurpa, ou R\u00eave, qui impr\u00e8gne le pays et constitue la pierre angulaire de son identit\u00e9 culturelle.<\/p>\n<p>Sa technique graphique complexe donne lieu \u00e0 des images dynamiques et rythm\u00e9es, domin\u00e9es par des motifs labyrinthiques et des formes monumentales, qui sugg\u00e8rent le sens plus profond du sujet hautement secret et sacr\u00e9 du R\u00eave. Son \u0153uvre puissante, caract\u00e9ris\u00e9e par des compositions intenses et saisissantes, relie deux mondes ; la cosmologie ngaanyatjarra et le monde moderne en rapide \u00e9volution.<\/p>\n<p><strong>Hetti Kemarre Perkins<\/strong>, \u00e9crivaine et conservatrice Arrernte et Kalkadoon, fille du militant des droits autochtones Charles Perkins, fut conservatrice principale \u00e0 l\u2019Art Gallery of NSW (1989-2011). Elle a co-dirig\u00e9 le pavillon australien \u00e0 la Biennale de Venise 1997 (Emily Kam Kngwarray, Yvonne Koolmatrie, Judy Watson). En 2010, elle a cr\u00e9\u00e9 \u00ab Art + Soul \u00bb, projet multidisciplinaire sur l\u2019art aborig\u00e8ne. Co-commissaire de la r\u00e9trospective Emily Kam Kngwarray (2023-2024), elle a mont\u00e9 de nombreuses expositions majeures.<\/p>\n<p>Conservateur, depuis 2027, de la Collection B\u00e9reng\u00e8re Primat et commissaire des expositions d\u2019art aborig\u00e8ne contemporain de la Fondation Opale, <strong>Georges Petitjean<\/strong> est historien de l\u2019art et a soutenu son doctorat sur l\u2019art du d\u00e9sert occidental \u00e0 l\u2019Universit\u00e9 La Trobe de Melbourne. Son principal domaine d\u2019int\u00e9r\u00eat est la transition de l\u2019art australien aborig\u00e8ne de ses sites d\u2019origine jusqu\u2019au monde de l\u2019art international.<\/p>\n<p><strong>Michael Stitfold<\/strong> a dirig\u00e9 des centres d\u2019art aborig\u00e8ne de 2002 \u00e0 2020. Il a \u00e9t\u00e9 administrateur pour Papunya Tula Artists (2002-2004). En 2005, il devient manager de Kayili Artists, un centre d\u2019art situ\u00e9 \u00e0 Patjarr, petite communaut\u00e9 aborig\u00e8ne situ\u00e9e dans une partie recul\u00e9e du d\u00e9sert de Gibson en Australie occidentale. C\u2019est ainsi qu\u2019il a travaill\u00e9 avec Jackie Kurltjunyintja Giles Tjapaltjarri et l\u2019a accompagn\u00e9 \u00e0 Sydney en 2009. Il a ensuite collabor\u00e9 avec Munupi Arts (2012-2020) et a \u00e9galement \u00e9t\u00e9 directeur d\u2019Injalak Arts. Ces exp\u00e9riences lui ont permis de mettre en relation des artistes isol\u00e9s avec le monde de l\u2019art au sens large.<\/p>\n","protected":false},"excerpt":{"rendered":"<p>Textes de Hetti Kemarre Perkins, Georges Petitjean, Michael Stitfold Pendant une grande partie de sa vie, Jackie Kurltjunyintja Giles Tjapaltjarri (vers 1935-2010) a men\u00e9 une existence nomade, au cours de laquelle il a parcouru de vastes \u00e9tendues de terre et, plus tard, pass\u00e9 du temps dans de petites communaut\u00e9s de la vaste r\u00e9gion d\u00e9sertique occidentale&hellip;<\/p>\n","protected":false},"featured_media":36150,"template":"","meta":{"_acf_changed":false,"inline_featured_image":false},"product_brand":[],"product_cat":[57],"product_tag":[],"class_list":{"0":"post-35814","1":"product","2":"type-product","3":"status-publish","4":"has-post-thumbnail","6":"product_cat-art-contemporain","7":"disponibilita-si","8":"description-off","10":"first","11":"instock","12":"featured","13":"shipping-taxable","14":"purchasable","15":"product-type-simple"},"acf":[],"_links":{"self":[{"href":"https:\/\/www.fivecontinentseditions.com\/fr\/wp-json\/wp\/v2\/product\/35814","targetHints":{"allow":["GET"]}}],"collection":[{"href":"https:\/\/www.fivecontinentseditions.com\/fr\/wp-json\/wp\/v2\/product"}],"about":[{"href":"https:\/\/www.fivecontinentseditions.com\/fr\/wp-json\/wp\/v2\/types\/product"}],"wp:featuredmedia":[{"embeddable":true,"href":"https:\/\/www.fivecontinentseditions.com\/fr\/wp-json\/wp\/v2\/media\/36150"}],"wp:attachment":[{"href":"https:\/\/www.fivecontinentseditions.com\/fr\/wp-json\/wp\/v2\/media?parent=35814"}],"wp:term":[{"taxonomy":"product_brand","embeddable":true,"href":"https:\/\/www.fivecontinentseditions.com\/fr\/wp-json\/wp\/v2\/product_brand?post=35814"},{"taxonomy":"product_cat","embeddable":true,"href":"https:\/\/www.fivecontinentseditions.com\/fr\/wp-json\/wp\/v2\/product_cat?post=35814"},{"taxonomy":"product_tag","embeddable":true,"href":"https:\/\/www.fivecontinentseditions.com\/fr\/wp-json\/wp\/v2\/product_tag?post=35814"}],"curies":[{"name":"wp","href":"https:\/\/api.w.org\/{rel}","templated":true}]}}