{"id":35540,"date":"2026-04-28T07:20:57","date_gmt":"2026-04-28T07:20:57","guid":{"rendered":"https:\/\/www.fivecontinentseditions.com\/?post_type=product&#038;p=35540"},"modified":"2026-04-28T07:34:21","modified_gmt":"2026-04-28T07:34:21","slug":"daniel-brush","status":"publish","type":"product","link":"https:\/\/www.fivecontinentseditions.com\/fr\/p\/daniel-brush\/","title":{"rendered":"Daniel Brush"},"content":{"rendered":"<p><em>Textes de Olivia Brush et Vivienne Becker<\/em><\/p>\n<p>Ce livre propose une exploration structur\u00e9e de l\u2019univers et de l\u2019\u0153uvre de l\u2019artiste am\u00e9ricain Daniel Brush (1947-2022), \u00e0 la fois peintre, sculpteur, po\u00e8te-orf\u00e8vre et joaillier. L\u2019obsession de sa vie\u00a0\u2013 transmettre la lumi\u00e8re par la ligne\u00a0\u2013 s\u2019est profond\u00e9ment nourrie de son \u00e9tude des repr\u00e9sentations picturales de la lumi\u00e8re chez Claude Monet. Les photographies exclusives de son studio new-yorkais, r\u00e9alis\u00e9es par Carly Lapidus, t\u00e9moignent de l\u2019\u00e9troite relation de sa vie et de ses cr\u00e9ations. Enfin, les photographies de Benjamin Chelly nous rapprochent encore davantage de l\u2019art de Daniel Brush, alternant perspectives macroscopiques et microscopiques. Ce voyage visuel in\u00e9dit rend hommage \u00e0 l\u2019un des artistes les plus fascinants du XX<sup>e<\/sup>\u00a0si\u00e8cle.<\/p>\n<p><strong>Olivia Brush<\/strong>\u00a0est une artiste, la collaboratrice et l\u2019\u00e9pouse de Daniel Brush. Elle est l\u2019autrice de l\u2019introduction \u00e0 cet ouvrage et la co-commissaire de l\u2019exposition organis\u00e9e par L\u2019\u00c9cole des Arts Joailliers \u00e0 Paris en juin 2026.<\/p>\n<p><strong>Vivienne Becker<\/strong> est historienne du bijou et journaliste. Elle est l\u2019autrice de plus de 30 livres sur l\u2019histoire du bijou et sur le bijou contemporain. Sp\u00e9cialiste du travail de Daniel Brush, elle a travaill\u00e9 en \u00e9troite collaboration avec celui-ci et Olivia Brush, notamment pour cet ouvrage. Elle est l\u2019autrice de Dan<em>iel Brush: Jewels Sculpture <\/em>et a \u00e9t\u00e9 co-commissaire d\u2019expositions consacr\u00e9es au travail de Daniel Brush pour L\u2019\u00c9cole des Arts Joailliers \u00e0 Paris, Tokyo et Hong Kong, ainsi que de celle qui lui est de nouveau consacr\u00e9e \u00e0 Paris en juin 2026.<\/p>\n<p><a href=\"https:\/\/www.lecolevancleefarpels.com\/fr\/fr\/exhibition\/exposition-daniel-brush-lart-de-la-ligne-et-de-la-lumiere\" target=\"_blank\" rel=\"noopener\">Exposition : L&rsquo;\u00c9cole des Arts Joailliers, Paris, du 8 juin au 4 octobre 2026<\/a><\/p>\n","protected":false},"excerpt":{"rendered":"<p>Textes de Olivia Brush et Vivienne Becker Ce livre propose une exploration structur\u00e9e de l\u2019univers et de l\u2019\u0153uvre de l\u2019artiste am\u00e9ricain Daniel Brush (1947-2022), \u00e0 la fois peintre, sculpteur, po\u00e8te-orf\u00e8vre et joaillier. L\u2019obsession de sa vie\u00a0\u2013 transmettre la lumi\u00e8re par la ligne\u00a0\u2013 s\u2019est profond\u00e9ment nourrie de son \u00e9tude des repr\u00e9sentations picturales de la lumi\u00e8re chez&hellip;<\/p>\n","protected":false},"featured_media":35981,"template":"","meta":{"_acf_changed":false,"inline_featured_image":false},"product_brand":[],"product_cat":[70],"product_tag":[],"class_list":{"0":"post-35540","1":"product","2":"type-product","3":"status-publish","4":"has-post-thumbnail","6":"product_cat-arts-appliques","7":"disponibilita-si","8":"description-off","10":"first","11":"instock","12":"shipping-taxable","13":"purchasable","14":"product-type-simple"},"acf":[],"_links":{"self":[{"href":"https:\/\/www.fivecontinentseditions.com\/fr\/wp-json\/wp\/v2\/product\/35540","targetHints":{"allow":["GET"]}}],"collection":[{"href":"https:\/\/www.fivecontinentseditions.com\/fr\/wp-json\/wp\/v2\/product"}],"about":[{"href":"https:\/\/www.fivecontinentseditions.com\/fr\/wp-json\/wp\/v2\/types\/product"}],"wp:featuredmedia":[{"embeddable":true,"href":"https:\/\/www.fivecontinentseditions.com\/fr\/wp-json\/wp\/v2\/media\/35981"}],"wp:attachment":[{"href":"https:\/\/www.fivecontinentseditions.com\/fr\/wp-json\/wp\/v2\/media?parent=35540"}],"wp:term":[{"taxonomy":"product_brand","embeddable":true,"href":"https:\/\/www.fivecontinentseditions.com\/fr\/wp-json\/wp\/v2\/product_brand?post=35540"},{"taxonomy":"product_cat","embeddable":true,"href":"https:\/\/www.fivecontinentseditions.com\/fr\/wp-json\/wp\/v2\/product_cat?post=35540"},{"taxonomy":"product_tag","embeddable":true,"href":"https:\/\/www.fivecontinentseditions.com\/fr\/wp-json\/wp\/v2\/product_tag?post=35540"}],"curies":[{"name":"wp","href":"https:\/\/api.w.org\/{rel}","templated":true}]}}