{"id":35534,"date":"2026-02-16T16:35:26","date_gmt":"2026-02-16T16:35:26","guid":{"rendered":"https:\/\/www.fivecontinentseditions.com\/?post_type=product&#038;p=35534"},"modified":"2026-04-28T09:12:37","modified_gmt":"2026-04-28T09:12:37","slug":"swiss-art-brut","status":"publish","type":"product","link":"https:\/\/www.fivecontinentseditions.com\/fr\/p\/swiss-art-brut\/","title":{"rendered":"Swiss Art Brut"},"content":{"rendered":"<p><em>Sous la direction de Sarah Lombardi. Pr\u00e9face de Metin Arditi. Textes de Michel Th\u00e9voz, Lucienne Peiry, Andreas Steck, Astrid Berglund, Eleanor Philippoz<\/em><\/p>\n<p>L\u2019ouvrage <em>Swiss Art Brut<\/em> para\u00eet \u00e0 l\u2019occasion de l\u2019exposition anniversaire qui c\u00e9l\u00e8bre les 50 ans de la Collection de l\u2019Art Brut (Suisse). Il r\u00e9unit un large \u00e9ventail d\u2019\u0153uvres d\u2019une grande vari\u00e9t\u00e9 issues exclusivement des collections du mus\u00e9e lausannois, et r\u00e9alis\u00e9es par des autrices et auteurs suisses ou ayant cr\u00e9\u00e9 en Suisse.<\/p>\n<p>\u00c0 travers le th\u00e8me de la Suisse comme fil rouge, cette publication et l\u2019exposition qui l\u2019accompagne rappellent les liens \u00e9troits et durables entre Jean Dubuffet, \u00e0 l\u2019origine du concept d\u2019art brut, et ce pays, qui l\u2019ont conduit \u00e0 offrir sa collection d\u2019art brut \u00e0 la ville de Lausanne afin d\u2019en assurer sa p\u00e9rennit\u00e9 et sa pr\u00e9sentation au public.<\/p>\n<p>Un avant-propos de l\u2019\u00e9crivain Metin Arditi pr\u00e9c\u00e8de un texte de Sarah Lombardi, directrice du mus\u00e9e et commissaire de l\u2019exposition, suivi des notes manuscrites de Jean Dubuffet relatant son voyage \u00e0 l\u2019\u00e9t\u00e9 1945 en Suisse en qu\u00eate d\u2019\u0153uvres extra-culturelles ; un document in\u00e9dit reproduit ici en fac-simil\u00e9. L\u2019ouvrage contient \u00e9galement des contributions de Michel Th\u00e9voz, premier directeur du mus\u00e9e, et de Lucienne Peiry, qui lui a succ\u00e9d\u00e9 jusqu\u2019en 2011, Andreas Steck, pr\u00e9sident notamment de l\u2019association Alo\u00efse Corbaz, ainsi que d\u2019Astrid Berglund et Eleanor Philippoz, respectivement conservatrice et m\u00e9diatrice \u00e0 la Collection de l\u2019Art Brut.<\/p>\n<p><strong>Sarah Lombardi<\/strong>, historienne de l\u2019art, a \u00e9t\u00e9 nomm\u00e9e directrice de la Collection de l\u2019Art Brut en 2013. Depuis sa prise de fonctions, elle a mis l\u2019accent sur la valorisation des collections de l\u2019institution lausannoise, riches de 70 000 \u0153uvres, et continue parall\u00e8lement \u00e0 enrichir le fonds du mus\u00e9e gr\u00e2ce \u00e0 la d\u00e9couverte de nouvelles cr\u00e9atrices et de nouveaux cr\u00e9ateurs d\u2019art brut, \u00e0 qui elle consacre des expositions et des publications.<\/p>\n<p><strong>Metin Arditi<\/strong> est l\u2019auteur d\u2019une \u0153uvre importante, avec notamment <em>Le Turquetto<\/em> (Actes Sud, 2011, Prix Jean Giono), <em>L\u2019enfant qui mesurait le monde<\/em> (Grasset, 2016, Prix M\u00e9diterran\u00e9e), <em>L\u2019homme qui peignait les \u00e2mes<\/em> (Grasset, 2021, Prix de l\u2019Universit\u00e9 catholique de l\u2019Ouest), <em>Tu seras mon p\u00e8re<\/em> (Grasset, 2022, Prix Machiavel) et <em>Le danseur oriental<\/em> (Grasset, 2025).<\/p>\n<p><a href=\"https:\/\/artbrut.ch\/fr\/evenements\/art-brut-en-suisse-des-origines-de-la-collection-a-aujourd-hui\" target=\"_blank\" rel=\"noopener\">Exposition : Collection de l\u2019Art Brut, Lausanne, du 27 f\u00e9vrier au 27 septembre 2026<\/a><\/p>\n","protected":false},"excerpt":{"rendered":"<p>Sous la direction de Sarah Lombardi. Pr\u00e9face de Metin Arditi. Textes de Michel Th\u00e9voz, Lucienne Peiry, Andreas Steck, Astrid Berglund, Eleanor Philippoz L\u2019ouvrage Swiss Art Brut para\u00eet \u00e0 l\u2019occasion de l\u2019exposition anniversaire qui c\u00e9l\u00e8bre les 50 ans de la Collection de l\u2019Art Brut (Suisse). Il r\u00e9unit un large \u00e9ventail d\u2019\u0153uvres d\u2019une grande vari\u00e9t\u00e9 issues exclusivement&hellip;<\/p>\n","protected":false},"featured_media":35627,"template":"","meta":{"_acf_changed":false,"inline_featured_image":false},"product_brand":[],"product_cat":[49],"product_tag":[],"class_list":{"0":"post-35534","1":"product","2":"type-product","3":"status-publish","4":"has-post-thumbnail","6":"product_cat-art-brut-fr","7":"disponibilita-si","8":"description-off","10":"first","11":"instock","12":"shipping-taxable","13":"purchasable","14":"product-type-simple"},"acf":[],"_links":{"self":[{"href":"https:\/\/www.fivecontinentseditions.com\/fr\/wp-json\/wp\/v2\/product\/35534","targetHints":{"allow":["GET"]}}],"collection":[{"href":"https:\/\/www.fivecontinentseditions.com\/fr\/wp-json\/wp\/v2\/product"}],"about":[{"href":"https:\/\/www.fivecontinentseditions.com\/fr\/wp-json\/wp\/v2\/types\/product"}],"wp:featuredmedia":[{"embeddable":true,"href":"https:\/\/www.fivecontinentseditions.com\/fr\/wp-json\/wp\/v2\/media\/35627"}],"wp:attachment":[{"href":"https:\/\/www.fivecontinentseditions.com\/fr\/wp-json\/wp\/v2\/media?parent=35534"}],"wp:term":[{"taxonomy":"product_brand","embeddable":true,"href":"https:\/\/www.fivecontinentseditions.com\/fr\/wp-json\/wp\/v2\/product_brand?post=35534"},{"taxonomy":"product_cat","embeddable":true,"href":"https:\/\/www.fivecontinentseditions.com\/fr\/wp-json\/wp\/v2\/product_cat?post=35534"},{"taxonomy":"product_tag","embeddable":true,"href":"https:\/\/www.fivecontinentseditions.com\/fr\/wp-json\/wp\/v2\/product_tag?post=35534"}],"curies":[{"name":"wp","href":"https:\/\/api.w.org\/{rel}","templated":true}]}}