{"id":35446,"date":"2026-01-26T15:33:12","date_gmt":"2026-01-26T15:33:12","guid":{"rendered":"https:\/\/www.fivecontinentseditions.com\/?post_type=product&#038;p=35446"},"modified":"2026-01-26T15:36:40","modified_gmt":"2026-01-26T15:36:40","slug":"cosmic-garden","status":"publish","type":"product","link":"https:\/\/www.fivecontinentseditions.com\/fr\/p\/cosmic-garden\/","title":{"rendered":"Cosmic Garden"},"content":{"rendered":"<p><em>Sous la direction de Maria Alicata et Paola Ugolini<\/em><\/p>\n<p>Cette exposition et le livre qui l\u2019accompagne montrent comment des artistes contemporains ont su, en se r\u00e9appropriant des techniques ancestrales, explorer leur propre histoire culturelle et leur identit\u00e9.<\/p>\n<p>Art transmis de g\u00e9n\u00e9ration en g\u00e9n\u00e9ration, la broderie joue un r\u00f4le central dans cette exploration. Traditionnellement pratiqu\u00e9e par les femmes, elle l\u2019est aujourd\u2019hui par l\u2019un comme l\u2019autre sexe. L\u2019exposition met en lumi\u00e8re le travail de Madhvi et Manu Parekh, qui puisent leur inspiration dans les riches traditions spirituelles et artistiques de l\u2019Inde. Leurs productions, qui comprend aussi des peintures et des sculptures, refl\u00e8tent l\u2019interaction entre le r\u00e9el et l&rsquo;imaginaire.<\/p>\n<p>La Chanakya School of Craft collabore avec ce couple d\u2019artistes \u00e0 la r\u00e9interpr\u00e9tation de leur cr\u00e9ation \u00e0 travers la broderie. Cette fusion entre art et artisanat brouille les fronti\u00e8res traditionnelles et donne naissance \u00e0 un dialogue entre pass\u00e9 et pr\u00e9sent.<\/p>\n<p><strong>Madhvi Parekh<\/strong>, n\u00e9e en 1942, est une artiste indienne autodidacte, renomm\u00e9e pour ses peintures d\u2019inspiration populaire. Son \u0153uvre fait r\u00e9f\u00e9rence \u00e0 ses souvenirs d\u2019enfance, \u00e0 la mythologie ainsi qu\u2019au travail artisanal des femmes, et a pour th\u00e8mes essentiels l\u2019exp\u00e9rience condition humaine, le \u201cdivin f\u00e9minin\u201d, l\u2019interaction entre r\u00e9alit\u00e9 et surr\u00e9alit\u00e9. Elle a expos\u00e9 dans le monde entier et re\u00e7u de nombreuses distinctions, dont une bourse du minist\u00e8re indien de la culture et le Whirlpool Women&rsquo;s Achievement Award.<\/p>\n<p>Son mari<strong> Manu Parekh, <\/strong>artiste indien de premier plan n\u00e9 en 1939, puise notamment son inspiration dans la peinture de Paul Klee, la po\u00e9sie de Rabindranath Tagore et l\u2019art populaire de son pays. Enracin\u00e9e dans le tangible et le sensuel, son \u0153uvre c\u00e9l\u00e8bre la beaut\u00e9 de la broderie et, plus g\u00e9n\u00e9ralement, de l\u2019artisanat traditionnel. Reconnu et r\u00e9compens\u00e9 par de prestigieux prix, son art est une synth\u00e8se entre modernit\u00e9 et h\u00e9ritage culturel indien.<\/p>\n<p>Cr\u00e9\u00e9e en 2015 by Karishma Swali, la <strong>Chanakya Foundation<\/strong> concourt parall\u00e8lement \u00e0 l\u2019\u00e9mancipation des femmes par l\u2019\u00e9ducation et le d\u00e9veloppement de comp\u00e9tences, et \u00e0 la pr\u00e9servation du riche h\u00e9ritage culturel de l\u2019Inde.\u00a0La <strong>Chanakya School of Craft<\/strong>, fond\u00e9e l\u2019ann\u00e9e suivante, propose quant \u00e0 elle un programme sur dix-huit mois d\u2019apprentissage immersif de plus de trois cent techniques de broderie. Elle a fait acc\u00e9der \u00e0 l\u2019autonomie plus de 1\u00a0200 femmes \u00e0 ce jour et h\u00e9berge dans ses locaux un centre culturel o\u00f9 le public peut assister \u00e0 des d\u00e9monstrations de techniques ancestrales. En redonnant vie \u00e0 celles-ci, la Fondation et l\u2019\u00c9cole promeuvent l\u2019\u00e9galit\u00e9 des sexes, l\u2019autonomie et l\u2019excellence professionnelle des femmes, tout en assurant \u00e0 cet h\u00e9ritage culturel un avenir durable.<\/p>\n<p><a href=\"https:\/\/www.saloneverde.com\/cosmic-garden\/\" target=\"_blank\" rel=\"noopener\">Exposition : 60<sup>e <\/sup>biennale de Venise, Salone Verde, Santa Croce 2258, Venise, du 20 avril 2024 au 24 novembre 2024<\/a><\/p>\n","protected":false},"excerpt":{"rendered":"<p>Sous la direction de Maria Alicata et Paola Ugolini Cette exposition et le livre qui l\u2019accompagne montrent comment des artistes contemporains ont su, en se r\u00e9appropriant des techniques ancestrales, explorer leur propre histoire culturelle et leur identit\u00e9. Art transmis de g\u00e9n\u00e9ration en g\u00e9n\u00e9ration, la broderie joue un r\u00f4le central dans cette exploration. Traditionnellement pratiqu\u00e9e par&hellip;<\/p>\n","protected":false},"featured_media":35489,"template":"","meta":{"_acf_changed":false,"inline_featured_image":false},"product_brand":[],"product_cat":[57,70],"product_tag":[],"class_list":{"0":"post-35446","1":"product","2":"type-product","3":"status-publish","4":"has-post-thumbnail","6":"product_cat-art-contemporain","7":"product_cat-arts-appliques","8":"disponibilita-si","9":"description-off","11":"first","12":"instock","13":"featured","14":"shipping-taxable","15":"purchasable","16":"product-type-simple"},"acf":[],"_links":{"self":[{"href":"https:\/\/www.fivecontinentseditions.com\/fr\/wp-json\/wp\/v2\/product\/35446","targetHints":{"allow":["GET"]}}],"collection":[{"href":"https:\/\/www.fivecontinentseditions.com\/fr\/wp-json\/wp\/v2\/product"}],"about":[{"href":"https:\/\/www.fivecontinentseditions.com\/fr\/wp-json\/wp\/v2\/types\/product"}],"wp:featuredmedia":[{"embeddable":true,"href":"https:\/\/www.fivecontinentseditions.com\/fr\/wp-json\/wp\/v2\/media\/35489"}],"wp:attachment":[{"href":"https:\/\/www.fivecontinentseditions.com\/fr\/wp-json\/wp\/v2\/media?parent=35446"}],"wp:term":[{"taxonomy":"product_brand","embeddable":true,"href":"https:\/\/www.fivecontinentseditions.com\/fr\/wp-json\/wp\/v2\/product_brand?post=35446"},{"taxonomy":"product_cat","embeddable":true,"href":"https:\/\/www.fivecontinentseditions.com\/fr\/wp-json\/wp\/v2\/product_cat?post=35446"},{"taxonomy":"product_tag","embeddable":true,"href":"https:\/\/www.fivecontinentseditions.com\/fr\/wp-json\/wp\/v2\/product_tag?post=35446"}],"curies":[{"name":"wp","href":"https:\/\/api.w.org\/{rel}","templated":true}]}}