{"id":34969,"date":"2025-11-05T11:40:16","date_gmt":"2025-11-05T11:40:16","guid":{"rendered":"https:\/\/www.fivecontinentseditions.com\/?post_type=product&#038;p=34969"},"modified":"2025-12-09T15:12:11","modified_gmt":"2025-12-09T15:12:11","slug":"slavko-kopac","status":"publish","type":"product","link":"https:\/\/www.fivecontinentseditions.com\/fr\/p\/slavko-kopac\/","title":{"rendered":"SLAVKO KOPA\u010c"},"content":{"rendered":"<p><em>Sous la direction de Roberta Trapani. Avec un essai de Bernard Blist\u00e8ne. Textes de Cristina Acidini, Luca Macchi, Tamara Flori\u010di\u0107, Roberta Trapani, Pietro Nocita, Susanna Ragionieri, Michele Amedei, Roberta Serpolli, Pauline Goutain, D\u00e9borah Lehot-Couette, Katharine Conley, Kent Mitchell Minturn, Fabrice Flahutez<\/em><\/p>\n<p>L\u2019ouvrage accompagne l\u2019exposition Slavko Kopa\u010d. Il tesoro nascosto (Florence, Accademia delle Arti del Disegno). Il comporte un avant-propos de Bernard Blist\u00e8ne, ancien directeur du Mus\u00e9e national d\u2019art moderne (Centre Pompidou) et artisan de l\u2019acquisition par celui-ci de douze \u0153uvres de Kopa\u010d. Il explore les multiples facettes d\u2019un artiste qui a entretenu des liens \u00e9troits avec le surr\u00e9alisme comme avec l\u2019Art Informel et l\u2019Art Brut.<\/p>\n<p>Proche collaborateur de Jean Dubuffet, Slavko Kopa\u010d a \u00e9galement jou\u00e9 un r\u00f4le-cl\u00e9 dans la constitution et la promotion de la Collection de l\u2019Art Brut, dont il fut le premier curateur. Son univers magique, tot\u00e9mique, a fascin\u00e9 les surr\u00e9alistes et donn\u00e9 mati\u00e8re \u00e0 une collaboration avec Andr\u00e9 Breton. \u00c0 la m\u00eame \u00e9poque, le critique Michel Tapi\u00e9 l\u2019a int\u00e9gr\u00e9 \u00e0 son livre <em>Un art autre<\/em> (Paris, Gabriel Giraud et Fils, 1952 ; r\u00e9\u00e9d. Artcurial, 1994) ainsi qu\u2019\u00e0 l\u2019exposition \u00e9ponyme, tout en reconnaissant son originalit\u00e9 au sein de l\u2019Art Informel.<\/p>\n<p>Kopa\u010d a utilis\u00e9 la peinture, le dessin, la c\u00e9ramique, la sculpture, le collage et le livre d\u2019artiste pour son exploration de la mat\u00e9rialit\u00e9, o\u00f9 s\u2019entrecroisaient r\u00e9alit\u00e9 et imagination. Le pr\u00e9sent volume comporte des contributions d\u2019universitaires de niveau international ainsi qu\u2019une riche iconographie, incluant des\u00a0\u0153uvres et des pi\u00e8ces d\u2019archives in\u00e9dites \u00e0 ce jour.<\/p>\n<p><a href=\"https:\/\/www.aadfi.it\/inaugurazione-mostra-slavko-kopac-il-tesoro-nascosto\/\" target=\"_blank\" rel=\"noopener\">Exposition: Accademia delle Arti del Disegno, Florence, du 12 septembre au 13 novembre 2025<\/a><\/p>\n<p><strong>Bernard Blist\u00e8ne<\/strong> a dirig\u00e9 de 2013 \u00e0 2021 le Mus\u00e9e national d\u2019art moderne (Centre Pompidou), qu\u2019il a marqu\u00e9 de son empreinte \u00e0 travers de nombreuses expositions et r\u00e9trospectives (Fontana, Twombly, Warhol, Baselitz, etc.), apr\u00e8s avoir notamment dirig\u00e9 les mus\u00e9es de Marseille (et cr\u00e9\u00e9 plusieurs d\u2019entre eux). Il a enseign\u00e9 vingt-cinq ans \u00e0 l\u2019\u00c9cole du Louvre, organis\u00e9 des biennales internationales, con\u00e7u et dirig\u00e9 le Nouveau Festival dans le cadre du Centre Pompidou, et \u00e9t\u00e9 \u00e0 l\u2019initiative de grands projets culturels comme \u00ab Mondes Nouveaux \u00bb.<\/p>\n<p><strong>Roberta Trapani<\/strong> est historienne de l\u2019art contemporain, titulaire d\u2019un doctorat d\u00e9cern\u00e9 conjointement par les universit\u00e9s de Paris-Nanterre et de Palerme. Elle est cofondatrice du Collectif de r\u00e9flexion autour de l\u2019Art Brut (CrAB) ainsi que de la Kopa\u010d Committee Association (Paris) et chercheuse associ\u00e9e \u00e0 l\u2019unit\u00e9 de recherche ECLLA (\u00c9tudes du Contemporain en Litt\u00e9ratures, Langues, Arts) de l\u2019universit\u00e9 de Saint-\u00c9tienne, au laboratoire<br \/>\nInTRU (Interactions, Transferts, Ruptures artistiques et culturelles) de l\u2019universit\u00e9 de Tours et \u00e0 l\u2019Observatoire de l\u2019art outsider de l\u2019universit\u00e9 de Palerme. Elle a organis\u00e9 plusieurs expositions en France, en Belgique et en Italie et a publi\u00e9 des essais sur des artistes et des mouvements artistiques des\u00a0xx<sup>e<\/sup> et xxi<sup>e\u00a0<\/sup>si\u00e8cles.<\/p>\n<p><a href=\"https:\/\/www.raicultura.it\/arte\/articoli\/2025\/09\/Slavko-Kopac-il-tesoro-nascosto-a-Firenze-2991e84d-70b5-486a-a479-08c913fc0a1b.html\" target=\"_blank\" rel=\"noopener\">Slavko Kopa\u010d, il tesoro nascosto a Firenze | RAI Cultura<\/a><\/p>\n<p><a href=\"https:\/\/www.artedossier.it\/en\/art-news\/slavko-kopac-una-mostra-firenze\/\" target=\"_blank\" rel=\"noopener\">Slavko Kopa\u010d: una mostra a Firenze | Art(e)dossier<\/a><\/p>\n<p><a href=\"https:\/\/www.exibart.com\/mostre\/firenze-e-il-tesoro-nascosto-di-slavko-kopac-in-una-grande-retrospettiva\/\" target=\"_blank\" rel=\"noopener\">Firenze e il tesoro nascosto di Slavko Kopa\u010d in una grande retrospettiva | Exibart<\/a><\/p>\n<p><a href=\"https:\/\/www.artribune.com\/mostre-evento-arte\/slavko-kopac-il-tesoro-nascosto-arte-informale-surrealismo-art-brut\/\" target=\"_blank\" rel=\"noopener\">Slavko Kopa\u010d \u2013 Il tesoro nascosto. Arte informale surrealismo art brut | Art Tribune<\/a><\/p>\n<p><a href=\"https:\/\/www.lanazione.it\/firenze\/cronaca\/il-tesoro-di-slavko-kopac-158f959e\" target=\"_blank\" rel=\"noopener\">Il tesoro di Slavko Kopa\u010d. Firenze ricorda l\u2019allievo | La Nazione<\/a><\/p>\n<p><a href=\"https:\/\/www.thedotcultura.it\/mostre-il-ritorno-a-firenze-di-slavko-kopac-un-gigante-dellarte\/\" target=\"_blank\" rel=\"noopener\">Mostre: il ritorno a Firenze di Slavko Kopa\u010d, un gigante dell\u2019arte | thedotcultura.it<\/a><\/p>\n<p><a href=\"https:\/\/www.theflorentine.net\/2025\/09\/10\/slavko-kopac-accademia-arti-disegno\/\" target=\"_blank\" rel=\"noopener\">Slavko Kopa\u010d at the Accademia delle Arti del Disegno | The Florentine<\/a><\/p>\n","protected":false},"excerpt":{"rendered":"<p>Sous la direction de Roberta Trapani. Avec un essai de Bernard Blist\u00e8ne. Textes de Cristina Acidini, Luca Macchi, Tamara Flori\u010di\u0107, Roberta Trapani, Pietro Nocita, Susanna Ragionieri, Michele Amedei, Roberta Serpolli, Pauline Goutain, D\u00e9borah Lehot-Couette, Katharine Conley, Kent Mitchell Minturn, Fabrice Flahutez L\u2019ouvrage accompagne l\u2019exposition Slavko Kopa\u010d. Il tesoro nascosto (Florence, Accademia delle Arti del Disegno).&hellip;<\/p>\n","protected":false},"featured_media":34983,"template":"","meta":{"_acf_changed":false,"inline_featured_image":false},"product_brand":[],"product_cat":[49],"product_tag":[],"class_list":{"0":"post-34969","1":"product","2":"type-product","3":"status-publish","4":"has-post-thumbnail","6":"product_cat-art-brut-fr","7":"disponibilita-si","8":"description-off","10":"first","11":"instock","12":"featured","13":"shipping-taxable","14":"purchasable","15":"product-type-simple"},"acf":[],"_links":{"self":[{"href":"https:\/\/www.fivecontinentseditions.com\/fr\/wp-json\/wp\/v2\/product\/34969","targetHints":{"allow":["GET"]}}],"collection":[{"href":"https:\/\/www.fivecontinentseditions.com\/fr\/wp-json\/wp\/v2\/product"}],"about":[{"href":"https:\/\/www.fivecontinentseditions.com\/fr\/wp-json\/wp\/v2\/types\/product"}],"wp:featuredmedia":[{"embeddable":true,"href":"https:\/\/www.fivecontinentseditions.com\/fr\/wp-json\/wp\/v2\/media\/34983"}],"wp:attachment":[{"href":"https:\/\/www.fivecontinentseditions.com\/fr\/wp-json\/wp\/v2\/media?parent=34969"}],"wp:term":[{"taxonomy":"product_brand","embeddable":true,"href":"https:\/\/www.fivecontinentseditions.com\/fr\/wp-json\/wp\/v2\/product_brand?post=34969"},{"taxonomy":"product_cat","embeddable":true,"href":"https:\/\/www.fivecontinentseditions.com\/fr\/wp-json\/wp\/v2\/product_cat?post=34969"},{"taxonomy":"product_tag","embeddable":true,"href":"https:\/\/www.fivecontinentseditions.com\/fr\/wp-json\/wp\/v2\/product_tag?post=34969"}],"curies":[{"name":"wp","href":"https:\/\/api.w.org\/{rel}","templated":true}]}}