{"id":34356,"date":"2025-10-08T17:59:51","date_gmt":"2025-10-08T17:59:51","guid":{"rendered":"https:\/\/www.fivecontinentseditions.com\/?post_type=product&#038;p=34356"},"modified":"2026-02-17T11:17:56","modified_gmt":"2026-02-17T11:17:56","slug":"des-hommes-amoureux","status":"publish","type":"product","link":"https:\/\/www.fivecontinentseditions.com\/fr\/p\/des-hommes-amoureux\/","title":{"rendered":"DES HOMMES AMOUREUX"},"content":{"rendered":"<p><em>Textes de Hugh Nini et Neal Treadwell. Avec un essai de Laura Leonelli<\/em><\/p>\n<p><em>Ils s\u2019aiment. Un si\u00e8cle de photographies d\u2019hommes amoureux<\/em> est paru en 2020 (5 Continents Editions \/ \u00c9ditions Les Ar\u00e8nes), en plein pic de la pand\u00e9mie. Le livre \u00e9tait n\u00e9anmoins disponible en cinq langues, et la premi\u00e8re \u00e9dition a \u00e9t\u00e9 \u00e9puis\u00e9e en six semaines aux \u00c9tats-Unis. La r\u00e9action du public a \u00e9t\u00e9 si enthousiaste que l\u2019album est toujours, cinq ans et quelques r\u00e9impressions plus tard, un best-seller.<\/p>\n<p>Pour le r\u00e9aliser, les auteurs ont choisi 320 photographies parmi les quelque 2 000 en leur possession ; aujourd&rsquo;hui, plus d\u2019un quart de si\u00e8cle apr\u00e8s l\u2019achat de la toute premi\u00e8re pi\u00e8ce de leur collection, celle-ci en compte plus de 4 000. Il semblait d\u00e8s lors logique \u2013 et m\u00eame n\u00e9cessaire \u2013 de publier un second volume comprenant une s\u00e9lection op\u00e9r\u00e9e parmi ces nouvelles acquisitions. <em>Des hommes amoureux\u00a0<\/em>propose donc une autre \u00e9tonnante s\u00e9rie de photographies vernaculaires de couples masculins romantiques, dont la force \u00e9motionnelle ne le c\u00e8de en rien \u00e0 celle du premier. Ce second tome prolonge le r\u00e9cit de la joie inalt\u00e9r\u00e9e \u2013 \u00e0 laquelle chacun de nous aspire et que chacun reconna\u00eetra \u2013 que procure l\u2019\u00e9tat amoureux.<\/p>\n<p>Comme pour le premier volume, ces images et ce qu\u2019elles expriment, soit directement dans l\u2019\u00e9treinte, soit plus subtilement dans un contact furtif, \u00e9meuvent \u2013 et m\u00eame changent \u2013 ceux qui se trouvent face \u00e0 elle. En v\u00e9rit\u00e9, quiconque a d\u00e9j\u00e0 aim\u00e9 s\u2019identifiera \u00e0 l\u2019exaltation \u2013 et \u00e0 la s\u00e9r\u00e9nit\u00e9 \u2013 que ces couples partagent. Les crit\u00e8res de collecte n\u2019ont pas chang\u00e9 : depuis les premi\u00e8res ann\u00e9es de la photographie jusqu&rsquo;aux ann\u00e9es 1950, les archives Nini-Treadwell comprennent des daguerr\u00e9otypes, des tirages argentiques \u00e0 la g\u00e9latine, des plaques d\u2019\u00e9tain, des ambrotypes, des instantan\u00e9s, et bien d\u2019autres choses encore \u2013 le r\u00e9sum\u00e9 de tout un si\u00e8cle de techniques photographiques.<\/p>\n<p>Les sujets viennent de tous les milieux : soldats, fermiers, \u00e9tudiants, jeunes et vieux, pauvres et riches, ce sont des couples d\u2019hommes amoureux du monde entier, chaque photo \u00e9tant l\u2019histoire de deux \u00eatres, saisie dans l\u2019instant.<\/p>\n<p>N\u00e9s au Texas, <strong>Hugh Nini et Neal Treadwell<\/strong> sont des professionnels de l\u2019art qui vivent actuellement \u00e0 New York. Leur collection s\u2019est constitu\u00e9e sur une p\u00e9riode de vingt-cinq ans et comprend plus de 4 000 photos.<\/p>\n<p><strong>Laura Leonelli<\/strong>, journaliste, photographe et historienne de la photographie, collabore aux suppl\u00e9ments culturels du <em>Il Sole 24 Ore<\/em>, <em>Arte<\/em> et <em>AD<\/em>. Elle a publi\u00e9 plusieurs ouvrages et se consacre depuis longtemps \u00e0 l\u2019\u00e9tude et \u00e0 la collection de la photographie anonyme ou \u00ab vernaculaire \u00bb.<\/p>\n","protected":false},"excerpt":{"rendered":"<p>Textes de Hugh Nini et Neal Treadwell. Avec un essai de Laura Leonelli Ils s\u2019aiment. Un si\u00e8cle de photographies d\u2019hommes amoureux est paru en 2020 (5 Continents Editions \/ \u00c9ditions Les Ar\u00e8nes), en plein pic de la pand\u00e9mie. Le livre \u00e9tait n\u00e9anmoins disponible en cinq langues, et la premi\u00e8re \u00e9dition a \u00e9t\u00e9 \u00e9puis\u00e9e en six&hellip;<\/p>\n","protected":false},"featured_media":34437,"template":"","meta":{"_acf_changed":false,"inline_featured_image":false},"product_brand":[],"product_cat":[73],"product_tag":[],"class_list":{"0":"post-34356","1":"product","2":"type-product","3":"status-publish","4":"has-post-thumbnail","6":"product_cat-photographie","7":"disponibilita-si","8":"description-off","10":"first","11":"instock","12":"featured","13":"shipping-taxable","14":"purchasable","15":"product-type-simple"},"acf":[],"_links":{"self":[{"href":"https:\/\/www.fivecontinentseditions.com\/fr\/wp-json\/wp\/v2\/product\/34356","targetHints":{"allow":["GET"]}}],"collection":[{"href":"https:\/\/www.fivecontinentseditions.com\/fr\/wp-json\/wp\/v2\/product"}],"about":[{"href":"https:\/\/www.fivecontinentseditions.com\/fr\/wp-json\/wp\/v2\/types\/product"}],"wp:featuredmedia":[{"embeddable":true,"href":"https:\/\/www.fivecontinentseditions.com\/fr\/wp-json\/wp\/v2\/media\/34437"}],"wp:attachment":[{"href":"https:\/\/www.fivecontinentseditions.com\/fr\/wp-json\/wp\/v2\/media?parent=34356"}],"wp:term":[{"taxonomy":"product_brand","embeddable":true,"href":"https:\/\/www.fivecontinentseditions.com\/fr\/wp-json\/wp\/v2\/product_brand?post=34356"},{"taxonomy":"product_cat","embeddable":true,"href":"https:\/\/www.fivecontinentseditions.com\/fr\/wp-json\/wp\/v2\/product_cat?post=34356"},{"taxonomy":"product_tag","embeddable":true,"href":"https:\/\/www.fivecontinentseditions.com\/fr\/wp-json\/wp\/v2\/product_tag?post=34356"}],"curies":[{"name":"wp","href":"https:\/\/api.w.org\/{rel}","templated":true}]}}