{"id":34308,"date":"2025-10-02T12:56:58","date_gmt":"2025-10-02T12:56:58","guid":{"rendered":"https:\/\/www.fivecontinentseditions.com\/?post_type=product&#038;p=34308"},"modified":"2025-10-03T15:10:58","modified_gmt":"2025-10-03T15:10:58","slug":"les-arts-decoratifs-ii","status":"publish","type":"product","link":"https:\/\/www.fivecontinentseditions.com\/fr\/p\/les-arts-decoratifs-ii\/","title":{"rendered":"Les Arts d\u00e9coratifs II"},"content":{"rendered":"<p><em>Sous la direction de Fabienne Fravalo. Essais\u00a0<\/em><em>de Fabienne Fravalo, Caroline Heering et Sophie Mouquin <\/em><\/p>\n<p>Apr\u00e8s un premier volume consacr\u00e9 aux objets et sculptures profanes et sacr\u00e9s du XII<sup>e<\/sup> au XVIII<sup>e<\/sup> si\u00e8cle, ce deuxi\u00e8me catalogue de la collection arts d\u00e9coratifs de la Fondation Gandur pour l\u2019Art s\u2019int\u00e9resse plus sp\u00e9cifiquement \u00e0 l\u2019art d\u2019habiter. De l\u2019aube de la Renaissance \u00e0 la fin du si\u00e8cle des Lumi\u00e8res, meubles, coffrets, bo\u00eetes, horloges, luminaires, ivoires tourn\u00e9s et coupes en orf\u00e8vrerie dressent un panorama de la cr\u00e9ation europ\u00e9enne dans sa dimension proprement d\u00e9corative.<\/p>\n<p>Dirig\u00e9 par Fabienne Fravalo, conservatrice de la collection arts d\u00e9coratifs \u00e0 la Fondation Gandur pour l\u2019Art, ce catalogue est introduit par deux essais, \u00e9crits respectivement par Sophie Mouquin, ma\u00eetresse des conf\u00e9rences \u00e0 l\u2019Universit\u00e9 de Lille, et Caroline Heering, professeure \u00e0 l\u2019Universit\u00e9 catholique de Louvain.<\/p>\n<p>Il pr\u00e9sente les objets majeurs de la collection, \u00e9tudi\u00e9s et analys\u00e9s par des conservateurs et des chercheurs travaillant dans des institutions allemandes, am\u00e9ricaines, anglaises, belges, fran\u00e7aises et suisses.<\/p>\n<p><strong>Fabienne Fravalo<\/strong> est docteure en histoire de l\u2019art et conservatrice de la collection arts d\u00e9co\u00adratifs de la Fondation Gandur pour l\u2019Art depuis 2015. Elle a pr\u00e9c\u00e9demment dirig\u00e9 le premier catalogue de cette collection en 2020. Sp\u00e9cialiste des arts d\u00e9coratifs et du discours critique autour de 1900, elle est l\u2019auteur de plusieurs articles et ouvrages dont : <em>Art et D\u00e9coration, une revue entre deux si\u00e8cles (1897-1914). De l\u2019Art nouveau \u00e0 un art d\u00e9coratif moderne <\/em>(2023).<\/p>\n<p><strong>Caroline Heering<\/strong> est professeure en histoire de l\u2019art \u00e0 l\u2019Universit\u00e9 catholique de Louvain et codirectrice du GEMCA (Groupe d\u2019analyse culturelle de la premi\u00e8re modernit\u00e9). Ses recherches portent sur les arts du XVII<sup>e<\/sup> si\u00e8cle dans les anciens Pays-Bas m\u00e9ridionaux et sur la question de l\u2019ornement envisag\u00e9 d\u2019un point de vue th\u00e9orique, historique et formel, dans l\u2019architecture, la peinture, la sculpture, les arts liturgiques ou le spectacle baroque.<\/p>\n<p><strong>Sophie Mouquin<\/strong> est ma\u00eetresse de conf\u00e9rences des universit\u00e9s (Bordeaux de 2004 \u00e0 2007, Lille depuis 2007), et a \u00e9t\u00e9 Directrice des \u00e9tudes de l\u2019\u00c9cole du Louvre (2011-2016). Sp\u00e9cialiste des arts d\u00e9coratifs, des arts du d\u00e9cor et de l\u2019histoire du go\u00fbt des XVII<sup>e<\/sup> et XVIII<sup>e<\/sup> si\u00e8cles, elle est l\u2019auteur de nombreux articles et chapitres d\u2019ouvrages collectifs et de plusieurs ouvrages dont <em>Le Style Louis XV <\/em>(2003) et <em>Les Arts d\u00e9coratifs en Europe, de la Renaissance \u00e0 l\u2019Art d\u00e9co <\/em>(2020).<\/p>\n","protected":false},"excerpt":{"rendered":"<p>Sous la direction de Fabienne Fravalo. Essais\u00a0de Fabienne Fravalo, Caroline Heering et Sophie Mouquin Apr\u00e8s un premier volume consacr\u00e9 aux objets et sculptures profanes et sacr\u00e9s du XIIe au XVIIIe si\u00e8cle, ce deuxi\u00e8me catalogue de la collection arts d\u00e9coratifs de la Fondation Gandur pour l\u2019Art s\u2019int\u00e9resse plus sp\u00e9cifiquement \u00e0 l\u2019art d\u2019habiter. De l\u2019aube de la&hellip;<\/p>\n","protected":false},"featured_media":34607,"template":"","meta":{"_acf_changed":false,"inline_featured_image":false},"product_brand":[],"product_cat":[70],"product_tag":[],"class_list":{"0":"post-34308","1":"product","2":"type-product","3":"status-publish","4":"has-post-thumbnail","6":"product_cat-arts-appliques","7":"disponibilita-si","8":"description-off","10":"first","11":"instock","12":"featured","13":"shipping-taxable","14":"purchasable","15":"product-type-simple"},"acf":[],"_links":{"self":[{"href":"https:\/\/www.fivecontinentseditions.com\/fr\/wp-json\/wp\/v2\/product\/34308","targetHints":{"allow":["GET"]}}],"collection":[{"href":"https:\/\/www.fivecontinentseditions.com\/fr\/wp-json\/wp\/v2\/product"}],"about":[{"href":"https:\/\/www.fivecontinentseditions.com\/fr\/wp-json\/wp\/v2\/types\/product"}],"wp:featuredmedia":[{"embeddable":true,"href":"https:\/\/www.fivecontinentseditions.com\/fr\/wp-json\/wp\/v2\/media\/34607"}],"wp:attachment":[{"href":"https:\/\/www.fivecontinentseditions.com\/fr\/wp-json\/wp\/v2\/media?parent=34308"}],"wp:term":[{"taxonomy":"product_brand","embeddable":true,"href":"https:\/\/www.fivecontinentseditions.com\/fr\/wp-json\/wp\/v2\/product_brand?post=34308"},{"taxonomy":"product_cat","embeddable":true,"href":"https:\/\/www.fivecontinentseditions.com\/fr\/wp-json\/wp\/v2\/product_cat?post=34308"},{"taxonomy":"product_tag","embeddable":true,"href":"https:\/\/www.fivecontinentseditions.com\/fr\/wp-json\/wp\/v2\/product_tag?post=34308"}],"curies":[{"name":"wp","href":"https:\/\/api.w.org\/{rel}","templated":true}]}}