{"id":33868,"date":"2025-08-27T10:25:34","date_gmt":"2025-08-27T10:25:34","guid":{"rendered":"https:\/\/www.fivecontinentseditions.com\/?post_type=product&#038;p=33868"},"modified":"2025-12-01T14:31:53","modified_gmt":"2025-12-01T14:31:53","slug":"peignes-dafrique-de-louest","status":"publish","type":"product","link":"https:\/\/www.fivecontinentseditions.com\/fr\/p\/peignes-dafrique-de-louest\/","title":{"rendered":"Peignes d&rsquo;Afrique de l&rsquo;Ouest"},"content":{"rendered":"<p><em>Sous la direction de Najwa Borro, Sarah Boukamel, Faouzi Borro et Valentine Plisnier, avec un essai d\u2019Alain-Michel Boyer<\/em><\/p>\n<p>Cet ouvrage pens\u00e9 comme un bijou pr\u00e9sente une s\u00e9lection d\u2019une centaine de peignes de l\u2019Afrique de l\u2019Ouest provenant de l\u2019une des plus importantes et des plus belles collections priv\u00e9es d\u2019arts de l\u2019Afrique subsaharienne. Cet ensemble in\u00e9dit, constitu\u00e9 d\u2019une s\u00e9lection d\u2019\u0153uvres rigoureusement choisies et rassembl\u00e9es durant plus de soixante ann\u00e9es, s\u2019accompagne d\u2019un texte d\u00e9terminant d\u2019Alain-Michel\u00a0Boyer, qui signe ici son dernier ouvrage initi\u00e9 il y a pr\u00e8s de dix ans sur une th\u00e9matique rarement abord\u00e9e.<\/p>\n<p>En plus de nous offrir des d\u00e9veloppements pr\u00e9cieux sur les cultures dont ces sculptures miniatures sont issues (C\u00f4te d\u2019Ivoire, Ghana, Nig\u00e9ria), il interroge l\u2019exp\u00e9rience m\u00eame de la forme : m\u00e9tamorphosant l\u2019accessoire, ces cr\u00e9ations exaltant la beaut\u00e9 pure sont trait\u00e9es avec un souci esth\u00e9tique \u00e9levant la parure corporelle au rang des beaux-arts.<\/p>\n<p><strong>Alain-Michel\u00a0Boyer <\/strong>(9\u00a0mai\u00a01949\u00a0\u2013\u00a027\u00a0mars\u00a02025),\u00a0anthropologue et historien d\u2019art<strong>,<\/strong><strong>\u00a0<\/strong>est agr\u00e9g\u00e9 de lettres\u00a0et dipl\u00f4m\u00e9 de l\u2019Institut d\u2019\u00e9tudes politiques. Titulaire de deux doctorats (Sorbonne, Paris) et d\u2019une bourse d\u2019\u00e9tudes Fulbright (\u00c9tats-Unis), il a enseign\u00e9 dans plusieurs universit\u00e9s am\u00e9ricaines. Ancien membre du Conseil national des universit\u00e9s \u00e0 Paris, il a ensuite \u00e9t\u00e9 professeur \u00e9m\u00e9rite d\u2019art africain.\u00a0Il a publi\u00e9 en 1974 l\u2019un des premiers livres consacr\u00e9s \u00e0 Michel\u00a0Leiris.\u00a0Alain-Michel\u00a0Boyer a v\u00e9cu plusieurs ann\u00e9es en C\u00f4te d\u2019Ivoire, en particulier chez les Baoul\u00e9 et les Yohour\u00e9. Il a \u00e9galement effectu\u00e9 plusieurs missions de recherche au Mali, au Liberia, au Ghana, en Tanzanie, au Malawi, dans la vall\u00e9e de l\u2019Omo, au sud de l\u2019\u00c9thiopie, au Zimbabwe, en Namibie, au Lesotho et en Afrique du Sud. Il a accompli des recherches d\u00e9cisives en particulier dans le domaine des arts de C\u00f4te d\u2019Ivoire. On lui doit une vingtaine de livres, dont\u00a0<em>Comment regarder les arts d\u2019Afrique\u00a0<\/em>(Hazan, 2017),\u00a0<em>Baule\u00a0<\/em>(5\u00a0Continents \u00c9ditions, 2008),\u00a0<em>Le\u00a0Corps africain\u00a0<\/em>(Hazan, 2006). Il a publi\u00e9 les seuls ouvrages consacr\u00e9s aux masques et statuettes de deux peuples jusque-l\u00e0 n\u00e9glig\u00e9s par les historiens d\u2019art.\u00a0<em>Les\u00a0Yohour\u00e9 de C\u00f4te d\u2019Ivoire. Faire danser les dieux\u00a0<\/em>(Ides et calendes, 2017) et\u00a0<em>Les Figurines kulango. Les\u00a0esprits myst\u00e9rieux de la brousse de la collection Pierluigi Peroni\u00a0<\/em>(5\u00a0Continents Editions, 2017). Il est officier de l\u2019ordre national du M\u00e9rite de la R\u00e9publique de C\u00f4te d\u2019Ivoire.<\/p>\n<p><strong>Najwa Borro<\/strong> est chercheuse ind\u00e9pendante et curatrice, sp\u00e9cialis\u00e9e en arts de l\u2019Afrique. Elle a collabor\u00e9 avec de nombreuses galeries, des maisons de ventes et des mus\u00e9es. Assistante scientifique aupr\u00e8s d\u2019Yves\u00a0Le\u00a0Fur, directeur du d\u00e9partement du patrimoine et des collections du mus\u00e9e du quai Branly\u00a0\u2013\u00a0Jacques Chirac, elle a notamment particip\u00e9 sous sa direction \u00e0 la conception de l\u2019exposition <em>Les For\u00eats natales. Arts d\u2019Afrique \u00e9quatoriale atlantique <\/em>(2017)<em>.<\/em><\/p>\n<p><strong>Sarah Boukamel<\/strong> est dipl\u00f4m\u00e9e de l\u2019\u00c9cole du Louvre, historienne de l\u2019art et enseignante, sp\u00e9cialis\u00e9e en histoire des arts d\u2019Afrique. Elle a notamment contribu\u00e9 de mani\u00e8re significative \u00e0 la documentation des \u0153uvres de la donation Marc\u00a0Ladreit de Lacharri\u00e8re au mus\u00e9e du quai Branly\u00a0\u2013\u00a0Jacques\u00a0Chirac.<\/p>\n<p><strong>Valentine Plisnier<\/strong>\u00a0est chercheuse en histoire de l\u2019art, commissaire d\u2019exposition et auteure. On lui doit plusieurs ouvrages dont <em>Le\u00a0Primitivisme dans la photographie. L\u2019impact des arts extra-europ\u00e9ens sur la modernit\u00e9 photographique de 1918 \u00e0 nos jours<\/em> (Trocad\u00e9ro, 2012), <em>L<\/em>\u2019<em>Art lega. Grandeur et humilit\u00e9<\/em> en collaboration avec Michel\u00a0Boulanger (Galerie\u00a0Valois, 2016), <em>Arts d\u2019Afrique. Portraits d\u2019une collection<\/em> (5\u00a0Continents Editions, 2016) en collaboration avec Patrick\u00a0Caput et <em>Pierre\u00a0Dartevelle et les arts premiers\u00a0: m\u00e9moire et continuit\u00e9<\/em> (5\u00a0Continents \u00c9ditions, 2020).<\/p>\n","protected":false},"excerpt":{"rendered":"<p>Sous la direction de Najwa Borro, Sarah Boukamel, Faouzi Borro et Valentine Plisnier, avec un essai d\u2019Alain-Michel Boyer Cet ouvrage pens\u00e9 comme un bijou pr\u00e9sente une s\u00e9lection d\u2019une centaine de peignes de l\u2019Afrique de l\u2019Ouest provenant de l\u2019une des plus importantes et des plus belles collections priv\u00e9es d\u2019arts de l\u2019Afrique subsaharienne. Cet ensemble in\u00e9dit, constitu\u00e9&hellip;<\/p>\n","protected":false},"featured_media":33931,"template":"","meta":{"_acf_changed":false,"inline_featured_image":false},"product_brand":[],"product_cat":[54],"product_tag":[],"class_list":{"0":"post-33868","1":"product","2":"type-product","3":"status-publish","4":"has-post-thumbnail","6":"product_cat-art-africain","7":"disponibilita-si","8":"description-off","10":"first","11":"instock","12":"shipping-taxable","13":"purchasable","14":"product-type-simple"},"acf":[],"_links":{"self":[{"href":"https:\/\/www.fivecontinentseditions.com\/fr\/wp-json\/wp\/v2\/product\/33868","targetHints":{"allow":["GET"]}}],"collection":[{"href":"https:\/\/www.fivecontinentseditions.com\/fr\/wp-json\/wp\/v2\/product"}],"about":[{"href":"https:\/\/www.fivecontinentseditions.com\/fr\/wp-json\/wp\/v2\/types\/product"}],"wp:featuredmedia":[{"embeddable":true,"href":"https:\/\/www.fivecontinentseditions.com\/fr\/wp-json\/wp\/v2\/media\/33931"}],"wp:attachment":[{"href":"https:\/\/www.fivecontinentseditions.com\/fr\/wp-json\/wp\/v2\/media?parent=33868"}],"wp:term":[{"taxonomy":"product_brand","embeddable":true,"href":"https:\/\/www.fivecontinentseditions.com\/fr\/wp-json\/wp\/v2\/product_brand?post=33868"},{"taxonomy":"product_cat","embeddable":true,"href":"https:\/\/www.fivecontinentseditions.com\/fr\/wp-json\/wp\/v2\/product_cat?post=33868"},{"taxonomy":"product_tag","embeddable":true,"href":"https:\/\/www.fivecontinentseditions.com\/fr\/wp-json\/wp\/v2\/product_tag?post=33868"}],"curies":[{"name":"wp","href":"https:\/\/api.w.org\/{rel}","templated":true}]}}