{"id":33860,"date":"2025-10-08T17:59:49","date_gmt":"2025-10-08T17:59:49","guid":{"rendered":"https:\/\/www.fivecontinentseditions.com\/?post_type=product&#038;p=33860"},"modified":"2026-01-22T09:32:38","modified_gmt":"2026-01-22T09:32:38","slug":"loving-ii","status":"publish","type":"product","link":"https:\/\/www.fivecontinentseditions.com\/fr\/p\/loving-ii\/","title":{"rendered":"LOVING II"},"content":{"rendered":"<p><em>Textes de Hugh Nini et Neal Treadwell. Avec un essai de Laura Leonelli<\/em><\/p>\n<p><em>Loving: A Photographic History of Men in Love, 1850s\u20131950s<\/em> est paru en 2020 (5 Continents Editions \/ \u00c9ditions Les Ar\u00e8nes), en plein pic de la pand\u00e9mie. Le livre \u00e9tait n\u00e9anmoins disponible en cinq langues, et la premi\u00e8re \u00e9dition a \u00e9t\u00e9 \u00e9puis\u00e9e en six semaines aux \u00c9tats-Unis. La r\u00e9action du public a \u00e9t\u00e9 si enthousiaste que l\u2019album est toujours, cinq ans et quelques r\u00e9impressions plus tard, un best-seller.<\/p>\n<p>Pour le r\u00e9aliser, les auteurs ont choisi 320 photographies parmi les quelque 2 000 en leur possession ; aujourd&rsquo;hui, plus d\u2019un quart de si\u00e8cle apr\u00e8s l\u2019achat de la toute premi\u00e8re pi\u00e8ce de leur collection, celle-ci en compte plus de 4 000. Il semblait d\u00e8s lors logique \u2013 et m\u00eame n\u00e9cessaire \u2013 de publier un second volume comprenant une s\u00e9lection op\u00e9r\u00e9e parmi ces nouvelles acquisitions. <em>Loving II<\/em>\u00a0propose donc une autre \u00e9tonnante s\u00e9rie de photographies vernaculaires de couples masculins romantiques, dont la force \u00e9motionnelle ne le c\u00e8de en rien \u00e0 celle du premier. Ce second tome prolonge le r\u00e9cit de la joie inalt\u00e9r\u00e9e \u2013 \u00e0 laquelle chacun de nous aspire et que chacun reconna\u00eetra \u2013 que procure l\u2019\u00e9tat amoureux.<\/p>\n<p>Comme pour le premier volume, ces images et ce qu\u2019elles expriment, soit directement dans l\u2019\u00e9treinte, soit plus subtilement dans un contact furtif, \u00e9meuvent \u2013 et m\u00eame changent \u2013 ceux qui se trouvent face \u00e0 elle. En v\u00e9rit\u00e9, quiconque a d\u00e9j\u00e0 aim\u00e9 s\u2019identifiera \u00e0 l\u2019exaltation \u2013 et \u00e0 la s\u00e9r\u00e9nit\u00e9 \u2013 que ces couples partagent. Les crit\u00e8res de collecte n\u2019ont pas chang\u00e9 : depuis les premi\u00e8res ann\u00e9es de la photographie jusqu&rsquo;aux ann\u00e9es 1950, les archives Nini-Treadwell comprennent des daguerr\u00e9otypes, des tirages argentiques \u00e0 la g\u00e9latine, des plaques d\u2019\u00e9tain, des ambrotypes, des instantan\u00e9s, et bien d\u2019autres choses encore \u2013 le r\u00e9sum\u00e9 de tout un si\u00e8cle de techniques photographiques.<\/p>\n<p>Les sujets viennent de tous les milieux : soldats, fermiers, \u00e9tudiants, jeunes et vieux, pauvres et riches, ce sont des couples d\u2019hommes amoureux du monde entier, chaque photo \u00e9tant l\u2019histoire de deux \u00eatres, saisie dans l\u2019instant.<\/p>\n<p>N\u00e9s au Texas, <strong>Hugh Nini et Neal Treadwell<\/strong> sont des professionnels de l\u2019art qui vivent actuellement \u00e0 New York. Leur collection s\u2019est constitu\u00e9e sur une p\u00e9riode de vingt-cinq ans et comprend plus de 4 000 photos.<\/p>\n<p><strong>Laura Leonelli<\/strong>, journaliste, photographe et historienne de la photographie, collabore aux suppl\u00e9ments culturels du <em>Il Sole 24 Ore<\/em>, <em>Arte<\/em> et <em>AD<\/em>. Elle a publi\u00e9 plusieurs ouvrages et se consacre depuis longtemps \u00e0 l\u2019\u00e9tude et \u00e0 la collection de la photographie anonyme ou \u00ab vernaculaire \u00bb.<\/p>\n<p><a href=\"https:\/\/qnews.com.au\/photographs-of-men-in-love-exhibition-comes-to-australia\/\" target=\"_blank\" rel=\"noopener\">\u2018Photographs of Men in Love\u2019 exhibition comes to Australia | QNews Australia<\/a><\/p>\n<p><a href=\"https:\/\/www.abc.net.au\/news\/2026-01-03\/photographs-of-men-in-love-exhibition-same-sex-couples-canberra\/106164254\" target=\"_blank\" rel=\"noopener\">Photographs of Men in Love exhibition reveals public glimpses of forbidden love | ABC Australian Broadcasting Corporation<\/a><\/p>\n<p><a href=\"https:\/\/www.artshub.com.au\/event\/loving-2838172\/\" target=\"_blank\" rel=\"noopener\">LOVING | ArtsHub Australia<\/a><\/p>\n<p><a href=\"https:\/\/www.melbourne.vic.gov.au\/event\/loving-photographs-men-love-1850s-1950s\" target=\"_blank\" rel=\"noopener\">LOVING: Photographs of Men in Love 1850s to 1950s | City of Melbourne<\/a><\/p>\n<p><a href=\"https:\/\/xtramagazine.com\/culture\/loving-ii-forbidden-gay-love-in-photos-278635\" target=\"_blank\" rel=\"noopener\">\u2018LOVING II\u2019 uncovers a century of forbidden gay love in photos | Xtramagazine.com<\/a><\/p>\n<p><a href=\"https:\/\/qulturvultur.com\/loving-vol-2-interview\/\" target=\"_blank\" rel=\"noopener\">New Photo Book Continues Couples Quest to Authenticate Queer Love through the Centuries | QulturVultur<\/a><\/p>\n<p><a href=\"https:\/\/cinesaurusrex.substack.com\/p\/the-full-story-hugh-nini-and-neal\" target=\"_blank\" rel=\"noopener\">The Full Story: Hugh Nini and Neal Treadwell Reveal the Secrets of &lsquo;Loving II&rsquo; | Substack by Killian Melloy<\/a><\/p>\n<p><a href=\"https:\/\/www.attitude.co.uk\/life\/love-through-a-lens-10-images-of-gay-couples-in-love-attitude-2025-502236\/\" target=\"_blank\" rel=\"noopener\">Love through a lens: 10 epic images of gay couples in love from 1850s-1950s | Attitude<\/a><\/p>\n<p><a href=\"https:\/\/www.out.com\/photography\/loving-photography-men-in-love#toggle-gdpr\" target=\"_blank\" rel=\"noopener\">Loving II: See vintage photos of men in love | OUT.com<\/a><\/p>\n<p><a href=\"https:\/\/fox4kc.com\/business\/press-releases\/ein-presswire\/857998141\/loving-ii-reveals-hidden-photographic-history-of-gay-men-in-love-1850s-1950s\/\" target=\"_blank\" rel=\"noopener\">Loving II Reveals Hidden Photographic History of Gay Men in Love, 1850s\u20131950s | Fox4 Morning News<\/a><\/p>\n<p><a href=\"https:\/\/www.ebar.com\/story\/158857\" target=\"_blank\" rel=\"noopener\">\u2018Loving II\u2019 \u2013 Hugh Nini and Neal Treadwell\u2019s second photobook shows more affectionate men through history | Bay Area Reporter, San Francisco<\/a><\/p>\n<p><a href=\"https:\/\/www.sgn.org\/story\/158555\/Arts%20%26%20Entertainment\/Books\/Preserving%20historical%20Queer%20love%3A%20A%20conversation%20with%20the%20Gay%20authors%20of%20Loving%20II\" target=\"_blank\" rel=\"noopener\">Preserving historical Queer love: A conversation with the Gay authors of Loving II | Seattle and The Pacific Northwest&rsquo;s LGBTQIA+<\/a><\/p>\n","protected":false},"excerpt":{"rendered":"<p>Textes de Hugh Nini et Neal Treadwell. Avec un essai de Laura Leonelli Loving: A Photographic History of Men in Love, 1850s\u20131950s est paru en 2020 (5 Continents Editions \/ \u00c9ditions Les Ar\u00e8nes), en plein pic de la pand\u00e9mie. Le livre \u00e9tait n\u00e9anmoins disponible en cinq langues, et la premi\u00e8re \u00e9dition a \u00e9t\u00e9 \u00e9puis\u00e9e en&hellip;<\/p>\n","protected":false},"featured_media":34424,"template":"","meta":{"_acf_changed":false,"inline_featured_image":false},"product_brand":[],"product_cat":[73],"product_tag":[],"class_list":{"0":"post-33860","1":"product","2":"type-product","3":"status-publish","4":"has-post-thumbnail","6":"product_cat-photographie","7":"disponibilita-si","8":"description-off","10":"first","11":"instock","12":"shipping-taxable","13":"purchasable","14":"product-type-simple"},"acf":[],"_links":{"self":[{"href":"https:\/\/www.fivecontinentseditions.com\/fr\/wp-json\/wp\/v2\/product\/33860","targetHints":{"allow":["GET"]}}],"collection":[{"href":"https:\/\/www.fivecontinentseditions.com\/fr\/wp-json\/wp\/v2\/product"}],"about":[{"href":"https:\/\/www.fivecontinentseditions.com\/fr\/wp-json\/wp\/v2\/types\/product"}],"wp:featuredmedia":[{"embeddable":true,"href":"https:\/\/www.fivecontinentseditions.com\/fr\/wp-json\/wp\/v2\/media\/34424"}],"wp:attachment":[{"href":"https:\/\/www.fivecontinentseditions.com\/fr\/wp-json\/wp\/v2\/media?parent=33860"}],"wp:term":[{"taxonomy":"product_brand","embeddable":true,"href":"https:\/\/www.fivecontinentseditions.com\/fr\/wp-json\/wp\/v2\/product_brand?post=33860"},{"taxonomy":"product_cat","embeddable":true,"href":"https:\/\/www.fivecontinentseditions.com\/fr\/wp-json\/wp\/v2\/product_cat?post=33860"},{"taxonomy":"product_tag","embeddable":true,"href":"https:\/\/www.fivecontinentseditions.com\/fr\/wp-json\/wp\/v2\/product_tag?post=33860"}],"curies":[{"name":"wp","href":"https:\/\/api.w.org\/{rel}","templated":true}]}}