{"id":33847,"date":"2025-08-25T15:40:33","date_gmt":"2025-08-25T15:40:33","guid":{"rendered":"https:\/\/www.fivecontinentseditions.com\/?post_type=product&#038;p=33847"},"modified":"2025-10-14T09:31:31","modified_gmt":"2025-10-14T09:31:31","slug":"jivya-soma-mashe","status":"publish","type":"product","link":"https:\/\/www.fivecontinentseditions.com\/fr\/p\/jivya-soma-mashe\/","title":{"rendered":"Jivya Soma Mashe"},"content":{"rendered":"<p><em>Textes d\u2019Herv\u00e9 Perdriolle <\/em><\/p>\n<p>Ce livre est le premier d\u00e9di\u00e9 enti\u00e8rement \u00e0 l\u2019\u0153uvre picturale de Jivya Soma Mashe. Jivya Soma Mashe (1934-2018), la figure l\u00e9gendaire de la tribu Warli (Maharashtra, Inde), fait partie des artistes, des auteurs aurait dit Dubuffet, comme Bill Traylor ou Fr\u00e9d\u00e9ric Bruly-Bouabr\u00e9 qui ouvrent notre regard sur la richesse et la diversit\u00e9 de nos cultures.<\/p>\n<p>Jivya Soma Mashe, abandonn\u00e9 d\u00e8s son plus jeune \u00e2ge par sa famille, va se r\u00e9fugier dans la pratique du dessin et s\u2019emparer de la pictographie propre \u00e0 sa communaut\u00e9 pour d\u00e9velopper un style personnel qui suscitera l\u2019admiration de ses proches, puis des autorit\u00e9s r\u00e9gionales, nationales et internationales. Il re\u00e7oit son premier National Award des mains d\u2019Indira Gandhi en 1976.<\/p>\n<p>Des peintures de Jivya Soma Mashe sont expos\u00e9e pour la premi\u00e8re fois en 1975 \u00e0 la galerie historique de Mumbai, la galerie Chemould. Certaines d\u2019entre-elles sont pr\u00e9sentes dans le fameux catalogue de l\u2019exposition \u00ab\u00a0Magiciens de la terre\u00a0\u00bb du Centre Pompidou en 1989 et d\u2019autres sont pr\u00e9sentes en 2014 pour le trenti\u00e8me anniversaire de la Fondation Cartier. On pourra admirer quelques-unes de ses grandes peintures dans l\u2019exposition inaugurale des nouveaux locaux de la Fondation Cartier, face au mus\u00e9e du Louvre, \u00e0 partir de la fin du mois d\u2019octobre 2025.<\/p>\n<p><strong>Herv\u00e9 Perdriolle\u00a0<\/strong>est critique d\u2019art et commissaire d\u2019expositions. Il a initi\u00e9 les premi\u00e8res expositions en France du mouvement Figuration Libre (Blanchard, Boisrond, Combas, Di Rosa, Viollet) et de leurs homologues am\u00e9ricains (Basquiat, Haring, Scharf). Herv\u00e9 Perdriolle a v\u00e9cu en Inde de 1996 \u00e0 1999, dates \u00e0 partir desquelles sa passion pour l\u2019art contemporain indien dans toute sa diversit\u00e9 ne cesse de se manifester par l\u2019organisation de multiples expositions.<\/p>\n","protected":false},"excerpt":{"rendered":"<p>Textes d\u2019Herv\u00e9 Perdriolle Ce livre est le premier d\u00e9di\u00e9 enti\u00e8rement \u00e0 l\u2019\u0153uvre picturale de Jivya Soma Mashe. Jivya Soma Mashe (1934-2018), la figure l\u00e9gendaire de la tribu Warli (Maharashtra, Inde), fait partie des artistes, des auteurs aurait dit Dubuffet, comme Bill Traylor ou Fr\u00e9d\u00e9ric Bruly-Bouabr\u00e9 qui ouvrent notre regard sur la richesse et la diversit\u00e9&hellip;<\/p>\n","protected":false},"featured_media":33900,"template":"","meta":{"_acf_changed":false,"inline_featured_image":false},"product_brand":[],"product_cat":[57],"product_tag":[],"class_list":{"0":"post-33847","1":"product","2":"type-product","3":"status-publish","4":"has-post-thumbnail","6":"product_cat-art-contemporain","7":"disponibilita-si","8":"description-off","10":"first","11":"instock","12":"featured","13":"shipping-taxable","14":"purchasable","15":"product-type-simple"},"acf":[],"_links":{"self":[{"href":"https:\/\/www.fivecontinentseditions.com\/fr\/wp-json\/wp\/v2\/product\/33847","targetHints":{"allow":["GET"]}}],"collection":[{"href":"https:\/\/www.fivecontinentseditions.com\/fr\/wp-json\/wp\/v2\/product"}],"about":[{"href":"https:\/\/www.fivecontinentseditions.com\/fr\/wp-json\/wp\/v2\/types\/product"}],"wp:featuredmedia":[{"embeddable":true,"href":"https:\/\/www.fivecontinentseditions.com\/fr\/wp-json\/wp\/v2\/media\/33900"}],"wp:attachment":[{"href":"https:\/\/www.fivecontinentseditions.com\/fr\/wp-json\/wp\/v2\/media?parent=33847"}],"wp:term":[{"taxonomy":"product_brand","embeddable":true,"href":"https:\/\/www.fivecontinentseditions.com\/fr\/wp-json\/wp\/v2\/product_brand?post=33847"},{"taxonomy":"product_cat","embeddable":true,"href":"https:\/\/www.fivecontinentseditions.com\/fr\/wp-json\/wp\/v2\/product_cat?post=33847"},{"taxonomy":"product_tag","embeddable":true,"href":"https:\/\/www.fivecontinentseditions.com\/fr\/wp-json\/wp\/v2\/product_tag?post=33847"}],"curies":[{"name":"wp","href":"https:\/\/api.w.org\/{rel}","templated":true}]}}