{"id":3373,"date":"2005-09-22T05:00:00","date_gmt":"2005-09-22T05:00:00","guid":{"rendered":"http:\/\/www.fivecontinentseditions.com\/prodotto\/20-years-dolce-gabbana-2\/"},"modified":"2025-04-23T15:49:55","modified_gmt":"2025-04-23T15:49:55","slug":"20-years-dolce-gabbana-2","status":"publish","type":"product","link":"https:\/\/www.fivecontinentseditions.com\/fr\/p\/20-years-dolce-gabbana-2\/","title":{"rendered":"20 Years Dolce &#038; Gabbana"},"content":{"rendered":"<p>Les couturiers italiens qui ont cr\u00e9\u00e9 un style contemporain, \u00e0l&rsquo;identit\u00e9 fortement m\u00e9diterran\u00e9enne. Un style sensuel et unique, bas\u00e9 sur la coupe et le soin extr\u00eame de la qualit\u00e9 et du d\u00e9tail. leurs cr\u00e9ations font fureur \u00e0Hollywood et parmi les vedettes de la musique, leurs v\u00eatements parlent d&rsquo;eux-m\u00eames et le message que leur style transmet est universel. Pour leur vingti\u00e8me anniversaire, Dolce &amp; Gabbana publient un luxueux volume retra\u00e7ant les moments marquants de leur histoire. Un recueil des souvenirs et des images-symbole qui ont marqu\u00e9 les \u00e9tapes de leur \u00e9volution. On y trouvera des images de photographes tels que Steven Meisel, Mario Sorrenti, Ferdinando Scianna et des mannequins du calibre de Gisele, Linda Evangelista, Isabella Rossellini et Marpessa.<\/p>\n<p><strong>Sarah Mower<\/strong>, journaliste de mode anglaise.<\/p>\n","protected":false},"excerpt":{"rendered":"<p>Les couturiers italiens qui ont cr\u00e9\u00e9 un style contemporain, \u00e0l&rsquo;identit\u00e9 fortement m\u00e9diterran\u00e9enne. Un style sensuel et unique, bas\u00e9 sur la coupe et le soin extr\u00eame de la qualit\u00e9 et du d\u00e9tail. leurs cr\u00e9ations font fureur \u00e0Hollywood et parmi les vedettes de la musique, leurs v\u00eatements parlent d&rsquo;eux-m\u00eames et le message que leur style transmet est&hellip;<\/p>\n","protected":false},"featured_media":3348,"template":"","meta":{"_acf_changed":false,"inline_featured_image":false},"product_brand":[],"product_cat":[75],"product_tag":[],"class_list":{"0":"post-3373","1":"product","2":"type-product","3":"status-publish","4":"has-post-thumbnail","6":"product_cat-mode-et-design","7":"disponibilita-si","8":"description-off","10":"first","11":"instock","12":"shipping-taxable","13":"purchasable","14":"product-type-simple"},"acf":[],"_links":{"self":[{"href":"https:\/\/www.fivecontinentseditions.com\/fr\/wp-json\/wp\/v2\/product\/3373","targetHints":{"allow":["GET"]}}],"collection":[{"href":"https:\/\/www.fivecontinentseditions.com\/fr\/wp-json\/wp\/v2\/product"}],"about":[{"href":"https:\/\/www.fivecontinentseditions.com\/fr\/wp-json\/wp\/v2\/types\/product"}],"wp:featuredmedia":[{"embeddable":true,"href":"https:\/\/www.fivecontinentseditions.com\/fr\/wp-json\/wp\/v2\/media\/3348"}],"wp:attachment":[{"href":"https:\/\/www.fivecontinentseditions.com\/fr\/wp-json\/wp\/v2\/media?parent=3373"}],"wp:term":[{"taxonomy":"product_brand","embeddable":true,"href":"https:\/\/www.fivecontinentseditions.com\/fr\/wp-json\/wp\/v2\/product_brand?post=3373"},{"taxonomy":"product_cat","embeddable":true,"href":"https:\/\/www.fivecontinentseditions.com\/fr\/wp-json\/wp\/v2\/product_cat?post=3373"},{"taxonomy":"product_tag","embeddable":true,"href":"https:\/\/www.fivecontinentseditions.com\/fr\/wp-json\/wp\/v2\/product_tag?post=3373"}],"curies":[{"name":"wp","href":"https:\/\/api.w.org\/{rel}","templated":true}]}}